{"id":88253,"date":"2026-03-26T12:37:43","date_gmt":"2026-03-26T12:37:43","guid":{"rendered":"https:\/\/skinstudio.ee\/?post_type=product&#038;p=88253"},"modified":"2026-03-26T12:42:32","modified_gmt":"2026-03-26T12:42:32","slug":"wrinkle-texture-repair","status":"publish","type":"product","link":"https:\/\/skinstudio.ee\/lv\/catalog\/zo-skin-health\/wrinkle-texture-repair\/","title":{"rendered":"Wrinkle + Texture Repair"},"content":{"rendered":"<p data-start=\"96\" data-end=\"402\"><strong data-start=\"96\" data-end=\"143\">Wrinkle + Texture Repair no ZO\u00ae SKIN HEALTH<\/strong> &#8211; intens\u012bvs pretnoveco\u0161an\u0101s kr\u0113ms ar retinolu, kas paredz\u0113ts visaptvero\u0161ai \u0101das atjauno\u0161anai un redzamu noveco\u0161an\u0101s paz\u012bmju korekcijai. Formula pal\u012bdz samazin\u0101t grumbu redzam\u012bbu, uzlabo \u0101das bl\u012bvumu un izl\u012bdzina tekst\u016bru, padarot \u0101du glud\u0101ku un vienm\u0113r\u012bg\u0101ku.<\/p>\n<p data-start=\"404\" data-end=\"655\">Kr\u0113ms atbalsta \u0101das strukt\u016bras atjauno\u0161anu, veicina atjauno\u0161an\u0101s procesus un pal\u012bdz izl\u012bdzin\u0101t \u0101das toni, samazinot pigment\u0101cijas un fotoboj\u0101jumu redzam\u012bbu. Papildus tas pal\u012bdz mazin\u0101t aps\u0101rtumu un uzlabo \u0101das komfortu, padarot to tvirt\u0101ku un kopt\u0101ku.<\/p>\n<p data-start=\"657\" data-end=\"694\"><strong data-start=\"657\" data-end=\"694\">K\u0101 darbojas galven\u0101s sast\u0101vda\u013cas?<\/strong><\/p>\n<ul data-start=\"696\" data-end=\"985\">\n<li data-section-id=\"3dgpjn\" data-start=\"696\" data-end=\"809\"><strong data-start=\"698\" data-end=\"714\">0,5% Retinol<\/strong> &#8211; pa\u0101trina \u0161\u016bnu atjauno\u0161anos, atbalsta kolag\u0113na sint\u0113zi un pal\u012bdz samazin\u0101t grumbu redzam\u012bbu<\/li>\n<li data-section-id=\"19hjr8y\" data-start=\"810\" data-end=\"894\"><strong data-start=\"812\" data-end=\"830\">ZCORE\u2122 Complex<\/strong> &#8211; pal\u012bdz uzlabot \u0101das tvirtumu un samazin\u0101t \u013cenganuma paz\u012bmes<\/li>\n<li data-section-id=\"159bp7u\" data-start=\"895\" data-end=\"985\"><strong data-start=\"897\" data-end=\"914\">ZPRO\u00ae Complex<\/strong> &#8211; atbalsta \u0101das mitrin\u0101\u0161anu un pal\u012bdz atjaunot hialuronsk\u0101bes l\u012bmeni<\/li>\n<\/ul>\n<p data-start=\"987\" data-end=\"1177\"><strong data-start=\"987\" data-end=\"1029\">Kam piem\u0113rots Wrinkle + Texture Repair<\/strong> &#8211; \u0101dai ar izteikt\u0101m noveco\u0161an\u0101s paz\u012bm\u0113m, nevienm\u0113r\u012bgu tekst\u016bru, samazin\u0101tu tvirtumu un pigment\u0101ciju, k\u0101 ar\u012b visaptvero\u0161ai pretnoveco\u0161an\u0101s kop\u0161anai.<\/p>\n<p data-start=\"1179\" data-end=\"1197\"><strong data-start=\"1179\" data-end=\"1197\">Tilpums: 50 ml<\/strong><\/p>\n","protected":false},"excerpt":{"rendered":"<p data-start=\"1452\" data-end=\"1657\"><span style=\"color: #ff0000;\">NB! Produktu iesp\u0113jams ieg\u0101d\u0101ties p\u0113c konsult\u0101cijas ar speci\u0101listu. Zvaniet pa t\u0101lruni +372 58 500 171 vai atst\u0101jiet piepras\u012bjumu <a class=\"decorated-link cursor-pointer\" style=\"color: #ff0000;\" href=\"mailto:info@skinstudio.ee\" rel=\"noopener\" data-start=\"1582\" data-end=\"1600\">info@skinstudio.ee<\/a>. M\u016bsu konsultanti pal\u012bdz\u0113s ar \u0161\u012b z\u012bmola produktu ieg\u0101di.<\/span><\/p>\n<p data-start=\"1659\" data-end=\"1692\">Pretnoveco\u0161an\u0101s kr\u0113ms ar retinolu<\/p>\n<h2 data-start=\"1694\" data-end=\"1749\"><strong data-start=\"1694\" data-end=\"1749\">\u012apa\u0161\u012bbas ZO\u00ae SKIN HEALTH &#8211; Wrinkle + Texture Repair<\/strong><\/h2>\n<p data-start=\"1751\" data-end=\"1942\">\u2714\ufe0f Samazina grumbu redzam\u012bbu<br data-start=\"1779\" data-end=\"1782\" \/>\u2714\ufe0f Uzlabo \u0101das tvirtumu un bl\u012bvumu<br data-start=\"1816\" data-end=\"1819\" \/>\u2714\ufe0f Izl\u012bdzina \u0101das tekst\u016bru un toni<br data-start=\"1853\" data-end=\"1856\" \/>\u2714\ufe0f Pal\u012bdz samazin\u0101t pigment\u0101cijas redzam\u012bbu<br data-start=\"1899\" data-end=\"1902\" \/>\u2714\ufe0f Veicina intens\u012bvu \u0101das atjauno\u0161anos<\/p>\n","protected":false},"featured_media":88234,"template":"","meta":[],"pwb-brand":[1186],"product_brand":[],"product_cat":[727,749,751,723,1161],"product_tag":[],"giftcard-category":[],"class_list":{"0":"post-88253","1":"product","2":"type-product","3":"status-publish","4":"has-post-thumbnail","6":"pwb-brand-zo-skin-health","7":"product_cat-a-vitamins-retinols","8":"product_cat-novecojosa-ada","9":"product_cat-pigmentacija-lv","10":"product_cat-serumi","11":"product_cat-zo-skin-health-lv","13":"first","14":"instock","15":"sale","16":"taxable","17":"shipping-taxable","18":"purchasable","19":"product-type-simple"},"acf":[],"brands":[{"id":1186,"name":"ZO\u00ae SKIN HEALTH","slug":"zo-skin-health"}],"_links":{"self":[{"href":"https:\/\/skinstudio.ee\/lv\/wp-json\/wp\/v2\/product\/88253","targetHints":{"allow":["GET"]}}],"collection":[{"href":"https:\/\/skinstudio.ee\/lv\/wp-json\/wp\/v2\/product"}],"about":[{"href":"https:\/\/skinstudio.ee\/lv\/wp-json\/wp\/v2\/types\/product"}],"version-history":[{"count":1,"href":"https:\/\/skinstudio.ee\/lv\/wp-json\/wp\/v2\/product\/88253\/revisions"}],"predecessor-version":[{"id":88254,"href":"https:\/\/skinstudio.ee\/lv\/wp-json\/wp\/v2\/product\/88253\/revisions\/88254"}],"wp:featuredmedia":[{"embeddable":true,"href":"https:\/\/skinstudio.ee\/lv\/wp-json\/wp\/v2\/media\/88234"}],"wp:attachment":[{"href":"https:\/\/skinstudio.ee\/lv\/wp-json\/wp\/v2\/media?parent=88253"}],"wp:term":[{"taxonomy":"pwb-brand","embeddable":true,"href":"https:\/\/skinstudio.ee\/lv\/wp-json\/wp\/v2\/pwb-brand?post=88253"},{"taxonomy":"product_brand","embeddable":true,"href":"https:\/\/skinstudio.ee\/lv\/wp-json\/wp\/v2\/product_brand?post=88253"},{"taxonomy":"product_cat","embeddable":true,"href":"https:\/\/skinstudio.ee\/lv\/wp-json\/wp\/v2\/product_cat?post=88253"},{"taxonomy":"product_tag","embeddable":true,"href":"https:\/\/skinstudio.ee\/lv\/wp-json\/wp\/v2\/product_tag?post=88253"},{"taxonomy":"giftcard-category","embeddable":true,"href":"https:\/\/skinstudio.ee\/lv\/wp-json\/wp\/v2\/giftcard-category?post=88253"}],"curies":[{"name":"wp","href":"https:\/\/api.w.org\/{rel}","templated":true}]}}