{"id":88274,"date":"2026-03-26T12:49:39","date_gmt":"2026-03-26T12:49:39","guid":{"rendered":"https:\/\/skinstudio.ee\/?post_type=product&#038;p=88274"},"modified":"2026-03-26T12:52:53","modified_gmt":"2026-03-26T12:52:53","slug":"radical-night-repair","status":"publish","type":"product","link":"https:\/\/skinstudio.ee\/lv\/catalog\/zo-skin-health-lv\/radical-night-repair\/","title":{"rendered":"Radical Night Repair"},"content":{"rendered":"<p data-start=\"80\" data-end=\"429\"><strong data-start=\"80\" data-end=\"123\">Radical Night Repair no ZO\u00ae SKIN HEALTH<\/strong> &#8211; augstas iedarb\u012bbas nakts kr\u0113ms ar 1% retinolu, kas paredz\u0113ts intens\u012bvai \u0101das atjauno\u0161anai un izteiktu noveco\u0161an\u0101s paz\u012bmju korekcijai. Formula dzi\u013ci iedarbojas uz \u0101das strukt\u016bru, pal\u012bdzot iev\u0113rojami samazin\u0101t grumbu redzam\u012bbu, uzlabot \u0101das bl\u012bvumu un izl\u012bdzin\u0101t tekst\u016bru, padarot \u0101du glud\u0101ku un tvirt\u0101ku.<\/p>\n<p data-start=\"431\" data-end=\"721\">L\u012bdzeklis nodro\u0161ina maksim\u0101lu \u0101das atjauno\u0161anos, uzlabo toni un samazina pigment\u0101cijas redzam\u012bbu, vienlaikus pal\u012bdzot saglab\u0101t l\u012bdzsvaru un mazin\u0101t aps\u0101rtumu. Akt\u012bvo komponentu komplekss pastiprina antioksidantu aizsardz\u012bbu un pal\u012bdz \u0101dai lab\u0101k piel\u0101goties augstas koncentr\u0101cijas retinolam.<\/p>\n<p data-start=\"723\" data-end=\"760\"><strong data-start=\"723\" data-end=\"760\">K\u0101 darbojas galven\u0101s sast\u0101vda\u013cas?<\/strong><\/p>\n<ul data-start=\"762\" data-end=\"1185\">\n<li data-section-id=\"1lazp6e\" data-start=\"762\" data-end=\"894\"><strong data-start=\"764\" data-end=\"791\">1% Encapsulated Retinol<\/strong> &#8211; intens\u012bvi stimul\u0113 \u0161\u016bnu atjauno\u0161anos, iev\u0113rojami samazina grumbu dzi\u013cumu un izl\u012bdzina \u0101das tekst\u016bru<\/li>\n<li data-section-id=\"1vljx8e\" data-start=\"895\" data-end=\"1036\"><strong data-start=\"897\" data-end=\"958\">Antioxidant Complex (Vitamins C, E, A + plant stem cells)<\/strong> &#8211; nodro\u0161ina sp\u0113c\u012bgu antioksidantu aizsardz\u012bbu un atbalsta \u0101das atjauno\u0161anos<\/li>\n<li data-section-id=\"zq29tq\" data-start=\"1037\" data-end=\"1185\"><strong data-start=\"1039\" data-end=\"1114\">Soothing &amp; Barrier Support Complex (Zanthoxylum Bungeanum + plant oils)<\/strong> &#8211; pal\u012bdz mazin\u0101t aps\u0101rtumu, stiprina \u0101das barjeru un uzlabo komfortu<\/li>\n<\/ul>\n<p data-start=\"1187\" data-end=\"1370\"><strong data-start=\"1187\" data-end=\"1225\">Kam piem\u0113rots Radical Night Repair<\/strong> &#8211; \u0101dai ar izteikt\u0101m noveco\u0161an\u0101s paz\u012bm\u0113m, nevienm\u0113r\u012bgu tekst\u016bru, samazin\u0101tu tvirtumu un pigment\u0101ciju, k\u0101 ar\u012b pieredz\u0113ju\u0161iem retinola lietot\u0101jiem.<\/p>\n<p data-start=\"1372\" data-end=\"1390\"><strong data-start=\"1372\" data-end=\"1390\">Tilpums: 60 ml<\/strong><\/p>\n","protected":false},"excerpt":{"rendered":"<p data-start=\"1688\" data-end=\"1893\"><span style=\"color: #ff0000;\"><strong>NB!<\/strong> Produktu iesp\u0113jams ieg\u0101d\u0101ties p\u0113c konsult\u0101cijas ar speci\u0101listu. Zvaniet pa t\u0101lruni +372 58 500 171 vai atst\u0101jiet piepras\u012bjumu <a class=\"decorated-link cursor-pointer\" style=\"color: #ff0000;\" href=\"mailto:info@skinstudio.ee\" rel=\"noopener\" data-start=\"1818\" data-end=\"1836\">info@skinstudio.ee<\/a>. M\u016bsu konsultanti pal\u012bdz\u0113s ar \u0161\u012b z\u012bmola produktu ieg\u0101di.<\/span><\/p>\n<p data-start=\"1895\" data-end=\"1925\">Intens\u012bvs retinola nakts kr\u0113ms<\/p>\n<h2 data-start=\"1927\" data-end=\"1978\"><strong data-start=\"1927\" data-end=\"1978\">\u012apa\u0161\u012bbas ZO\u00ae SKIN HEALTH &#8211; Radical Night Repair<\/strong><\/h2>\n<p data-start=\"1980\" data-end=\"2162\">\u2714\ufe0f Iev\u0113rojami samazina grumbu dzi\u013cumu<br data-start=\"2017\" data-end=\"2020\" \/>\u2714\ufe0f Pa\u0101trina \u0101das atjauno\u0161anos<br data-start=\"2049\" data-end=\"2052\" \/>\u2714\ufe0f Izl\u012bdzina tekst\u016bru un toni<br data-start=\"2081\" data-end=\"2084\" \/>\u2714\ufe0f Uzlabo \u0101das tvirtumu un bl\u012bvumu<br data-start=\"2118\" data-end=\"2121\" \/>\u2714\ufe0f Pastiprina antioksidantu aizsardz\u012bbu<\/p>\n","protected":false},"featured_media":88266,"template":"","meta":[],"pwb-brand":[1186],"product_brand":[],"product_cat":[727,749,751,723,1161],"product_tag":[],"giftcard-category":[],"class_list":{"0":"post-88274","1":"product","2":"type-product","3":"status-publish","4":"has-post-thumbnail","6":"pwb-brand-zo-skin-health-lv","7":"product_cat-a-vitamins-retinols","8":"product_cat-novecojosa-ada","9":"product_cat-pigmentacija-lv","10":"product_cat-serumi","11":"product_cat-zo-skin-health-lv","13":"first","14":"instock","15":"sale","16":"taxable","17":"shipping-taxable","18":"purchasable","19":"product-type-simple"},"acf":[],"brands":[{"id":1186,"name":"ZO\u00ae SKIN HEALTH","slug":"zo-skin-health-lv"}],"_links":{"self":[{"href":"https:\/\/skinstudio.ee\/lv\/wp-json\/wp\/v2\/product\/88274","targetHints":{"allow":["GET"]}}],"collection":[{"href":"https:\/\/skinstudio.ee\/lv\/wp-json\/wp\/v2\/product"}],"about":[{"href":"https:\/\/skinstudio.ee\/lv\/wp-json\/wp\/v2\/types\/product"}],"version-history":[{"count":1,"href":"https:\/\/skinstudio.ee\/lv\/wp-json\/wp\/v2\/product\/88274\/revisions"}],"predecessor-version":[{"id":88275,"href":"https:\/\/skinstudio.ee\/lv\/wp-json\/wp\/v2\/product\/88274\/revisions\/88275"}],"wp:featuredmedia":[{"embeddable":true,"href":"https:\/\/skinstudio.ee\/lv\/wp-json\/wp\/v2\/media\/88266"}],"wp:attachment":[{"href":"https:\/\/skinstudio.ee\/lv\/wp-json\/wp\/v2\/media?parent=88274"}],"wp:term":[{"taxonomy":"pwb-brand","embeddable":true,"href":"https:\/\/skinstudio.ee\/lv\/wp-json\/wp\/v2\/pwb-brand?post=88274"},{"taxonomy":"product_brand","embeddable":true,"href":"https:\/\/skinstudio.ee\/lv\/wp-json\/wp\/v2\/product_brand?post=88274"},{"taxonomy":"product_cat","embeddable":true,"href":"https:\/\/skinstudio.ee\/lv\/wp-json\/wp\/v2\/product_cat?post=88274"},{"taxonomy":"product_tag","embeddable":true,"href":"https:\/\/skinstudio.ee\/lv\/wp-json\/wp\/v2\/product_tag?post=88274"},{"taxonomy":"giftcard-category","embeddable":true,"href":"https:\/\/skinstudio.ee\/lv\/wp-json\/wp\/v2\/giftcard-category?post=88274"}],"curies":[{"name":"wp","href":"https:\/\/api.w.org\/{rel}","templated":true}]}}