{"id":88323,"date":"2026-03-26T13:28:25","date_gmt":"2026-03-26T13:28:25","guid":{"rendered":"https:\/\/skinstudio.ee\/?post_type=product&#038;p=88323"},"modified":"2026-03-26T13:31:01","modified_gmt":"2026-03-26T13:31:01","slug":"retinol-skin-brightener","status":"publish","type":"product","link":"https:\/\/skinstudio.ee\/lv\/catalog\/zo-skin-health-lv\/retinol-skin-brightener\/","title":{"rendered":"Retinol Skin Brightener"},"content":{"rendered":"<p data-start=\"64\" data-end=\"388\"><strong data-start=\"64\" data-end=\"110\">Retinol Skin Brightener no ZO\u00ae SKIN HEALTH<\/strong> &#8211; izgaismojo\u0161s kr\u0113ms ar retinolu tr\u012bs koncentr\u0101cij\u0101s (0,25%, 0,5%, 1%), kas paredz\u0113ts \u0101das atjauno\u0161anai, to\u0146a izl\u012bdzin\u0101\u0161anai un pigment\u0101cijas korekcijai. Pak\u0101peniski atbr\u012bvojo\u0161s retinols nodro\u0161ina kontrol\u0113tu iedarb\u012bbu, uzlabo \u0101das tekst\u016bru un padara to glud\u0101ku un vienm\u0113r\u012bg\u0101ku.<\/p>\n<p data-start=\"390\" data-end=\"656\">L\u012bdzeklis akt\u012bvi darbojas ar \u0101das toni, pal\u012bdz samazin\u0101t eso\u0161\u0101s pigment\u0101cijas redzam\u012bbu un nov\u0113r\u0161 jaunu plankumu veido\u0161anos. Pak\u0101peniska retinola atbr\u012bvo\u0161an\u0101s nodro\u0161ina redzamus rezult\u0101tus bez p\u0101rm\u0113r\u012bga stresa \u0101dai, uzlabojot panes\u012bbu ar\u012b regul\u0101ras lieto\u0161anas laik\u0101.<\/p>\n<p data-start=\"658\" data-end=\"852\">Papildus formula atbalsta antioksidantu aizsardz\u012bbu, pal\u012bdz \u0101dai izskat\u012bties svaig\u0101kai un vienm\u0113r\u012bg\u0101kai, k\u0101 ar\u012b uzlabo kop\u0113jo \u0101das kvalit\u0101ti &#8211; no tekst\u016bras l\u012bdz vizu\u0101lajam bl\u012bvumam un mirdzumam.<\/p>\n<p data-start=\"854\" data-end=\"891\"><strong data-start=\"854\" data-end=\"891\">K\u0101 darbojas galven\u0101s sast\u0101vda\u013cas?<\/strong><\/p>\n<ul data-start=\"893\" data-end=\"1286\">\n<li data-section-id=\"xue88c\" data-start=\"893\" data-end=\"1039\"><strong data-start=\"895\" data-end=\"939\">Encapsulated Retinol (0,25% \/ 0,5% \/ 1%)<\/strong> &#8211; pa\u0101trina \u0101das atjauno\u0161anos, uzlabo tekst\u016bru, samazina pigment\u0101cijas redzam\u012bbu un izl\u012bdzina toni<\/li>\n<li data-section-id=\"1gp3sn0\" data-start=\"1040\" data-end=\"1120\"><strong data-start=\"1042\" data-end=\"1055\">Bakuchiol<\/strong> &#8211; nomierina \u0101du, samazina reakciju un uzlabo retinola panes\u012bbu<\/li>\n<li data-section-id=\"3mqxh9\" data-start=\"1121\" data-end=\"1286\"><strong data-start=\"1123\" data-end=\"1203\">Brightening Complex (Ascorbyl Glucoside + Acetyl Glucosamine + antioxidants)<\/strong> &#8211; pal\u012bdz izgaismot \u0101du, izl\u012bdzin\u0101t toni un pastiprin\u0101t antioksidantu aizsardz\u012bbu<\/li>\n<\/ul>\n<p data-start=\"1288\" data-end=\"1466\"><strong data-start=\"1288\" data-end=\"1329\">Kam piem\u0113rots Retinol Skin Brightener<\/strong> &#8211; \u0101dai ar nevienm\u0113r\u012bgu toni, pigment\u0101ciju un bl\u0101vu izskatu, k\u0101 ar\u012b pak\u0101peniskai retinola ievie\u0161anai ar iesp\u0113ju izv\u0113l\u0113ties koncentr\u0101ciju.<\/p>\n<p data-start=\"1468\" data-end=\"1486\"><strong data-start=\"1468\" data-end=\"1486\">Tilpums: 50 ml<\/strong><\/p>\n","protected":false},"excerpt":{"rendered":"<p data-start=\"1784\" data-end=\"1989\"><span style=\"color: #ff0000;\"><strong>NB!<\/strong> Produktu iesp\u0113jams ieg\u0101d\u0101ties p\u0113c konsult\u0101cijas ar speci\u0101listu. Zvaniet pa t\u0101lruni +372 58 500 171 vai atst\u0101jiet piepras\u012bjumu <a class=\"decorated-link cursor-pointer\" style=\"color: #ff0000;\" href=\"mailto:info@skinstudio.ee\" rel=\"noopener\" data-start=\"1914\" data-end=\"1932\">info@skinstudio.ee<\/a>. M\u016bsu konsultanti pal\u012bdz\u0113s ar \u0161\u012b z\u012bmola produktu ieg\u0101di.<\/span><\/p>\n<p data-start=\"1991\" data-end=\"2021\">Izgaismojo\u0161s kr\u0113ms ar retinolu<\/p>\n<h2 data-start=\"2023\" data-end=\"2077\"><strong data-start=\"2023\" data-end=\"2077\">\u012apa\u0161\u012bbas ZO\u00ae SKIN HEALTH &#8211; Retinol Skin Brightener<\/strong><\/h2>\n<p data-start=\"2079\" data-end=\"2280\">\u2714\ufe0f Izl\u012bdzina toni un mazina bl\u0101vumu<br data-start=\"2114\" data-end=\"2117\" \/>\u2714\ufe0f Iedarbojas uz pigment\u0101ciju un plankumiem<br data-start=\"2160\" data-end=\"2163\" \/>\u2714\ufe0f Padara \u0101du redzami glud\u0101ku<br data-start=\"2192\" data-end=\"2195\" \/>\u2714\ufe0f Pak\u0101peniski pastiprina \u0101das atjauno\u0161anos<br data-start=\"2238\" data-end=\"2241\" \/>\u2714\ufe0f Palielina mirdzumu un vienm\u0113r\u012bgumu<\/p>\n","protected":false},"featured_media":88287,"template":"","meta":[],"pwb-brand":[1186],"product_brand":[],"product_cat":[727,749,751,723,1161],"product_tag":[],"giftcard-category":[],"class_list":{"0":"post-88323","1":"product","2":"type-product","3":"status-publish","4":"has-post-thumbnail","6":"pwb-brand-zo-skin-health-lv","7":"product_cat-a-vitamins-retinols","8":"product_cat-novecojosa-ada","9":"product_cat-pigmentacija-lv","10":"product_cat-serumi","11":"product_cat-zo-skin-health-lv","13":"first","14":"instock","15":"sale","16":"taxable","17":"shipping-taxable","18":"purchasable","19":"product-type-variable"},"acf":[],"brands":[{"id":1186,"name":"ZO\u00ae SKIN HEALTH","slug":"zo-skin-health-lv"}],"_links":{"self":[{"href":"https:\/\/skinstudio.ee\/lv\/wp-json\/wp\/v2\/product\/88323","targetHints":{"allow":["GET"]}}],"collection":[{"href":"https:\/\/skinstudio.ee\/lv\/wp-json\/wp\/v2\/product"}],"about":[{"href":"https:\/\/skinstudio.ee\/lv\/wp-json\/wp\/v2\/types\/product"}],"version-history":[{"count":1,"href":"https:\/\/skinstudio.ee\/lv\/wp-json\/wp\/v2\/product\/88323\/revisions"}],"predecessor-version":[{"id":88327,"href":"https:\/\/skinstudio.ee\/lv\/wp-json\/wp\/v2\/product\/88323\/revisions\/88327"}],"wp:featuredmedia":[{"embeddable":true,"href":"https:\/\/skinstudio.ee\/lv\/wp-json\/wp\/v2\/media\/88287"}],"wp:attachment":[{"href":"https:\/\/skinstudio.ee\/lv\/wp-json\/wp\/v2\/media?parent=88323"}],"wp:term":[{"taxonomy":"pwb-brand","embeddable":true,"href":"https:\/\/skinstudio.ee\/lv\/wp-json\/wp\/v2\/pwb-brand?post=88323"},{"taxonomy":"product_brand","embeddable":true,"href":"https:\/\/skinstudio.ee\/lv\/wp-json\/wp\/v2\/product_brand?post=88323"},{"taxonomy":"product_cat","embeddable":true,"href":"https:\/\/skinstudio.ee\/lv\/wp-json\/wp\/v2\/product_cat?post=88323"},{"taxonomy":"product_tag","embeddable":true,"href":"https:\/\/skinstudio.ee\/lv\/wp-json\/wp\/v2\/product_tag?post=88323"},{"taxonomy":"giftcard-category","embeddable":true,"href":"https:\/\/skinstudio.ee\/lv\/wp-json\/wp\/v2\/giftcard-category?post=88323"}],"curies":[{"name":"wp","href":"https:\/\/api.w.org\/{rel}","templated":true}]}}