{"id":88686,"date":"2026-03-28T10:18:49","date_gmt":"2026-03-28T10:18:49","guid":{"rendered":"https:\/\/skinstudio.ee\/?post_type=product&#038;p=88686"},"modified":"2026-03-28T10:27:24","modified_gmt":"2026-03-28T10:27:24","slug":"vibrant-c-rx-kit","status":"publish","type":"product","link":"https:\/\/skinstudio.ee\/lv\/catalog\/hydropeptide-lv\/vibrant-c-rx-kit\/","title":{"rendered":"Vibrant-C RX Kit"},"content":{"rendered":"<p data-start=\"76\" data-end=\"385\"><strong data-start=\"76\" data-end=\"112\">Vibrant-C RX Kit no HydroPeptide<\/strong> &#8211; profesion\u0101ls izgaismojo\u0161s komplekts ar C vitam\u012bnu, kas paredz\u0113ts \u0101das to\u0146a izl\u012bdzin\u0101\u0161anai, pigment\u0101cijas samazin\u0101\u0161anai un dabisk\u0101 mirdzuma pastiprin\u0101\u0161anai. Sist\u0113ma apvieno intens\u012bvu C vitam\u012bna masku un LumaPro-C serumu, nodro\u0161inot gan t\u016bl\u012bt\u0113ju, gan ilgtermi\u0146a rezult\u0101tu.<\/p>\n<p data-start=\"387\" data-end=\"706\">Komplekts darbojas k\u0101 divpak\u0101pju programma: maska sniedz t\u016bl\u012bt\u0113ju izgaismojo\u0161u efektu un atsvaidzina \u0101du, savuk\u0101rt serums turpina iedarboties uz pigment\u0101ciju ikdienas kop\u0161an\u0101, pal\u012bdzot nostiprin\u0101t un pastiprin\u0101t rezult\u0101tu. Formula uzlabo kop\u0113jo \u0101das kvalit\u0101ti &#8211; no to\u0146a vienm\u0113r\u012bguma l\u012bdz vizu\u0101lajai t\u012br\u012bbai un gludumam.<\/p>\n<p data-start=\"708\" data-end=\"745\"><strong data-start=\"708\" data-end=\"745\">K\u0101 darbojas galven\u0101s sast\u0101vda\u013cas?<\/strong><\/p>\n<ul data-start=\"747\" data-end=\"1128\">\n<li data-section-id=\"1dzp456\" data-start=\"747\" data-end=\"880\"><strong data-start=\"749\" data-end=\"801\">Vitamin C (L-Ascorbic Acid + stable derivatives)<\/strong> &#8211; intens\u012bvi izgaismo \u0101du, izl\u012bdzina toni un samazina pigment\u0101cijas redzam\u012bbu<\/li>\n<li data-section-id=\"196uruz\" data-start=\"881\" data-end=\"1024\"><strong data-start=\"883\" data-end=\"932\">Niacinamide + Tranexamic Acid + Alpha Arbutin<\/strong> &#8211; m\u0113r\u0137tiec\u012bgi iedarbojas uz hiperpigment\u0101ciju un pal\u012bdz nov\u0113rst t\u0101s atk\u0101rtotu par\u0101d\u012b\u0161anos<\/li>\n<li data-section-id=\"63nmb0\" data-start=\"1025\" data-end=\"1128\"><strong data-start=\"1027\" data-end=\"1066\">Licorice Root + antioxidant complex<\/strong> &#8211; pastiprina izgaismojo\u0161o efektu un palielina \u0101das mirdzumu<\/li>\n<\/ul>\n<p data-start=\"1130\" data-end=\"1298\"><strong data-start=\"1130\" data-end=\"1164\">Kam piem\u0113rots Vibrant-C RX Kit<\/strong> &#8211; \u0101dai ar pigment\u0101ciju, nevienm\u0113r\u012bgu toni un bl\u0101vu izskatu, k\u0101 ar\u012b intens\u012bvai izgaismojo\u0161ai kop\u0161anai ar t\u016bl\u012bt\u0113ju un uzkr\u0101jo\u0161u efektu.<\/p>\n<p data-start=\"1300\" data-end=\"1333\"><strong data-start=\"1300\" data-end=\"1333\">Tilpums: 30 ml + 4 proced\u016bras<\/strong><\/p>\n","protected":false},"excerpt":{"rendered":"<p data-start=\"2145\" data-end=\"2178\">Izgaismojo\u0161s C vitam\u012bna komplekts<\/p>\n<h2 data-start=\"2180\" data-end=\"2224\"><strong data-start=\"2180\" data-end=\"2224\">\u012apa\u0161\u012bbas HydroPeptide &#8211; Vibrant-C RX Kit<\/strong><\/h2>\n<p data-start=\"2226\" data-end=\"2403\">\u2714\ufe0f Samazina redzamu hiperpigment\u0101ciju<br data-start=\"2263\" data-end=\"2266\" \/>\u2714\ufe0f Izl\u012bdzina un uzlabo \u0101das toni<br data-start=\"2298\" data-end=\"2301\" \/>\u2714\ufe0f Pastiprina dabisko \u0101das mirdzumu<br data-start=\"2336\" data-end=\"2339\" \/>\u2714\ufe0f Pal\u012bdz nov\u0113rst jaunu pigment\u0101ciju<br data-start=\"2375\" data-end=\"2378\" \/>\u2714\ufe0f Uzlabo \u0101das tekst\u016bru<\/p>\n","protected":false},"featured_media":88673,"template":"","meta":[],"pwb-brand":[1211],"product_brand":[],"product_cat":[729,764,1406,755,751],"product_tag":[],"giftcard-category":[],"class_list":{"0":"post-88686","1":"product","2":"type-product","3":"status-publish","4":"has-post-thumbnail","6":"pwb-brand-hydropeptide-lv","7":"product_cat-c-vitamins","8":"product_cat-davanu-ideja","9":"product_cat-jaunumi","10":"product_cat-komplekts","11":"product_cat-pigmentacija-lv","13":"first","14":"instock","15":"sale","16":"taxable","17":"shipping-taxable","18":"purchasable","19":"product-type-simple"},"acf":[],"brands":[{"id":1211,"name":"HydroPeptide","slug":"hydropeptide-lv"}],"_links":{"self":[{"href":"https:\/\/skinstudio.ee\/lv\/wp-json\/wp\/v2\/product\/88686","targetHints":{"allow":["GET"]}}],"collection":[{"href":"https:\/\/skinstudio.ee\/lv\/wp-json\/wp\/v2\/product"}],"about":[{"href":"https:\/\/skinstudio.ee\/lv\/wp-json\/wp\/v2\/types\/product"}],"version-history":[{"count":2,"href":"https:\/\/skinstudio.ee\/lv\/wp-json\/wp\/v2\/product\/88686\/revisions"}],"predecessor-version":[{"id":88688,"href":"https:\/\/skinstudio.ee\/lv\/wp-json\/wp\/v2\/product\/88686\/revisions\/88688"}],"wp:featuredmedia":[{"embeddable":true,"href":"https:\/\/skinstudio.ee\/lv\/wp-json\/wp\/v2\/media\/88673"}],"wp:attachment":[{"href":"https:\/\/skinstudio.ee\/lv\/wp-json\/wp\/v2\/media?parent=88686"}],"wp:term":[{"taxonomy":"pwb-brand","embeddable":true,"href":"https:\/\/skinstudio.ee\/lv\/wp-json\/wp\/v2\/pwb-brand?post=88686"},{"taxonomy":"product_brand","embeddable":true,"href":"https:\/\/skinstudio.ee\/lv\/wp-json\/wp\/v2\/product_brand?post=88686"},{"taxonomy":"product_cat","embeddable":true,"href":"https:\/\/skinstudio.ee\/lv\/wp-json\/wp\/v2\/product_cat?post=88686"},{"taxonomy":"product_tag","embeddable":true,"href":"https:\/\/skinstudio.ee\/lv\/wp-json\/wp\/v2\/product_tag?post=88686"},{"taxonomy":"giftcard-category","embeddable":true,"href":"https:\/\/skinstudio.ee\/lv\/wp-json\/wp\/v2\/giftcard-category?post=88686"}],"curies":[{"name":"wp","href":"https:\/\/api.w.org\/{rel}","templated":true}]}}