{"id":88704,"date":"2026-03-28T11:29:50","date_gmt":"2026-03-28T11:29:50","guid":{"rendered":"https:\/\/skinstudio.ee\/?post_type=product&#038;p=88704"},"modified":"2026-03-28T11:36:47","modified_gmt":"2026-03-28T11:36:47","slug":"hydroluxe-oxygen-facial","status":"publish","type":"product","link":"https:\/\/skinstudio.ee\/lv\/catalog\/hydropeptide-lv\/hydroluxe-oxygen-facial\/","title":{"rendered":"HydroLuxe Oxygen Facial"},"content":{"rendered":"<p data-start=\"96\" data-end=\"409\"><strong data-start=\"96\" data-end=\"139\">HydroLuxe Oxygen Facial no HydroPeptide<\/strong> &#8211; profesion\u0101la sk\u0101bek\u013ca proced\u016bra, kas paredz\u0113ta \u0101das atjauno\u0161anai, mirdzuma pastiprin\u0101\u0161anai un kop\u0113j\u0101s kvalit\u0101tes uzlabo\u0161anai. Daudzpak\u0101pju sist\u0113ma apvieno att\u012br\u012b\u0161anu, eksfoli\u0101ciju, oksigen\u0101ciju un intens\u012bvu kop\u0161anu, nodro\u0161inot redzamu rezult\u0101tu uzreiz p\u0113c lieto\u0161anas.<\/p>\n<p data-start=\"411\" data-end=\"657\">Proced\u016bra darbojas vair\u0101kos l\u012bme\u0146os: dzi\u013ci att\u012bra \u0101du, maigi noloba, bag\u0101tina ar sk\u0101bekli un akt\u012bvaj\u0101m viel\u0101m, uzlabojot mikrocirkul\u0101ciju un vizu\u0101lo \u0101das bl\u012bvumu. Rezult\u0101t\u0101 \u0101da k\u013c\u016bst glud\u0101ka, svaig\u0101ka un starojo\u0161\u0101ka, ar uzlabotu tekst\u016bru un toni.<\/p>\n<p data-start=\"659\" data-end=\"852\">Sist\u0113mu iesp\u0113jams piel\u0101got da\u017e\u0101d\u0101m \u0101das vajadz\u012bb\u0101m, tostarp bl\u0101vumam, pigment\u0101cijai, dehidrat\u0101cijai un nevienm\u0113r\u012bgai tekst\u016brai. Piem\u0113rota visiem \u0101das tipiem k\u0101 ekspresproced\u016bra vai kursa veid\u0101.<\/p>\n<p data-start=\"854\" data-end=\"891\"><strong data-start=\"854\" data-end=\"891\">K\u0101 darbojas galven\u0101s sast\u0101vda\u013cas?<\/strong><\/p>\n<ul data-start=\"893\" data-end=\"1179\">\n<li data-section-id=\"e6k7p9\" data-start=\"893\" data-end=\"1022\"><strong data-start=\"895\" data-end=\"941\">Oxygenation Complex (O2 Cream + O2 Active)<\/strong> &#8211; bag\u0101tina \u0101du ar sk\u0101bekli, uzlabo mikrocirkul\u0101ciju un palielina \u0101das mirdzumu<\/li>\n<li data-section-id=\"wsvszy\" data-start=\"1023\" data-end=\"1102\"><strong data-start=\"1025\" data-end=\"1059\">Vitamin C + exfoliating system<\/strong> &#8211; izl\u012bdzina \u0101das toni un uzlabo tekst\u016bru<\/li>\n<li data-section-id=\"1yaj3dd\" data-start=\"1103\" data-end=\"1179\"><strong data-start=\"1105\" data-end=\"1137\">Peptides + hydration complex<\/strong> &#8211; atbalsta \u0101das tvirtumu un mitrin\u0101\u0161anu<\/li>\n<\/ul>\n<p data-start=\"1181\" data-end=\"1372\"><strong data-start=\"1181\" data-end=\"1222\">Kam piem\u0113rots HydroLuxe Oxygen Facial<\/strong> &#8211; bl\u0101vai \u0101dai, nevienm\u0113r\u012bgam tonim, noguruma paz\u012bm\u0113m, dehidrat\u0101cijai un samazin\u0101tai tvirt\u012bbai, k\u0101 ar\u012b k\u0101 ekspresproced\u016bra pirms svar\u012bgiem notikumiem.<\/p>\n<p data-start=\"1374\" data-end=\"1725\"><strong data-start=\"1374\" data-end=\"1725\">Tilpums: <\/strong>Cleansing Gel 30 ml, Polish &amp; Plump Peel (Step 1: Polishing Crystals 15 ml, Step 2: Plumping Activator 10 ml), Firming Vitamin C Mask (1 proced\u016bra), Solar Defense Tinted 1 ml, Solar Dew 1 ml, Eye Authority 1 ml, Power Lift 1 ml, Power Serum 1 ml, O2 Cream Intensive Brightening Treatment 7 g, O2 Active Intensive Brightening Treatment 7 g<\/p>\n","protected":false},"excerpt":{"rendered":"<p data-start=\"2836\" data-end=\"2878\">Sk\u0101bek\u013ca profesion\u0101lais kop\u0161anas komplekts<\/p>\n<h2 data-start=\"2880\" data-end=\"2931\"><strong data-start=\"2880\" data-end=\"2931\">\u012apa\u0161\u012bbas HydroPeptide &#8211; HydroLuxe Oxygen Facial<\/strong><\/h2>\n<p data-start=\"2933\" data-end=\"3110\">\u2714\ufe0f Palielina \u0101das redzamo mirdzumu<br data-start=\"2967\" data-end=\"2970\" \/>\u2714\ufe0f Uzlabo tekst\u016bru un izl\u012bdzina toni<br data-start=\"3006\" data-end=\"3009\" \/>\u2714\ufe0f Uzlabo \u0101das vizu\u0101lo bl\u012bvumu<br data-start=\"3039\" data-end=\"3042\" \/>\u2714\ufe0f Paaugstina mitrin\u0101\u0161anas l\u012bmeni<br data-start=\"3075\" data-end=\"3078\" \/>\u2714\ufe0f Pie\u0161\u0137ir \u0101dai svaigu izskatu<\/p>\n","protected":false},"featured_media":88695,"template":"","meta":[],"pwb-brand":[1211],"product_brand":[],"product_cat":[764,1406,755],"product_tag":[],"giftcard-category":[],"class_list":{"0":"post-88704","1":"product","2":"type-product","3":"status-publish","4":"has-post-thumbnail","6":"pwb-brand-hydropeptide-lv","7":"product_cat-davanu-ideja","8":"product_cat-jaunumi","9":"product_cat-komplekts","11":"first","12":"instock","13":"taxable","14":"shipping-taxable","15":"purchasable","16":"product-type-simple"},"acf":[],"brands":[{"id":1211,"name":"HydroPeptide","slug":"hydropeptide-lv"}],"_links":{"self":[{"href":"https:\/\/skinstudio.ee\/lv\/wp-json\/wp\/v2\/product\/88704","targetHints":{"allow":["GET"]}}],"collection":[{"href":"https:\/\/skinstudio.ee\/lv\/wp-json\/wp\/v2\/product"}],"about":[{"href":"https:\/\/skinstudio.ee\/lv\/wp-json\/wp\/v2\/types\/product"}],"version-history":[{"count":1,"href":"https:\/\/skinstudio.ee\/lv\/wp-json\/wp\/v2\/product\/88704\/revisions"}],"predecessor-version":[{"id":88705,"href":"https:\/\/skinstudio.ee\/lv\/wp-json\/wp\/v2\/product\/88704\/revisions\/88705"}],"wp:featuredmedia":[{"embeddable":true,"href":"https:\/\/skinstudio.ee\/lv\/wp-json\/wp\/v2\/media\/88695"}],"wp:attachment":[{"href":"https:\/\/skinstudio.ee\/lv\/wp-json\/wp\/v2\/media?parent=88704"}],"wp:term":[{"taxonomy":"pwb-brand","embeddable":true,"href":"https:\/\/skinstudio.ee\/lv\/wp-json\/wp\/v2\/pwb-brand?post=88704"},{"taxonomy":"product_brand","embeddable":true,"href":"https:\/\/skinstudio.ee\/lv\/wp-json\/wp\/v2\/product_brand?post=88704"},{"taxonomy":"product_cat","embeddable":true,"href":"https:\/\/skinstudio.ee\/lv\/wp-json\/wp\/v2\/product_cat?post=88704"},{"taxonomy":"product_tag","embeddable":true,"href":"https:\/\/skinstudio.ee\/lv\/wp-json\/wp\/v2\/product_tag?post=88704"},{"taxonomy":"giftcard-category","embeddable":true,"href":"https:\/\/skinstudio.ee\/lv\/wp-json\/wp\/v2\/giftcard-category?post=88704"}],"curies":[{"name":"wp","href":"https:\/\/api.w.org\/{rel}","templated":true}]}}