{"id":88722,"date":"2026-03-28T12:05:15","date_gmt":"2026-03-28T12:05:15","guid":{"rendered":"https:\/\/skinstudio.ee\/?post_type=product&#038;p=88722"},"modified":"2026-03-28T12:10:43","modified_gmt":"2026-03-28T12:10:43","slug":"hydroglass-experience","status":"publish","type":"product","link":"https:\/\/skinstudio.ee\/lv\/catalog\/hydropeptide\/hydroglass-experience\/","title":{"rendered":"HydroGlass Experience"},"content":{"rendered":"<p data-start=\"91\" data-end=\"404\"><strong data-start=\"91\" data-end=\"132\">HydroGlass Experience no HydroPeptide<\/strong> &#8211; augsta l\u012bme\u0146a profesion\u0101la proced\u016bra, kas paredz\u0113ta intens\u012bvai \u0101das atjauno\u0161anai, dzi\u013cai mitrin\u0101\u0161anai un izteiktam \u201cglass skin\u201d efektam. Daudzpak\u0101pju sist\u0113ma apvieno sk\u0101bes p\u012blingu, oksigen\u0101ciju un atjaunojo\u0161u kop\u0161anu, nodro\u0161inot gan t\u016bl\u012bt\u0113ju, gan ilgtermi\u0146a rezult\u0101tu.<\/p>\n<p data-start=\"406\" data-end=\"677\">Proced\u016bra darbojas vair\u0101kos l\u012bme\u0146os: maigi, bet efekt\u012bvi noloba, stimul\u0113 \u0101das atjauno\u0161anos, uzlabo mikrocirkul\u0101ciju un pies\u0101tina \u0101du ar mitrumu un akt\u012bvaj\u0101m viel\u0101m. Rezult\u0101t\u0101 \u0101da k\u013c\u016bst glud\u0101ka, bl\u012bv\u0101ka un vizu\u0101li \u201cpiepild\u012bt\u0101ka\u201d, ar uzlabotu tekst\u016bru un vienm\u0113r\u012bg\u0101ku toni.<\/p>\n<p data-start=\"679\" data-end=\"851\">Sist\u0113ma ir paredz\u0113ta \u0101das atjauno\u0161anai p\u0113c stresa faktoriem, tekst\u016bras uzlabo\u0161anai un mitruma l\u012bme\u0146a paaugstin\u0101\u0161anai. Piem\u0113rota gan k\u0101 intens\u012bva proced\u016bra, gan kursa veid\u0101.<\/p>\n<p data-start=\"853\" data-end=\"890\"><strong data-start=\"853\" data-end=\"890\">K\u0101 darbojas galven\u0101s sast\u0101vda\u013cas?<\/strong><\/p>\n<ul data-start=\"892\" data-end=\"1243\">\n<li data-section-id=\"120jf6r\" data-start=\"892\" data-end=\"1010\"><strong data-start=\"894\" data-end=\"932\">Shikimic Acid + exfoliating system<\/strong> &#8211; nodro\u0161ina kontrol\u0113tu \u0101das atjauno\u0161anos, uzlabo tekst\u016bru un izl\u012bdzina toni<\/li>\n<li data-section-id=\"9se9mx\" data-start=\"1011\" data-end=\"1148\"><strong data-start=\"1013\" data-end=\"1071\">02 Cream + 02 Active (Intensive Brightening Treatment)<\/strong> &#8211; uzlabo mikrocirkul\u0101ciju, bag\u0101tina \u0101du ar sk\u0101bekli un pastiprina mirdzumu<\/li>\n<li data-section-id=\"1wxfe3b\" data-start=\"1149\" data-end=\"1243\"><strong data-start=\"1151\" data-end=\"1190\">Moisture Infusion + peptide complex<\/strong> &#8211; dzi\u013ci mitrina \u0101du, uzlabo t\u0101s bl\u012bvumu un gludumu<\/li>\n<\/ul>\n<p data-start=\"1245\" data-end=\"1415\"><strong data-start=\"1245\" data-end=\"1284\">Kam piem\u0113rots HydroGlass Experience<\/strong> &#8211; dehidrat\u0113tai \u0101dai, nevienm\u0113r\u012bgai tekst\u016brai, bl\u0101vam tonim, noguruma paz\u012bm\u0113m, k\u0101 ar\u012b intens\u012bvai mitrin\u0101\u0161anai un \u0101das atjauno\u0161anai.<\/p>\n<p data-start=\"1417\" data-end=\"1820\"><strong data-start=\"1417\" data-end=\"1820\">Tilpums:<\/strong> Cleansing Gel 30 ml, Pre-Treatment Toner 30 ml, Polish &amp; Plump Peel (Step 1: Polishing Crystals 15 ml, Step 2: Plumping Activator 10 ml), Moisture Infusion Mask, Solar Defense Tinted 1 ml, Solar Dew 1 ml, Eye Authority 1 ml, ReActivate Rx Serum 1 ml, 02 Cream Intensive Brightening Treatment 7 g, 02 Active Intensive Brightening Treatment 7 g, Shikimic Acid Peel Regenerating Exfoliator 7 g<\/p>\n","protected":false},"excerpt":{"rendered":"<p data-start=\"3049\" data-end=\"3090\">Mitrino\u0161s profesion\u0101ls kop\u0161anas komplekts<\/p>\n<h2 data-start=\"3092\" data-end=\"3141\"><strong data-start=\"3092\" data-end=\"3141\">\u012apa\u0161\u012bbas HydroPeptide &#8211; HydroGlass Experience<\/strong><\/h2>\n<p data-start=\"3143\" data-end=\"3336\">\u2714\ufe0f Nodro\u0161ina \u201cglass skin\u201d efektu<br data-start=\"3175\" data-end=\"3178\" \/>\u2714\ufe0f Intens\u012bvi paaugstina mitrin\u0101\u0161anas l\u012bmeni<br data-start=\"3221\" data-end=\"3224\" \/>\u2714\ufe0f Uzlabo tekst\u016bru un izl\u012bdzina toni<br data-start=\"3260\" data-end=\"3263\" \/>\u2714\ufe0f Palielina \u0101das vizu\u0101lo bl\u012bvumu<br data-start=\"3296\" data-end=\"3299\" \/>\u2714\ufe0f Pastiprina \u0101das dabisko mirdzumu<\/p>\n","protected":false},"featured_media":88713,"template":"","meta":[],"pwb-brand":[1211],"product_brand":[],"product_cat":[764,1406,755],"product_tag":[],"giftcard-category":[],"class_list":{"0":"post-88722","1":"product","2":"type-product","3":"status-publish","4":"has-post-thumbnail","6":"pwb-brand-hydropeptide","7":"product_cat-davanu-ideja","8":"product_cat-jaunumi","9":"product_cat-komplekts","11":"first","12":"instock","13":"taxable","14":"shipping-taxable","15":"purchasable","16":"product-type-simple"},"acf":[],"brands":[{"id":1211,"name":"HydroPeptide","slug":"hydropeptide"}],"_links":{"self":[{"href":"https:\/\/skinstudio.ee\/lv\/wp-json\/wp\/v2\/product\/88722","targetHints":{"allow":["GET"]}}],"collection":[{"href":"https:\/\/skinstudio.ee\/lv\/wp-json\/wp\/v2\/product"}],"about":[{"href":"https:\/\/skinstudio.ee\/lv\/wp-json\/wp\/v2\/types\/product"}],"version-history":[{"count":1,"href":"https:\/\/skinstudio.ee\/lv\/wp-json\/wp\/v2\/product\/88722\/revisions"}],"predecessor-version":[{"id":88723,"href":"https:\/\/skinstudio.ee\/lv\/wp-json\/wp\/v2\/product\/88722\/revisions\/88723"}],"wp:featuredmedia":[{"embeddable":true,"href":"https:\/\/skinstudio.ee\/lv\/wp-json\/wp\/v2\/media\/88713"}],"wp:attachment":[{"href":"https:\/\/skinstudio.ee\/lv\/wp-json\/wp\/v2\/media?parent=88722"}],"wp:term":[{"taxonomy":"pwb-brand","embeddable":true,"href":"https:\/\/skinstudio.ee\/lv\/wp-json\/wp\/v2\/pwb-brand?post=88722"},{"taxonomy":"product_brand","embeddable":true,"href":"https:\/\/skinstudio.ee\/lv\/wp-json\/wp\/v2\/product_brand?post=88722"},{"taxonomy":"product_cat","embeddable":true,"href":"https:\/\/skinstudio.ee\/lv\/wp-json\/wp\/v2\/product_cat?post=88722"},{"taxonomy":"product_tag","embeddable":true,"href":"https:\/\/skinstudio.ee\/lv\/wp-json\/wp\/v2\/product_tag?post=88722"},{"taxonomy":"giftcard-category","embeddable":true,"href":"https:\/\/skinstudio.ee\/lv\/wp-json\/wp\/v2\/giftcard-category?post=88722"}],"curies":[{"name":"wp","href":"https:\/\/api.w.org\/{rel}","templated":true}]}}