{"id":88914,"date":"2026-03-30T11:04:31","date_gmt":"2026-03-30T11:04:31","guid":{"rendered":"https:\/\/skinstudio.ee\/?post_type=product&#038;p=88914"},"modified":"2026-03-30T11:12:38","modified_gmt":"2026-03-30T11:12:38","slug":"superbiotic-regenerating-cream-pod","status":"publish","type":"product","link":"https:\/\/skinstudio.ee\/lv\/catalog\/instytutum-lv\/superbiotic-regenerating-cream-pod\/","title":{"rendered":"SuperBiotic Regenerating Cream POD"},"content":{"rendered":"<p data-start=\"86\" data-end=\"429\"><strong data-start=\"86\" data-end=\"138\">SuperBiotic Regenerating Cream POD no Instytutum<\/strong> &#8211; n\u0101kam\u0101s paaudzes atjaunojo\u0161\u0101 kr\u0113ma refill-versija ar kerami\u012bdiem, pre- un probiotik\u0101m, kas paredz\u0113ta \u0101das barjeras stiprin\u0101\u0161anai un mikrobioma l\u012bdzsvara atjauno\u0161anai. Formula iedarbojas uz jut\u012bguma c\u0113lo\u0146iem, pal\u012bdzot samazin\u0101t aps\u0101rtumu, kairin\u0101jumu un priek\u0161laic\u012bgas noveco\u0161an\u0101s paz\u012bmes.<\/p>\n<p data-start=\"431\" data-end=\"664\">Kr\u0113ms darbojas p\u0113c <strong>INSIDE &amp; OUT Technology<\/strong> principa: atbalsta akt\u012bvo vielu stabilit\u0101ti, stiprina \u0101das aizsargfunkcijas un veicina atjauno\u0161anos. Rezult\u0101t\u0101 \u0101da k\u013c\u016bst iztur\u012bg\u0101ka, samazin\u0101s reaktivit\u0101te un uzlabojas t\u0101s tonis un bl\u012bvums.<\/p>\n<p data-start=\"666\" data-end=\"806\">Piem\u0113rots ikdienas lieto\u0161anai, k\u0101 ar\u012b \u0101das atjauno\u0161anai p\u0113c sk\u0101b\u0113m, retinola un intens\u012bv\u0101m proced\u016br\u0101m, nodro\u0161inot komfortu ar\u012b jut\u012bgai \u0101dai.<\/p>\n<p data-start=\"808\" data-end=\"840\"><strong>Darb\u012bba galvenajiem komponentiem:<\/strong><\/p>\n<p data-start=\"842\" data-end=\"972\"><strong data-start=\"842\" data-end=\"899\">3% Pre- &amp; Probiotics Complex + 3% Brown Algae Extract<\/strong> &#8211; atjauno mikrobiomu, aktiviz\u0113 re\u0123ener\u0101ciju un palielina \u0101das iztur\u012bbu<\/p>\n<p data-start=\"974\" data-end=\"1131\"><strong data-start=\"974\" data-end=\"1061\">Barrier &amp; Protection Complex (Plant Ceramides + Squalane + Cherimoya + Albatrellus)<\/strong> &#8211; stiprina \u0101das barjeru, samazina jut\u012bgumu un nov\u0113r\u0161 mitruma zudumu<\/p>\n<p data-start=\"1133\" data-end=\"1270\"><strong data-start=\"1133\" data-end=\"1192\">Polyglutamic Acid + Provitamin B5 + antioxidant complex<\/strong> &#8211; nodro\u0161ina dzi\u013cu mitrin\u0101\u0161anu, uzlabo elast\u012bbu un veicina \u0101das atjauno\u0161anos<\/p>\n<p data-start=\"1272\" data-end=\"1521\">Kam piem\u0113rots SuperBiotic Regenerating Cream POD: visiem \u0101das tipiem, \u012bpa\u0161i jut\u012bgai un reakt\u012bvai \u0101dai ar noslieci uz aps\u0101rtumu, kairin\u0101jumu un barjeras trauc\u0113jumiem. Piem\u0113rots atjauno\u0161anai p\u0113c sk\u0101b\u0113m, retinola un p\u012blingiem, k\u0101 ar\u012b ikdienas kop\u0161anai.<\/p>\n<p data-start=\"1523\" data-end=\"1546\"><strong>Tilpums:<\/strong> 50 ml (refill)<\/p>\n","protected":false},"excerpt":{"rendered":"<p data-start=\"1871\" data-end=\"1920\">Atjaunojo\u0161\u0101 kr\u0113ma ar kerami\u012bdiem refill versija<\/p>\n<h2 data-start=\"1922\" data-end=\"1982\"><strong data-start=\"1922\" data-end=\"1982\">\u012apa\u0161\u012bbas INSTYTUTUM &#8211; SuperBiotic Regenerating Cream<\/strong><\/h2>\n<p data-start=\"1984\" data-end=\"2200\">\u2714\ufe0f Stiprina \u0101das barjeru un samazina jut\u012bgumu<br data-start=\"2029\" data-end=\"2032\" \/>\u2714\ufe0f Atjauno \u0101das mikrobioma l\u012bdzsvaru<br data-start=\"2068\" data-end=\"2071\" \/>\u2714\ufe0f Samazina aps\u0101rtumu un iekaisuma reakcijas<br data-start=\"2115\" data-end=\"2118\" \/>\u2714\ufe0f Intens\u012bvi mitrina un uzlabo elast\u012bbu<br data-start=\"2157\" data-end=\"2160\" \/>\u2714\ufe0f Palielina \u0101das iztur\u012bbu pret stresu<\/p>\n<p data-start=\"2202\" data-end=\"2237\"><span style=\"text-decoration: underline; color: #0000ff;\"><a style=\"color: #0000ff; text-decoration: underline;\" href=\"https:\/\/skinstudio.ee\/lv\/catalog\/instytutum-lv\/superbiotic-regenerating-cream-next-gen\/\">Pieejama ar\u012b pilna izm\u0113ra versija!<\/a><\/span><\/p>\n","protected":false},"featured_media":88900,"template":"","meta":[],"pwb-brand":[1207],"product_brand":[],"product_cat":[741,1406,745,737,749,747],"product_tag":[],"giftcard-category":[],"class_list":{"0":"post-88914","1":"product","2":"type-product","3":"status-publish","4":"has-post-thumbnail","6":"pwb-brand-instytutum-lv","7":"product_cat-izsitumi","8":"product_cat-jaunumi","9":"product_cat-jutigai-adai","10":"product_cat-mitrinasana","11":"product_cat-novecojosa-ada","12":"product_cat-taukainai-adai","14":"first","15":"instock","16":"taxable","17":"shipping-taxable","18":"purchasable","19":"product-type-simple"},"acf":[],"brands":[{"id":1207,"name":"Instytutum","slug":"instytutum-lv"}],"_links":{"self":[{"href":"https:\/\/skinstudio.ee\/lv\/wp-json\/wp\/v2\/product\/88914","targetHints":{"allow":["GET"]}}],"collection":[{"href":"https:\/\/skinstudio.ee\/lv\/wp-json\/wp\/v2\/product"}],"about":[{"href":"https:\/\/skinstudio.ee\/lv\/wp-json\/wp\/v2\/types\/product"}],"version-history":[{"count":3,"href":"https:\/\/skinstudio.ee\/lv\/wp-json\/wp\/v2\/product\/88914\/revisions"}],"predecessor-version":[{"id":88918,"href":"https:\/\/skinstudio.ee\/lv\/wp-json\/wp\/v2\/product\/88914\/revisions\/88918"}],"wp:featuredmedia":[{"embeddable":true,"href":"https:\/\/skinstudio.ee\/lv\/wp-json\/wp\/v2\/media\/88900"}],"wp:attachment":[{"href":"https:\/\/skinstudio.ee\/lv\/wp-json\/wp\/v2\/media?parent=88914"}],"wp:term":[{"taxonomy":"pwb-brand","embeddable":true,"href":"https:\/\/skinstudio.ee\/lv\/wp-json\/wp\/v2\/pwb-brand?post=88914"},{"taxonomy":"product_brand","embeddable":true,"href":"https:\/\/skinstudio.ee\/lv\/wp-json\/wp\/v2\/product_brand?post=88914"},{"taxonomy":"product_cat","embeddable":true,"href":"https:\/\/skinstudio.ee\/lv\/wp-json\/wp\/v2\/product_cat?post=88914"},{"taxonomy":"product_tag","embeddable":true,"href":"https:\/\/skinstudio.ee\/lv\/wp-json\/wp\/v2\/product_tag?post=88914"},{"taxonomy":"giftcard-category","embeddable":true,"href":"https:\/\/skinstudio.ee\/lv\/wp-json\/wp\/v2\/giftcard-category?post=88914"}],"curies":[{"name":"wp","href":"https:\/\/api.w.org\/{rel}","templated":true}]}}