{"id":89629,"date":"2026-04-04T09:29:12","date_gmt":"2026-04-04T09:29:12","guid":{"rendered":"https:\/\/skinstudio.ee\/?post_type=product&#038;p=89629"},"modified":"2026-04-04T09:33:32","modified_gmt":"2026-04-04T09:33:32","slug":"neurosmooth","status":"publish","type":"product","link":"https:\/\/skinstudio.ee\/lv\/catalog\/jan-marini-lv\/neurosmooth\/","title":{"rendered":"NeuroSmooth\u2122"},"content":{"rendered":"<p data-start=\"170\" data-end=\"572\"><strong data-start=\"170\" data-end=\"210\">NeuroSmooth\u2122 no Marini SkinSolutions<\/strong> ir augstas efektivit\u0101tes daudzfunkcion\u0101ls serums ar neiropept\u012bdiem, kas paredz\u0113ts \u0101das tekst\u016bras izl\u012bdzin\u0101\u0161anai un gludas, \u201cglass skin\u201d efekta sasnieg\u0161anai. Formula iedarbojas uz galvenajiem meh\u0101nismiem, kas ietekm\u0113 poru redzam\u012bbu, tostarp mikromuskul\u0101raj\u0101m kontrakcij\u0101m un \u0101das bl\u012bvuma samazin\u0101\u0161anos, nodro\u0161inot vienm\u0113r\u012bg\u0101ku, atp\u016btu\u0161os un jaunekl\u012bg\u0101ku izskatu.<\/p>\n<p data-start=\"574\" data-end=\"934\">Serums apvieno neuromodul\u0113jo\u0161us pept\u012bdus, kolag\u0113nu atbalsto\u0161as sast\u0101vda\u013cas un atjaunojo\u0161as tehnolo\u0123ijas, kas pal\u012bdz vizu\u0101li samazin\u0101t poras, uzlabot \u0101das toni un tekst\u016bru. Papildu nomierino\u0161ie un antioksidantu kompleksi samazina aps\u0101rtumu, stiprina \u0101du un palielina t\u0101s notur\u012bbu pret \u0101r\u0113jiem stresa faktoriem. \u0100da k\u013c\u016bst bl\u012bv\u0101ka, starojo\u0161\u0101ka un vizu\u0101li glud\u0101ka.<\/p>\n<p data-start=\"936\" data-end=\"981\"><strong data-start=\"936\" data-end=\"981\">K\u0101 darbojas galven\u0101s akt\u012bv\u0101s sast\u0101vda\u013cas?<\/strong><\/p>\n<ul data-start=\"983\" data-end=\"1342\">\n<li data-section-id=\"1hrpc4a\" data-start=\"983\" data-end=\"1126\"><strong data-start=\"985\" data-end=\"1032\">Neuromodulating Peptides + Collagen Support<\/strong> &#8211; pal\u012bdz regul\u0113t mikromuskul\u0101ro aktivit\u0101ti un uzlabo \u0101das bl\u012bvumu, samazinot poru redzam\u012bbu<\/li>\n<li data-section-id=\"1le2uja\" data-start=\"1127\" data-end=\"1223\"><strong data-start=\"1129\" data-end=\"1161\">Soothing + Recovery Peptides<\/strong> &#8211; nomierina \u0101du, samazina aps\u0101rtumu un veicina atjauno\u0161anos<\/li>\n<li data-section-id=\"vostid\" data-start=\"1224\" data-end=\"1342\"><strong data-start=\"1226\" data-end=\"1266\">Antioxidants + Essential Fatty Acids<\/strong> &#8211; uzlabo \u0101das toni, aizsarg\u0101 pret oksidat\u012bvo stresu un palielina komfortu<\/li>\n<\/ul>\n<p data-start=\"1344\" data-end=\"1499\"><strong data-start=\"1344\" data-end=\"1374\">Kam piem\u0113rots NeuroSmooth\u2122<\/strong> &#8211; visiem \u0101das tipiem, tostarp kombin\u0113tai, sausai un taukainai \u0101dai, \u012bpa\u0161i \u0101dai ar redzam\u0101m por\u0101m un nevienm\u0113r\u012bgu tekst\u016bru.<\/p>\n<p data-start=\"1501\" data-end=\"1519\"><strong data-start=\"1501\" data-end=\"1519\">Tilpums: 30 ml<\/strong><\/p>\n","protected":false},"excerpt":{"rendered":"<p data-start=\"1606\" data-end=\"1640\">\u0100das tekst\u016bru izl\u012bdzino\u0161s serums<\/p>\n<h2 data-start=\"1642\" data-end=\"1690\"><strong data-start=\"1642\" data-end=\"1690\">\u012apa\u0161\u012bbas Marini SkinSolutions &#8211; NeuroSmooth\u2122<\/strong><\/h2>\n<p data-start=\"1692\" data-end=\"1871\">\u2714\ufe0f Vizu\u0101li samazina poru redzam\u012bbu<br data-start=\"1726\" data-end=\"1729\" \/>\u2714\ufe0f Izl\u012bdzina \u0101das tekst\u016bru un toni<br data-start=\"1763\" data-end=\"1766\" \/>\u2714\ufe0f Palielina \u0101das gludumu un mirdzumu<br data-start=\"1803\" data-end=\"1806\" \/>\u2714\ufe0f Samazina aps\u0101rtumu un jut\u012bgumu<br data-start=\"1839\" data-end=\"1842\" \/>\u2714\ufe0f Piem\u0113rots p\u0113c proced\u016br\u0101m<\/p>\n","protected":false},"featured_media":89617,"template":"","meta":[],"pwb-brand":[1245],"product_brand":[],"product_cat":[1406,749,723],"product_tag":[],"giftcard-category":[],"class_list":{"0":"post-89629","1":"product","2":"type-product","3":"status-publish","4":"has-post-thumbnail","6":"pwb-brand-jan-marini-lv","7":"product_cat-jaunumi","8":"product_cat-novecojosa-ada","9":"product_cat-serumi","11":"first","12":"instock","13":"taxable","14":"shipping-taxable","15":"purchasable","16":"product-type-simple"},"acf":[],"brands":[{"id":1245,"name":"Marini SkinSolutions","slug":"jan-marini-lv"}],"_links":{"self":[{"href":"https:\/\/skinstudio.ee\/lv\/wp-json\/wp\/v2\/product\/89629","targetHints":{"allow":["GET"]}}],"collection":[{"href":"https:\/\/skinstudio.ee\/lv\/wp-json\/wp\/v2\/product"}],"about":[{"href":"https:\/\/skinstudio.ee\/lv\/wp-json\/wp\/v2\/types\/product"}],"version-history":[{"count":1,"href":"https:\/\/skinstudio.ee\/lv\/wp-json\/wp\/v2\/product\/89629\/revisions"}],"predecessor-version":[{"id":89630,"href":"https:\/\/skinstudio.ee\/lv\/wp-json\/wp\/v2\/product\/89629\/revisions\/89630"}],"wp:featuredmedia":[{"embeddable":true,"href":"https:\/\/skinstudio.ee\/lv\/wp-json\/wp\/v2\/media\/89617"}],"wp:attachment":[{"href":"https:\/\/skinstudio.ee\/lv\/wp-json\/wp\/v2\/media?parent=89629"}],"wp:term":[{"taxonomy":"pwb-brand","embeddable":true,"href":"https:\/\/skinstudio.ee\/lv\/wp-json\/wp\/v2\/pwb-brand?post=89629"},{"taxonomy":"product_brand","embeddable":true,"href":"https:\/\/skinstudio.ee\/lv\/wp-json\/wp\/v2\/product_brand?post=89629"},{"taxonomy":"product_cat","embeddable":true,"href":"https:\/\/skinstudio.ee\/lv\/wp-json\/wp\/v2\/product_cat?post=89629"},{"taxonomy":"product_tag","embeddable":true,"href":"https:\/\/skinstudio.ee\/lv\/wp-json\/wp\/v2\/product_tag?post=89629"},{"taxonomy":"giftcard-category","embeddable":true,"href":"https:\/\/skinstudio.ee\/lv\/wp-json\/wp\/v2\/giftcard-category?post=89629"}],"curies":[{"name":"wp","href":"https:\/\/api.w.org\/{rel}","templated":true}]}}