{"id":89907,"date":"2026-04-08T08:58:49","date_gmt":"2026-04-08T08:58:49","guid":{"rendered":"https:\/\/skinstudio.ee\/?post_type=product&#038;p=89907"},"modified":"2026-04-08T09:02:42","modified_gmt":"2026-04-08T09:02:42","slug":"vol-u-lift-glp-1-4d-skin-rebound-complex","status":"publish","type":"product","link":"https:\/\/skinstudio.ee\/lv\/catalog\/image-skincare\/vol-u-lift-glp-1-4d-skin-rebound-complex\/","title":{"rendered":"VOL.U.LIFT\u2122 GLP-1 4D Skin Rebound Complex"},"content":{"rendered":"<p data-start=\"113\" data-end=\"644\"><strong data-start=\"113\" data-end=\"176\">VOL.U.LIFT\u2122 GLP-1 4D Skin Rebound Complex no Image Skincare<\/strong> &#8211; daudzfunkcion\u0101ls sejas kr\u0113ms, kas pal\u012bdz atjaunot \u0101das bl\u012bvumu, elast\u012bbu un apjomu, vienlaikus kori\u0123\u0113jot izmai\u0146as, kas saist\u012btas ar apjoma zudumu un tekst\u016bras pasliktin\u0101\u0161anos. Formula pal\u012bdz samazin\u0101t \u0101das nosl\u012bd\u0113\u0161anu, sausumu, dzi\u013cas grumbas un pl\u0101n\u0101ku \u0101das strukt\u016bru, padarot \u0101du glud\u0101ku, stingr\u0101ku un piln\u012bg\u0101ku. Aminosk\u0101bju, bakuchiola, augu kolag\u0113na fragmentu un jaun\u0101s paaudzes hialuronsk\u0101bes kombin\u0101cija pal\u012bdz uzlabot sejas kont\u016bras un kop\u0113jo \u0101das kvalit\u0101ti.<\/p>\n<p data-start=\"646\" data-end=\"847\">Kl\u012bniski pier\u0101d\u012bti rezult\u0101ti: sejas apjoma pieaugums par 20,1%; \u0101das tvirtuma pieaugums par 22,5%; elast\u012bbas pieaugums par 23,2%; grumbu samazin\u0101jums par 20,7%; mitrin\u0101\u0161anas l\u012bme\u0146a pieaugums par 21,8%.<\/p>\n<p data-start=\"849\" data-end=\"873\"><strong data-start=\"849\" data-end=\"873\">Akt\u012bv\u0101s sast\u0101vda\u013cas:<\/strong><\/p>\n<ul data-start=\"875\" data-end=\"1289\">\n<li data-section-id=\"11hbwwx\" data-start=\"875\" data-end=\"1038\"><strong data-start=\"877\" data-end=\"897\">XOSM\u2122 Technology<\/strong> &#8211; uzlabo formulas darb\u012bbu, izmantojot kapsul\u0113tus antioksidantus, stiprina \u0101das aizsargbarjeru un pal\u012bdz saglab\u0101t \u0101das bl\u012bvumu un iztur\u012bbu.<\/li>\n<li data-section-id=\"davyzf\" data-start=\"1039\" data-end=\"1140\"><strong data-start=\"1041\" data-end=\"1055\">L-ornit\u012bns<\/strong> &#8211; pal\u012bdz uzlabot \u0101das bl\u012bvumu un pie\u0161\u0137ir piln\u012bg\u0101ku izskatu zon\u0101m ar apjoma zudumu.<\/li>\n<li data-section-id=\"3t35n8\" data-start=\"1141\" data-end=\"1289\"><strong data-start=\"1143\" data-end=\"1195\">Bakuchiol + HA Silanol + augu kolag\u0113na fragmenti<\/strong> &#8211; intens\u012bvi atjauno \u0101du, izl\u012bdzina grumbas, uzlabo elast\u012bbu un nodro\u0161ina dzi\u013cu mitrin\u0101\u0161anu.<\/li>\n<\/ul>\n<p data-start=\"1291\" data-end=\"1495\"><strong data-start=\"1291\" data-end=\"1351\">Kam piem\u0113rots VOL.U.LIFT\u2122 GLP-1 4D Skin Rebound Complex:<\/strong> visiem \u0101das tipiem, \u012bpa\u0161i pie apjoma zuduma, nosl\u012bd\u0113\u0161anas, grumb\u0101m, dehidrat\u0101cijas un samazin\u0101ta \u0101das bl\u012bvuma, ar\u012b saist\u012bb\u0101 ar GLP-1 lieto\u0161anu.<\/p>\n<p data-start=\"1497\" data-end=\"1514\"><strong data-start=\"1497\" data-end=\"1509\">Tilpums:<\/strong> 57 g<\/p>\n","protected":false},"excerpt":{"rendered":"<p data-start=\"2211\" data-end=\"2239\">\u0100du nostiprino\u0161s sejas kr\u0113ms<\/p>\n<h2 data-start=\"2241\" data-end=\"2312\"><strong data-start=\"2241\" data-end=\"2312\">\u012apa\u0161\u012bbas Image Skincare &#8211; VOL.U.LIFT\u2122 GLP-1 4D Skin Rebound Complex<\/strong><\/h2>\n<p data-start=\"2314\" data-end=\"2493\">\u2714\ufe0f Atjauno \u0101das apjomu un bl\u012bvumu<br data-start=\"2347\" data-end=\"2350\" \/>\u2714\ufe0f Nostiprina un pace\u013c sejas kont\u016bras<br data-start=\"2387\" data-end=\"2390\" \/>\u2714\ufe0f Izl\u012bdzina dzi\u013cas grumbas<br data-start=\"2417\" data-end=\"2420\" \/>\u2714\ufe0f Intens\u012bvi mitrina un baro \u0101du<br data-start=\"2452\" data-end=\"2455\" \/>\u2714\ufe0f Uzlabo \u0101das tekst\u016bru un kvalit\u0101ti<\/p>\n","protected":false},"featured_media":89880,"template":"","meta":[],"pwb-brand":[1134],"product_brand":[],"product_cat":[1406,737,749,739],"product_tag":[],"giftcard-category":[],"class_list":{"0":"post-89907","1":"product","2":"type-product","3":"status-publish","4":"has-post-thumbnail","6":"pwb-brand-image-skincare","7":"product_cat-jaunumi","8":"product_cat-mitrinasana","9":"product_cat-novecojosa-ada","10":"product_cat-sausai-adai","12":"first","13":"instock","14":"sale","15":"taxable","16":"shipping-taxable","17":"purchasable","18":"product-type-simple"},"acf":[],"brands":[{"id":1134,"name":"Image Skincare","slug":"image-skincare"}],"_links":{"self":[{"href":"https:\/\/skinstudio.ee\/lv\/wp-json\/wp\/v2\/product\/89907","targetHints":{"allow":["GET"]}}],"collection":[{"href":"https:\/\/skinstudio.ee\/lv\/wp-json\/wp\/v2\/product"}],"about":[{"href":"https:\/\/skinstudio.ee\/lv\/wp-json\/wp\/v2\/types\/product"}],"version-history":[{"count":1,"href":"https:\/\/skinstudio.ee\/lv\/wp-json\/wp\/v2\/product\/89907\/revisions"}],"predecessor-version":[{"id":89908,"href":"https:\/\/skinstudio.ee\/lv\/wp-json\/wp\/v2\/product\/89907\/revisions\/89908"}],"wp:featuredmedia":[{"embeddable":true,"href":"https:\/\/skinstudio.ee\/lv\/wp-json\/wp\/v2\/media\/89880"}],"wp:attachment":[{"href":"https:\/\/skinstudio.ee\/lv\/wp-json\/wp\/v2\/media?parent=89907"}],"wp:term":[{"taxonomy":"pwb-brand","embeddable":true,"href":"https:\/\/skinstudio.ee\/lv\/wp-json\/wp\/v2\/pwb-brand?post=89907"},{"taxonomy":"product_brand","embeddable":true,"href":"https:\/\/skinstudio.ee\/lv\/wp-json\/wp\/v2\/product_brand?post=89907"},{"taxonomy":"product_cat","embeddable":true,"href":"https:\/\/skinstudio.ee\/lv\/wp-json\/wp\/v2\/product_cat?post=89907"},{"taxonomy":"product_tag","embeddable":true,"href":"https:\/\/skinstudio.ee\/lv\/wp-json\/wp\/v2\/product_tag?post=89907"},{"taxonomy":"giftcard-category","embeddable":true,"href":"https:\/\/skinstudio.ee\/lv\/wp-json\/wp\/v2\/giftcard-category?post=89907"}],"curies":[{"name":"wp","href":"https:\/\/api.w.org\/{rel}","templated":true}]}}