{"id":89923,"date":"2026-04-08T09:09:43","date_gmt":"2026-04-08T09:09:43","guid":{"rendered":"https:\/\/skinstudio.ee\/?post_type=product&#038;p=89923"},"modified":"2026-04-08T09:12:19","modified_gmt":"2026-04-08T09:12:19","slug":"md-biotech-longevity-creme","status":"publish","type":"product","link":"https:\/\/skinstudio.ee\/lv\/catalog\/image-skincare\/md-biotech-longevity-creme\/","title":{"rendered":"MD Biotech Longevity Creme"},"content":{"rendered":"<p data-start=\"82\" data-end=\"489\"><strong data-start=\"82\" data-end=\"130\">MD Biotech Longevity Creme no Image Skincare<\/strong> &#8211; biotehnolo\u0123iski izstr\u0101d\u0101ts sejas kr\u0113ms, kas pal\u012bdz uztur\u0113t \u0101das bl\u012bvumu, elast\u012bbu un kop\u0113jo vitalit\u0101ti. Formula uzlabo redzamo \u0101das st\u0101vokli, padarot to glud\u0101ku, stingr\u0101ku un iztur\u012bg\u0101ku pret \u0101r\u0113jiem faktoriem. Phyto NAD+ boosters, antioksidanti un biotehnolo\u0123iskie akt\u012bvi pal\u012bdz paaugstin\u0101t \u0101das ener\u0123ijas l\u012bmeni un pie\u0161\u0137ir tai svaig\u0101ku un kopt\u0101ku izskatu.<\/p>\n<p data-start=\"491\" data-end=\"846\">Kl\u012bniski pier\u0101d\u012bti rezult\u0101ti: \u0101das tvirtuma pieaugums par <strong data-start=\"549\" data-end=\"556\">31%<\/strong> 8 ned\u0113\u013c\u0101s; elast\u012bbas uzlabo\u0161an\u0101s l\u012bdz <strong data-start=\"595\" data-end=\"604\">17,4%<\/strong>; \u0101das atjauno\u0161an\u0101s sp\u0113jas uzlabo\u0161an\u0101s l\u012bdz <strong data-start=\"648\" data-end=\"657\">13,7%<\/strong>; mitrin\u0101\u0161anas l\u012bme\u0146a pieaugums l\u012bdz <strong data-start=\"694\" data-end=\"701\">28%<\/strong>; \u0101das barjeras stiprin\u0101\u0161ana un mitruma zuduma samazin\u0101\u0161ana 4 ned\u0113\u013cu laik\u0101; \u0101das bl\u012bvuma uzlabo\u0161an\u0101s ar izm\u0113r\u0101miem rezult\u0101tiem jau p\u0113c 4 ned\u0113\u013c\u0101m.<\/p>\n<p data-start=\"848\" data-end=\"872\"><strong data-start=\"848\" data-end=\"872\">Akt\u012bv\u0101s sast\u0101vda\u013cas:<\/strong><\/p>\n<ul data-start=\"874\" data-end=\"1304\">\n<li data-section-id=\"1p3vml4\" data-start=\"874\" data-end=\"1015\"><strong data-start=\"876\" data-end=\"896\">XOSM\u2122 Technology<\/strong> &#8211; uzlabo antioksidantu darb\u012bbu, stiprina \u0101das aizsargbarjeru, pal\u012bdz samazin\u0101t aps\u0101rtumu un palielina \u0101das notur\u012bbu.<\/li>\n<li data-section-id=\"shs9t4\" data-start=\"1016\" data-end=\"1155\"><strong data-start=\"1018\" data-end=\"1040\">Phyto NAD+ Booster<\/strong> &#8211; atbalsta \u0101das dabisko ener\u0123ijas l\u012bmeni, pal\u012bdz uzlabot \u0101das tvirtumu un samazina redzam\u0101s noveco\u0161an\u0101s paz\u012bmes.<\/li>\n<li data-section-id=\"whw4l4\" data-start=\"1156\" data-end=\"1304\"><strong data-start=\"1158\" data-end=\"1215\">Genomic AI Longevity Flavonoid + Lapacho Bark Extract<\/strong> &#8211; pal\u012bdz aizsarg\u0101t \u0101du no vides ietekmes, uzlabo \u0101das notur\u012bbu un veicina mitrin\u0101\u0161anu.<\/li>\n<\/ul>\n<p data-start=\"1306\" data-end=\"1447\"><strong data-start=\"1306\" data-end=\"1351\">Kam piem\u0113rots MD Biotech Longevity Creme:<\/strong> visiem \u0101das tipiem, \u012bpa\u0161i pie noveco\u0161an\u0101s paz\u012bm\u0113m, elast\u012bbas zuduma, bl\u0101vuma un dehidrat\u0101cijas.<\/p>\n<p data-start=\"1449\" data-end=\"1466\"><strong data-start=\"1449\" data-end=\"1461\">Tilpums:<\/strong> 50 g<\/p>\n","protected":false},"excerpt":{"rendered":"<p data-start=\"1651\" data-end=\"1692\">\u0100du nostiprino\u0161s un mitrino\u0161s sejas kr\u0113ms<\/p>\n<h2 data-start=\"1694\" data-end=\"1750\"><strong data-start=\"1694\" data-end=\"1750\">\u012apa\u0161\u012bbas Image Skincare &#8211; MD Biotech Longevity Creme<\/strong><\/h2>\n<p data-start=\"1752\" data-end=\"1932\">\u2714\ufe0f Uzlabo \u0101das tvirtumu un bl\u012bvumu<br data-start=\"1786\" data-end=\"1789\" \/>\u2714\ufe0f Palielina elast\u012bbu un notur\u012bbu<br data-start=\"1822\" data-end=\"1825\" \/>\u2714\ufe0f Intens\u012bvi mitrina un baro \u0101du<br data-start=\"1857\" data-end=\"1860\" \/>\u2714\ufe0f Stiprina \u0101das aizsargbarjeru<br data-start=\"1891\" data-end=\"1894\" \/>\u2714\ufe0f Padara \u0101du glud\u0101ku un starojo\u0161\u0101ku<\/p>\n","protected":false},"featured_media":89915,"template":"","meta":[],"pwb-brand":[1134],"product_brand":[],"product_cat":[1406,737,749,739],"product_tag":[],"giftcard-category":[],"class_list":{"0":"post-89923","1":"product","2":"type-product","3":"status-publish","4":"has-post-thumbnail","6":"pwb-brand-image-skincare","7":"product_cat-jaunumi","8":"product_cat-mitrinasana","9":"product_cat-novecojosa-ada","10":"product_cat-sausai-adai","12":"first","13":"instock","14":"sale","15":"taxable","16":"shipping-taxable","17":"purchasable","18":"product-type-simple"},"acf":[],"brands":[{"id":1134,"name":"Image Skincare","slug":"image-skincare"}],"_links":{"self":[{"href":"https:\/\/skinstudio.ee\/lv\/wp-json\/wp\/v2\/product\/89923","targetHints":{"allow":["GET"]}}],"collection":[{"href":"https:\/\/skinstudio.ee\/lv\/wp-json\/wp\/v2\/product"}],"about":[{"href":"https:\/\/skinstudio.ee\/lv\/wp-json\/wp\/v2\/types\/product"}],"version-history":[{"count":1,"href":"https:\/\/skinstudio.ee\/lv\/wp-json\/wp\/v2\/product\/89923\/revisions"}],"predecessor-version":[{"id":89924,"href":"https:\/\/skinstudio.ee\/lv\/wp-json\/wp\/v2\/product\/89923\/revisions\/89924"}],"wp:featuredmedia":[{"embeddable":true,"href":"https:\/\/skinstudio.ee\/lv\/wp-json\/wp\/v2\/media\/89915"}],"wp:attachment":[{"href":"https:\/\/skinstudio.ee\/lv\/wp-json\/wp\/v2\/media?parent=89923"}],"wp:term":[{"taxonomy":"pwb-brand","embeddable":true,"href":"https:\/\/skinstudio.ee\/lv\/wp-json\/wp\/v2\/pwb-brand?post=89923"},{"taxonomy":"product_brand","embeddable":true,"href":"https:\/\/skinstudio.ee\/lv\/wp-json\/wp\/v2\/product_brand?post=89923"},{"taxonomy":"product_cat","embeddable":true,"href":"https:\/\/skinstudio.ee\/lv\/wp-json\/wp\/v2\/product_cat?post=89923"},{"taxonomy":"product_tag","embeddable":true,"href":"https:\/\/skinstudio.ee\/lv\/wp-json\/wp\/v2\/product_tag?post=89923"},{"taxonomy":"giftcard-category","embeddable":true,"href":"https:\/\/skinstudio.ee\/lv\/wp-json\/wp\/v2\/giftcard-category?post=89923"}],"curies":[{"name":"wp","href":"https:\/\/api.w.org\/{rel}","templated":true}]}}