{"id":89949,"date":"2026-04-08T09:20:40","date_gmt":"2026-04-08T09:20:40","guid":{"rendered":"https:\/\/skinstudio.ee\/?post_type=product&#038;p=89949"},"modified":"2026-04-08T09:23:38","modified_gmt":"2026-04-08T09:23:38","slug":"md-barrier-repair-recovery-balm","status":"publish","type":"product","link":"https:\/\/skinstudio.ee\/lv\/catalog\/image-skincare\/md-barrier-repair-recovery-balm\/","title":{"rendered":"MD Barrier Repair Recovery Balm"},"content":{"rendered":"<p data-start=\"87\" data-end=\"495\"><strong data-start=\"87\" data-end=\"140\">MD Barrier Repair Recovery Balm no Image Skincare<\/strong> &#8211; intens\u012bvi atjaunojo\u0161s sejas balzams, kas pal\u012bdz atjaunot un aizsarg\u0101t boj\u0101tu \u0101das aizsargbarjeru. Formula darbojas k\u0101 aizsargk\u0101rta, pal\u012bdzot \u0101dai tikt gal\u0101 ar kairin\u0101jumu, sausumu un jut\u012bgumu, vienlaikus atjaunojot komfortu un notur\u012bbu. Barojo\u0161\u0101s un nomierino\u0161\u0101s akt\u012bv\u0101s vielas pal\u012bdz uztur\u0113t optim\u0101lu mitrin\u0101juma l\u012bmeni un samazin\u0101t redzamo aps\u0101rtumu.<\/p>\n<p data-start=\"497\" data-end=\"759\">Balzams pal\u012bdz stabiliz\u0113t \u0101du p\u0113c agres\u012bv\u0101m proced\u016br\u0101m un vides ietekmes, uzlabo mitruma saglab\u0101\u0161anu un veicina \u0101tr\u0101ku atjauno\u0161anos. T\u0101 bag\u0101t\u012bg\u0101, bet komfortabl\u0101 tekst\u016bra vienm\u0113r\u012bgi kl\u0101jas uz \u0101das un nodro\u0161ina ilgsto\u0161u aizsardz\u012bbu, maigumu un vesel\u012bg\u0101ku izskatu.<\/p>\n<p data-start=\"761\" data-end=\"785\"><strong data-start=\"761\" data-end=\"785\">Akt\u012bv\u0101s sast\u0101vda\u013cas:<\/strong><\/p>\n<ul data-start=\"787\" data-end=\"1175\">\n<li data-section-id=\"j2ecdk\" data-start=\"787\" data-end=\"900\"><strong data-start=\"789\" data-end=\"828\">Beta-glucan + Panthenol + Bisabolol<\/strong> &#8211; nomierina \u0101du, samazina kairin\u0101jumu un veicina \u0101tr\u0101ku atjauno\u0161anos.<\/li>\n<li data-section-id=\"16irmc\" data-start=\"901\" data-end=\"1052\"><strong data-start=\"903\" data-end=\"974\">Ectoin + Vitamin C (Tetrahexyldecyl Ascorbate) + Microalgae Extract<\/strong> &#8211; aizsarg\u0101 pret vides ietekmi, stiprina \u0101das barjeru un samazina aps\u0101rtumu.<\/li>\n<li data-section-id=\"1tjzrf3\" data-start=\"1053\" data-end=\"1175\"><strong data-start=\"1055\" data-end=\"1092\">Shea Butter + augu e\u013c\u013cu komplekss<\/strong> &#8211; intens\u012bvi baro \u0101du, atjauno lip\u012bdu l\u012bdzsvaru un pal\u012bdz nov\u0113rst mitruma zudumu.<\/li>\n<\/ul>\n<p data-start=\"1177\" data-end=\"1334\"><strong data-start=\"1177\" data-end=\"1227\">Kam piem\u0113rots MD Barrier Repair Recovery Balm:<\/strong> visiem \u0101das tipiem, \u012bpa\u0161i jut\u012bgai, kairin\u0101tai, sausai vai boj\u0101tai \u0101dai, k\u0101 ar\u012b p\u0113c kosm\u0113tisk\u0101m proced\u016br\u0101m.<\/p>\n<p data-start=\"1336\" data-end=\"1353\"><strong data-start=\"1336\" data-end=\"1348\">Tilpums:<\/strong> 57 g<\/p>\n","protected":false},"excerpt":{"rendered":"<p data-start=\"1696\" data-end=\"1721\">Atjaunojo\u0161s sejas balzams<\/p>\n<h2 data-start=\"1723\" data-end=\"1784\"><strong data-start=\"1723\" data-end=\"1784\">\u012apa\u0161\u012bbas Image Skincare &#8211; MD Barrier Repair Recovery Balm<\/strong><\/h2>\n<p data-start=\"1786\" data-end=\"1978\">\u2714\ufe0f Atjauno un stiprina \u0101das aizsargbarjeru<br data-start=\"1828\" data-end=\"1831\" \/>\u2714\ufe0f Samazina aps\u0101rtumu un jut\u012bgumu<br data-start=\"1864\" data-end=\"1867\" \/>\u2714\ufe0f Intens\u012bvi baro un saglab\u0101 mitrumu<br data-start=\"1903\" data-end=\"1906\" \/>\u2714\ufe0f Nomierina kairin\u0101jumu un diskomfortu<br data-start=\"1945\" data-end=\"1948\" \/>\u2714\ufe0f Veicina \u0101das atjauno\u0161anos<\/p>\n","protected":false},"featured_media":89931,"template":"","meta":[],"pwb-brand":[1134],"product_brand":[],"product_cat":[1406,745,737,739],"product_tag":[],"giftcard-category":[],"class_list":{"0":"post-89949","1":"product","2":"type-product","3":"status-publish","4":"has-post-thumbnail","6":"pwb-brand-image-skincare","7":"product_cat-jaunumi","8":"product_cat-jutigai-adai","9":"product_cat-mitrinasana","10":"product_cat-sausai-adai","12":"first","13":"instock","14":"sale","15":"taxable","16":"shipping-taxable","17":"purchasable","18":"product-type-simple"},"acf":[],"brands":[{"id":1134,"name":"Image Skincare","slug":"image-skincare"}],"_links":{"self":[{"href":"https:\/\/skinstudio.ee\/lv\/wp-json\/wp\/v2\/product\/89949","targetHints":{"allow":["GET"]}}],"collection":[{"href":"https:\/\/skinstudio.ee\/lv\/wp-json\/wp\/v2\/product"}],"about":[{"href":"https:\/\/skinstudio.ee\/lv\/wp-json\/wp\/v2\/types\/product"}],"version-history":[{"count":1,"href":"https:\/\/skinstudio.ee\/lv\/wp-json\/wp\/v2\/product\/89949\/revisions"}],"predecessor-version":[{"id":89950,"href":"https:\/\/skinstudio.ee\/lv\/wp-json\/wp\/v2\/product\/89949\/revisions\/89950"}],"wp:featuredmedia":[{"embeddable":true,"href":"https:\/\/skinstudio.ee\/lv\/wp-json\/wp\/v2\/media\/89931"}],"wp:attachment":[{"href":"https:\/\/skinstudio.ee\/lv\/wp-json\/wp\/v2\/media?parent=89949"}],"wp:term":[{"taxonomy":"pwb-brand","embeddable":true,"href":"https:\/\/skinstudio.ee\/lv\/wp-json\/wp\/v2\/pwb-brand?post=89949"},{"taxonomy":"product_brand","embeddable":true,"href":"https:\/\/skinstudio.ee\/lv\/wp-json\/wp\/v2\/product_brand?post=89949"},{"taxonomy":"product_cat","embeddable":true,"href":"https:\/\/skinstudio.ee\/lv\/wp-json\/wp\/v2\/product_cat?post=89949"},{"taxonomy":"product_tag","embeddable":true,"href":"https:\/\/skinstudio.ee\/lv\/wp-json\/wp\/v2\/product_tag?post=89949"},{"taxonomy":"giftcard-category","embeddable":true,"href":"https:\/\/skinstudio.ee\/lv\/wp-json\/wp\/v2\/giftcard-category?post=89949"}],"curies":[{"name":"wp","href":"https:\/\/api.w.org\/{rel}","templated":true}]}}