{"id":89964,"date":"2026-04-08T09:29:00","date_gmt":"2026-04-08T09:29:00","guid":{"rendered":"https:\/\/skinstudio.ee\/?post_type=product&#038;p=89964"},"modified":"2026-04-08T09:31:51","modified_gmt":"2026-04-08T09:31:51","slug":"md-gentle-cleansing-balm","status":"publish","type":"product","link":"https:\/\/skinstudio.ee\/lv\/catalog\/image-skincare\/md-gentle-cleansing-balm\/","title":{"rendered":"MD Gentle Cleansing Balm"},"content":{"rendered":"<p data-start=\"71\" data-end=\"472\"><strong data-start=\"71\" data-end=\"117\">MD Gentle Cleansing Balm no Image Skincare<\/strong> &#8211; maigs, uz e\u013c\u013cas b\u0101zes veidots att\u012bro\u0161s balzams, kas paredz\u0113ts \u0101das att\u012br\u012b\u0161anai un atjauno\u0161an\u0101s atbalstam p\u0113c est\u0113tisk\u0101m proced\u016br\u0101m. Formula efekt\u012bvi no\u0146em net\u012brumus un kosm\u0113tikas paliekas, nesaboj\u0101jot \u0101das aizsargbarjeru, vienlaikus nodro\u0161inot mitrin\u0101\u0161anu un komfortu. Balzams p\u0101rv\u0113r\u0161as z\u012bdain\u0101 att\u012bro\u0161\u0101 pien\u0101, atst\u0101jot \u0101du t\u012bru, m\u012bkstu un nomierin\u0101tu.<\/p>\n<p data-start=\"474\" data-end=\"664\">L\u012bdzeklis pal\u012bdz atjaunot jut\u012bgu un boj\u0101tu \u0101du, samazina sausumu, diskomfortu un aps\u0101rtumu. Augu e\u013c\u013cu un nomierino\u0161u ekstraktu komplekss stiprina \u0101das barjeru un veicina \u0101tr\u0101ku atjauno\u0161anos.<\/p>\n<p data-start=\"666\" data-end=\"690\"><strong data-start=\"666\" data-end=\"690\">Akt\u012bv\u0101s sast\u0101vda\u013cas:<\/strong><\/p>\n<ul data-start=\"692\" data-end=\"1086\">\n<li data-section-id=\"1dcs8y0\" data-start=\"692\" data-end=\"791\"><strong data-start=\"694\" data-end=\"717\">V\u012bnogu kauli\u0146u e\u013c\u013ca<\/strong> &#8211; baro \u0101du, stiprina aizsargbarjeru un uzlabo \u0101das elast\u012bbu un maigumu.<\/li>\n<li data-section-id=\"1wyyvdg\" data-start=\"792\" data-end=\"892\"><strong data-start=\"794\" data-end=\"826\">Kumel\u012bte + vani\u013cas ekstrakti<\/strong> &#8211; nomierina \u0101du, samazina aps\u0101rtumu un atjauno komforta saj\u016btu.<\/li>\n<li data-section-id=\"1a12k38\" data-start=\"893\" data-end=\"1086\"><strong data-start=\"895\" data-end=\"993\">Fito antioksidantu komplekss (\u0101bolu cilmes \u0161\u016bnas + za\u013c\u0101 t\u0113ja + ol\u012bve\u013c\u013ca + opuncijas ekstrakts)<\/strong> &#8211; aizsarg\u0101 \u0101du no vides ietekmes, pal\u012bdz uztur\u0113t mitrin\u0101jumu un veicina \u0101das atjauno\u0161anos.<\/li>\n<\/ul>\n<p data-start=\"1088\" data-end=\"1207\"><strong data-start=\"1088\" data-end=\"1131\">Kam piem\u0113rots MD Gentle Cleansing Balm:<\/strong> jut\u012bgai, boj\u0101tai un dehidr\u0113tai \u0101dai, \u012bpa\u0161i p\u0113c proced\u016br\u0101m un pie aps\u0101rtuma.<\/p>\n<p data-start=\"1209\" data-end=\"1226\"><strong data-start=\"1209\" data-end=\"1221\">Tilpums:<\/strong> 28 g<\/p>\n","protected":false},"excerpt":{"rendered":"<p data-start=\"1561\" data-end=\"1589\">Maigs att\u012bro\u0161s sejas balzams<\/p>\n<h2 data-start=\"1591\" data-end=\"1645\"><strong data-start=\"1591\" data-end=\"1645\">\u012apa\u0161\u012bbas Image Skincare &#8211; MD Gentle Cleansing Balm<\/strong><\/h2>\n<p data-start=\"1647\" data-end=\"1831\">\u2714\ufe0f Maigi att\u012bra \u0101du bez kairin\u0101juma<br data-start=\"1682\" data-end=\"1685\" \/>\u2714\ufe0f Atbalsta un stiprina \u0101das barjeru<br data-start=\"1721\" data-end=\"1724\" \/>\u2714\ufe0f Nomierina jut\u012bgu un kairin\u0101tu \u0101du<br data-start=\"1760\" data-end=\"1763\" \/>\u2714\ufe0f Mitrina un nov\u0113r\u0161 sausumu<br data-start=\"1791\" data-end=\"1794\" \/>\u2714\ufe0f Padara \u0101du m\u012bkstu un komfortablu<\/p>\n","protected":false},"featured_media":89957,"template":"","meta":[],"pwb-brand":[1134],"product_brand":[],"product_cat":[715,1406,745],"product_tag":[],"giftcard-category":[],"class_list":{"0":"post-89964","1":"product","2":"type-product","3":"status-publish","4":"has-post-thumbnail","6":"pwb-brand-image-skincare","7":"product_cat-attirisana","8":"product_cat-jaunumi","9":"product_cat-jutigai-adai","11":"first","12":"instock","13":"sale","14":"taxable","15":"shipping-taxable","16":"purchasable","17":"product-type-simple"},"acf":[],"brands":[{"id":1134,"name":"Image Skincare","slug":"image-skincare"}],"_links":{"self":[{"href":"https:\/\/skinstudio.ee\/lv\/wp-json\/wp\/v2\/product\/89964","targetHints":{"allow":["GET"]}}],"collection":[{"href":"https:\/\/skinstudio.ee\/lv\/wp-json\/wp\/v2\/product"}],"about":[{"href":"https:\/\/skinstudio.ee\/lv\/wp-json\/wp\/v2\/types\/product"}],"version-history":[{"count":1,"href":"https:\/\/skinstudio.ee\/lv\/wp-json\/wp\/v2\/product\/89964\/revisions"}],"predecessor-version":[{"id":89965,"href":"https:\/\/skinstudio.ee\/lv\/wp-json\/wp\/v2\/product\/89964\/revisions\/89965"}],"wp:featuredmedia":[{"embeddable":true,"href":"https:\/\/skinstudio.ee\/lv\/wp-json\/wp\/v2\/media\/89957"}],"wp:attachment":[{"href":"https:\/\/skinstudio.ee\/lv\/wp-json\/wp\/v2\/media?parent=89964"}],"wp:term":[{"taxonomy":"pwb-brand","embeddable":true,"href":"https:\/\/skinstudio.ee\/lv\/wp-json\/wp\/v2\/pwb-brand?post=89964"},{"taxonomy":"product_brand","embeddable":true,"href":"https:\/\/skinstudio.ee\/lv\/wp-json\/wp\/v2\/product_brand?post=89964"},{"taxonomy":"product_cat","embeddable":true,"href":"https:\/\/skinstudio.ee\/lv\/wp-json\/wp\/v2\/product_cat?post=89964"},{"taxonomy":"product_tag","embeddable":true,"href":"https:\/\/skinstudio.ee\/lv\/wp-json\/wp\/v2\/product_tag?post=89964"},{"taxonomy":"giftcard-category","embeddable":true,"href":"https:\/\/skinstudio.ee\/lv\/wp-json\/wp\/v2\/giftcard-category?post=89964"}],"curies":[{"name":"wp","href":"https:\/\/api.w.org\/{rel}","templated":true}]}}