{"id":90078,"date":"2026-04-09T09:09:14","date_gmt":"2026-04-09T09:09:14","guid":{"rendered":"https:\/\/skinstudio.ee\/?post_type=product&#038;p=90078"},"modified":"2026-04-09T09:19:12","modified_gmt":"2026-04-09T09:19:12","slug":"heliocare-360-pigment-stick-color","status":"publish","type":"product","link":"https:\/\/skinstudio.ee\/lv\/catalog\/cantabria-labs-lv\/heliocare-360-pigment-stick-color\/","title":{"rendered":"Heliocare 360 Pigment Stick Color"},"content":{"rendered":"<p data-start=\"234\" data-end=\"495\"><strong data-start=\"234\" data-end=\"289\">Heliocare 360 Pigment Stick Color no Cantabria Labs<\/strong> ir kompakts ton\u0113jo\u0161s saules aizsargstiks, kas paredz\u0113ts ikdienas \u0101das aizsardz\u012bbai un pigment\u0101cijas korekcijai. \u0112rtais stick form\u0101ts \u013cauj produktu uzkl\u0101t prec\u012bzi un higi\u0113niski, bez tie\u0161a kontakta ar rok\u0101m.<\/p>\n<p data-start=\"497\" data-end=\"735\">Formula apvieno augsta l\u012bme\u0146a SPF50 aizsardz\u012bbu ar papildu aizsardz\u012bbu pret redzamo gaismu un vides faktoriem, kas veicina pigment\u0101cijas pastiprin\u0101\u0161anos. Beige tonis uzreiz izl\u012bdzina \u0101das toni un pal\u012bdz padar\u012bt nepiln\u012bbas maz\u0101k paman\u0101mas.<\/p>\n<p data-start=\"737\" data-end=\"917\">Viegl\u0101 tekst\u016bra vienm\u0113r\u012bgi kl\u0101jas uz \u0101das, to nenoslogojot, un \u013cauj viegli atjaunot aizsardz\u012bbu dienas laik\u0101, ar\u012b virs dekorat\u012bv\u0101s kosm\u0113tikas. \u0100da izskat\u0101s vienm\u0113r\u012bg\u0101ka un kopt\u0101ka.<\/p>\n<p data-start=\"919\" data-end=\"1084\">Praktiskais form\u0101ts padara produktu ide\u0101li piem\u0113rotu ikdienas lieto\u0161anai \u2014 pils\u0113t\u0101, ce\u013cojumos un situ\u0101cij\u0101s, kad nepiecie\u0161ama \u0101tra SPF atjauno\u0161ana un to\u0146a korekcija.<\/p>\n<p data-start=\"1086\" data-end=\"1334\"><strong data-start=\"1086\" data-end=\"1138\">Kam piem\u0113rots Heliocare 360 Pigment Stick Color:<\/strong> visiem \u0101das tipiem, tostarp jut\u012bgai \u0101dai, \u012bpa\u0161i pigment\u0101cijas, melasmas, p\u0113caknes plankumu un nevienm\u0113r\u012bga \u0101das to\u0146a gad\u012bjum\u0101. \u012apa\u0161i piem\u0113rots lok\u0101lai lieto\u0161anai un SPF atjauno\u0161anai dienas laik\u0101.<\/p>\n<p data-start=\"1336\" data-end=\"1367\"><strong data-start=\"1336\" data-end=\"1367\">Tilpums: 10 g &#8211; tonis Beige<\/strong><\/p>\n","protected":false},"excerpt":{"rendered":"<p data-start=\"1617\" data-end=\"1635\">Ton\u0113jo\u0161s SPF stiks<\/p>\n<h2 data-start=\"1637\" data-end=\"1700\"><strong data-start=\"1637\" data-end=\"1700\">\u012apa\u0161\u012bbas Cantabria Labs &#8211; Heliocare 360 Pigment Stick Color<\/strong><\/h2>\n<p data-start=\"1702\" data-end=\"1918\">\u2714\ufe0f Nodro\u0161ina pla\u0161a spektra SPF50 aizsardz\u012bbu<br data-start=\"1746\" data-end=\"1749\" \/>\u2714\ufe0f Uzreiz izl\u012bdzina \u0101das toni<br data-start=\"1778\" data-end=\"1781\" \/>\u2714\ufe0f Pal\u012bdz samazin\u0101t pigment\u0101cijas redzam\u012bbu<br data-start=\"1824\" data-end=\"1827\" \/>\u2714\ufe0f Piem\u0113rots prec\u012bzai lok\u0101lai lieto\u0161anai<br data-start=\"1867\" data-end=\"1870\" \/>\u2714\ufe0f \u0112rts aizsardz\u012bbas atjauno\u0161anai dienas laik\u0101<\/p>\n","protected":false},"featured_media":90060,"template":"","meta":[],"pwb-brand":[1201],"product_brand":[],"product_cat":[1406,751,731],"product_tag":[],"giftcard-category":[],"class_list":{"0":"post-90078","1":"product","2":"type-product","3":"status-publish","4":"has-post-thumbnail","6":"pwb-brand-cantabria-labs-lv","7":"product_cat-jaunumi","8":"product_cat-pigmentacija-lv","9":"product_cat-spf-aizsardziba","11":"first","12":"instock","13":"taxable","14":"shipping-taxable","15":"purchasable","16":"product-type-simple"},"acf":[],"brands":[{"id":1201,"name":"Cantabria Labs","slug":"cantabria-labs-lv"}],"_links":{"self":[{"href":"https:\/\/skinstudio.ee\/lv\/wp-json\/wp\/v2\/product\/90078","targetHints":{"allow":["GET"]}}],"collection":[{"href":"https:\/\/skinstudio.ee\/lv\/wp-json\/wp\/v2\/product"}],"about":[{"href":"https:\/\/skinstudio.ee\/lv\/wp-json\/wp\/v2\/types\/product"}],"version-history":[{"count":1,"href":"https:\/\/skinstudio.ee\/lv\/wp-json\/wp\/v2\/product\/90078\/revisions"}],"predecessor-version":[{"id":90079,"href":"https:\/\/skinstudio.ee\/lv\/wp-json\/wp\/v2\/product\/90078\/revisions\/90079"}],"wp:featuredmedia":[{"embeddable":true,"href":"https:\/\/skinstudio.ee\/lv\/wp-json\/wp\/v2\/media\/90060"}],"wp:attachment":[{"href":"https:\/\/skinstudio.ee\/lv\/wp-json\/wp\/v2\/media?parent=90078"}],"wp:term":[{"taxonomy":"pwb-brand","embeddable":true,"href":"https:\/\/skinstudio.ee\/lv\/wp-json\/wp\/v2\/pwb-brand?post=90078"},{"taxonomy":"product_brand","embeddable":true,"href":"https:\/\/skinstudio.ee\/lv\/wp-json\/wp\/v2\/product_brand?post=90078"},{"taxonomy":"product_cat","embeddable":true,"href":"https:\/\/skinstudio.ee\/lv\/wp-json\/wp\/v2\/product_cat?post=90078"},{"taxonomy":"product_tag","embeddable":true,"href":"https:\/\/skinstudio.ee\/lv\/wp-json\/wp\/v2\/product_tag?post=90078"},{"taxonomy":"giftcard-category","embeddable":true,"href":"https:\/\/skinstudio.ee\/lv\/wp-json\/wp\/v2\/giftcard-category?post=90078"}],"curies":[{"name":"wp","href":"https:\/\/api.w.org\/{rel}","templated":true}]}}