{"id":90217,"date":"2026-04-09T10:32:11","date_gmt":"2026-04-09T10:32:11","guid":{"rendered":"https:\/\/skinstudio.ee\/?post_type=product&#038;p=90217"},"modified":"2026-04-09T10:36:09","modified_gmt":"2026-04-09T10:36:09","slug":"aktuva-ak-100-prevent-stick","status":"publish","type":"product","link":"https:\/\/skinstudio.ee\/lv\/catalog\/cantabria-labs-lv\/aktuva-ak-100-prevent-stick\/","title":{"rendered":"Aktuva AK 100 Prevent Stick"},"content":{"rendered":"<p data-start=\"4877\" data-end=\"5139\"><strong data-start=\"4877\" data-end=\"4926\">Aktuva AK 100 Prevent Stick no Cantabria Labs<\/strong> ir saules aizsargstiks ar \u013coti augstu aizsardz\u012bbas l\u012bmeni, kas paredz\u0113ts lok\u0101lai lieto\u0161anai jut\u012bg\u0101s un \u012bpa\u0161i pak\u013caut\u0101s \u0101das zon\u0101s. Formula ir v\u0113rsta uz fotoboj\u0101jumu nov\u0113r\u0161anu un \u0101das aizsargfunkciju stiprin\u0101\u0161anu.<\/p>\n<p data-start=\"5141\" data-end=\"5314\">Produkts nodro\u0161ina uzticamu aizsardz\u012bbu pret UV starojumu, pal\u012bdz samazin\u0101t pigment\u0101cijas un fotonoveco\u0161an\u0101s risku. Tas stiprina \u0101das barjeru un aizsarg\u0101 visjut\u012bg\u0101k\u0101s zonas.<\/p>\n<p data-start=\"5316\" data-end=\"5493\">Stick form\u0101ts nodro\u0161ina prec\u012bzu un \u0101tru uzkl\u0101\u0161anu bez tie\u0161a kontakta ar rok\u0101m, kas padara to \u012bpa\u0161i \u0113rtu lok\u0101lai lieto\u0161anai. Var lietot ar\u012b dienas laik\u0101, tostarp virs kosm\u0113tikas.<\/p>\n<p data-start=\"5495\" data-end=\"5652\">Piem\u0113rots regul\u0101rai lieto\u0161anai intens\u012bvas saules iedarb\u012bbas apst\u0101k\u013cos un da\u017e\u0101d\u0101m zon\u0101m \u2014 sejai, l\u016bp\u0101m, degunam, vaigu kauliem, r\u0113t\u0101m un pigment\u0101cijas viet\u0101m.<\/p>\n<p data-start=\"5654\" data-end=\"5811\"><strong data-start=\"5654\" data-end=\"5700\">Kam piem\u0113rots Aktuva AK 100 Prevent Stick:<\/strong> piem\u0113rots visiem \u0101das tipiem, tostarp jut\u012bgai \u0101dai, \u012bpa\u0161i pigment\u0101cijas, fotoboj\u0101jumu un jut\u012bgu zonu gad\u012bjum\u0101.<\/p>\n<p data-start=\"5813\" data-end=\"5831\"><strong data-start=\"5813\" data-end=\"5831\">Tilpums: 15 ml<\/strong><\/p>\n","protected":false},"excerpt":{"rendered":"<p data-start=\"6058\" data-end=\"6084\">Saules aizsargstiks SPF50+<\/p>\n<h2 data-start=\"6086\" data-end=\"6143\"><strong data-start=\"6086\" data-end=\"6143\">\u012apa\u0161\u012bbas Cantabria Labs &#8211; Aktuva AK 100 Prevent Stick<\/strong><\/h2>\n<p data-start=\"6145\" data-end=\"6304\">\u2714\ufe0f Nodro\u0161ina \u013coti augstu aizsardz\u012bbu<br data-start=\"6181\" data-end=\"6184\" \/>\u2714\ufe0f Nov\u0113r\u0161 pigment\u0101cijas veido\u0161anos<br data-start=\"6218\" data-end=\"6221\" \/>\u2714\ufe0f Aizsarg\u0101 jut\u012bg\u0101s zonas<br data-start=\"6246\" data-end=\"6249\" \/>\u2714\ufe0f Stiprina \u0101das barjeru<br data-start=\"6273\" data-end=\"6276\" \/>\u2714\ufe0f \u0112rts lok\u0101lai lieto\u0161anai<\/p>\n","protected":false},"featured_media":90198,"template":"","meta":[],"pwb-brand":[1201],"product_brand":[],"product_cat":[1406,731],"product_tag":[],"giftcard-category":[],"class_list":{"0":"post-90217","1":"product","2":"type-product","3":"status-publish","4":"has-post-thumbnail","6":"pwb-brand-cantabria-labs-lv","7":"product_cat-jaunumi","8":"product_cat-spf-aizsardziba","10":"first","11":"instock","12":"taxable","13":"shipping-taxable","14":"purchasable","15":"product-type-simple"},"acf":[],"brands":[{"id":1201,"name":"Cantabria Labs","slug":"cantabria-labs-lv"}],"_links":{"self":[{"href":"https:\/\/skinstudio.ee\/lv\/wp-json\/wp\/v2\/product\/90217","targetHints":{"allow":["GET"]}}],"collection":[{"href":"https:\/\/skinstudio.ee\/lv\/wp-json\/wp\/v2\/product"}],"about":[{"href":"https:\/\/skinstudio.ee\/lv\/wp-json\/wp\/v2\/types\/product"}],"version-history":[{"count":2,"href":"https:\/\/skinstudio.ee\/lv\/wp-json\/wp\/v2\/product\/90217\/revisions"}],"predecessor-version":[{"id":90221,"href":"https:\/\/skinstudio.ee\/lv\/wp-json\/wp\/v2\/product\/90217\/revisions\/90221"}],"wp:featuredmedia":[{"embeddable":true,"href":"https:\/\/skinstudio.ee\/lv\/wp-json\/wp\/v2\/media\/90198"}],"wp:attachment":[{"href":"https:\/\/skinstudio.ee\/lv\/wp-json\/wp\/v2\/media?parent=90217"}],"wp:term":[{"taxonomy":"pwb-brand","embeddable":true,"href":"https:\/\/skinstudio.ee\/lv\/wp-json\/wp\/v2\/pwb-brand?post=90217"},{"taxonomy":"product_brand","embeddable":true,"href":"https:\/\/skinstudio.ee\/lv\/wp-json\/wp\/v2\/product_brand?post=90217"},{"taxonomy":"product_cat","embeddable":true,"href":"https:\/\/skinstudio.ee\/lv\/wp-json\/wp\/v2\/product_cat?post=90217"},{"taxonomy":"product_tag","embeddable":true,"href":"https:\/\/skinstudio.ee\/lv\/wp-json\/wp\/v2\/product_tag?post=90217"},{"taxonomy":"giftcard-category","embeddable":true,"href":"https:\/\/skinstudio.ee\/lv\/wp-json\/wp\/v2\/giftcard-category?post=90217"}],"curies":[{"name":"wp","href":"https:\/\/api.w.org\/{rel}","templated":true}]}}