{"id":90286,"date":"2026-04-09T10:44:42","date_gmt":"2026-04-09T10:44:42","guid":{"rendered":"https:\/\/skinstudio.ee\/?post_type=product&#038;p=90286"},"modified":"2026-04-09T11:23:02","modified_gmt":"2026-04-09T11:23:02","slug":"endocare-radiance-vitamin-c20-serum","status":"publish","type":"product","link":"https:\/\/skinstudio.ee\/lv\/catalog\/cantabria-labs-lv\/endocare-radiance-vitamin-c20-serum\/","title":{"rendered":"Endocare Radiance Vitamin C20 Serum"},"content":{"rendered":"<p data-start=\"163\" data-end=\"477\"><strong data-start=\"163\" data-end=\"220\">Endocare Radiance Vitamin C20 Serum no Cantabria Labs<\/strong> ir augstas koncentr\u0101cijas serums ar 20% C vitam\u012bna, kas paredz\u0113ts \u0101das izgaismo\u0161anai, to\u0146a izl\u012bdzin\u0101\u0161anai un tvirtuma uzlabo\u0161anai. Formula ir v\u0113rsta uz fotonoveco\u0161an\u0101s paz\u012bmju mazin\u0101\u0161anu, tostarp bl\u0101vu \u0101das toni, pigment\u0101ciju un \u0101das bl\u012bvuma samazin\u0101\u0161anos.<\/p>\n<p data-start=\"479\" data-end=\"753\">C vitam\u012bna komplekss apvieno 15% t\u012bras L-askorb\u012bnsk\u0101bes ar 5% stabiliz\u0113ta C vitam\u012bna, nodro\u0161inot gan t\u016bl\u012bt\u0113ju antioksidat\u012bvu iedarb\u012bbu, gan ilgsto\u0161u efektu. Serums uzlabo \u0101das tekst\u016bru, padara to glud\u0101ku un vienm\u0113r\u012bg\u0101ku, vienlaikus veicinot kolag\u0113na sint\u0113zi un \u0101das bl\u012bvumu.<\/p>\n<p data-start=\"755\" data-end=\"1018\">EDAFENCE\u00ae tehnolo\u0123ija pastiprina aizsardz\u012bbu pret vides ietekmi, pal\u012bdzot samazin\u0101t faktoru ietekmi, kas pa\u0101trina priek\u0161laic\u012bgu noveco\u0161anos. Formula pal\u012bdz neitraliz\u0113t br\u012bvos radik\u0101\u013cus un samazin\u0101t oksidat\u012bvo stresu, veicinot svaig\u0101ku un starojo\u0161\u0101ku \u0101das izskatu.<\/p>\n<p data-start=\"1020\" data-end=\"1138\">Regul\u0101ra lieto\u0161ana pal\u012bdz padar\u012bt \u0101du gai\u0161\u0101ku, tvirt\u0101ku un vizu\u0101li atjaunot\u0101ku, uzlabojot t\u0101s kop\u0113jo toni un st\u0101vokli.<\/p>\n<p data-start=\"1140\" data-end=\"1360\"><strong data-start=\"1140\" data-end=\"1194\">Kam piem\u0113rots Endocare Radiance Vitamin C20 Serum:<\/strong> piem\u0113rots visiem \u0101das tipiem, \u012bpa\u0161i bl\u0101vai \u0101dai, pigment\u0101cijas gad\u012bjum\u0101, fotonoveco\u0161an\u0101s paz\u012bmju un elast\u012bbas zuduma gad\u012bjum\u0101. Piem\u0113rots ikdienas lieto\u0161anai no r\u012bta.<\/p>\n<p data-start=\"1362\" data-end=\"1380\"><strong data-start=\"1362\" data-end=\"1380\">Tilpums: 30 ml<\/strong><\/p>\n","protected":false},"excerpt":{"rendered":"<p data-start=\"1684\" data-end=\"1705\">C vitam\u012bna serums 20%<\/p>\n<h2 data-start=\"1707\" data-end=\"1772\"><strong data-start=\"1707\" data-end=\"1772\">\u012apa\u0161\u012bbas Cantabria Labs &#8211; Endocare Radiance Vitamin C20 Serum<\/strong><\/h2>\n<p data-start=\"1774\" data-end=\"1961\">\u2714\ufe0f Padara \u0101du gai\u0161\u0101ku un starojo\u0161\u0101ku<br data-start=\"1810\" data-end=\"1813\" \/>\u2714\ufe0f Izl\u012bdzina \u0101das toni un tekst\u016bru<br data-start=\"1847\" data-end=\"1850\" \/>\u2714\ufe0f Uzlabo \u0101das tvirtumu un bl\u012bvumu<br data-start=\"1884\" data-end=\"1887\" \/>\u2714\ufe0f Samazina pigment\u0101cijas redzam\u012bbu<br data-start=\"1922\" data-end=\"1925\" \/>\u2714\ufe0f Aizsarg\u0101 pret oksidat\u012bvo stresu<\/p>\n","protected":false},"featured_media":90243,"template":"","meta":[],"pwb-brand":[1201],"product_brand":[],"product_cat":[729,1406,749,751,723],"product_tag":[],"giftcard-category":[],"class_list":{"0":"post-90286","1":"product","2":"type-product","3":"status-publish","4":"has-post-thumbnail","6":"pwb-brand-cantabria-labs-lv","7":"product_cat-c-vitamins","8":"product_cat-jaunumi","9":"product_cat-novecojosa-ada","10":"product_cat-pigmentacija-lv","11":"product_cat-serumi","13":"first","14":"instock","15":"taxable","16":"shipping-taxable","17":"purchasable","18":"product-type-simple"},"acf":[],"brands":[{"id":1201,"name":"Cantabria Labs","slug":"cantabria-labs-lv"}],"_links":{"self":[{"href":"https:\/\/skinstudio.ee\/lv\/wp-json\/wp\/v2\/product\/90286","targetHints":{"allow":["GET"]}}],"collection":[{"href":"https:\/\/skinstudio.ee\/lv\/wp-json\/wp\/v2\/product"}],"about":[{"href":"https:\/\/skinstudio.ee\/lv\/wp-json\/wp\/v2\/types\/product"}],"version-history":[{"count":1,"href":"https:\/\/skinstudio.ee\/lv\/wp-json\/wp\/v2\/product\/90286\/revisions"}],"predecessor-version":[{"id":90287,"href":"https:\/\/skinstudio.ee\/lv\/wp-json\/wp\/v2\/product\/90286\/revisions\/90287"}],"wp:featuredmedia":[{"embeddable":true,"href":"https:\/\/skinstudio.ee\/lv\/wp-json\/wp\/v2\/media\/90243"}],"wp:attachment":[{"href":"https:\/\/skinstudio.ee\/lv\/wp-json\/wp\/v2\/media?parent=90286"}],"wp:term":[{"taxonomy":"pwb-brand","embeddable":true,"href":"https:\/\/skinstudio.ee\/lv\/wp-json\/wp\/v2\/pwb-brand?post=90286"},{"taxonomy":"product_brand","embeddable":true,"href":"https:\/\/skinstudio.ee\/lv\/wp-json\/wp\/v2\/product_brand?post=90286"},{"taxonomy":"product_cat","embeddable":true,"href":"https:\/\/skinstudio.ee\/lv\/wp-json\/wp\/v2\/product_cat?post=90286"},{"taxonomy":"product_tag","embeddable":true,"href":"https:\/\/skinstudio.ee\/lv\/wp-json\/wp\/v2\/product_tag?post=90286"},{"taxonomy":"giftcard-category","embeddable":true,"href":"https:\/\/skinstudio.ee\/lv\/wp-json\/wp\/v2\/giftcard-category?post=90286"}],"curies":[{"name":"wp","href":"https:\/\/api.w.org\/{rel}","templated":true}]}}