{"id":90317,"date":"2026-04-09T11:29:50","date_gmt":"2026-04-09T11:29:50","guid":{"rendered":"https:\/\/skinstudio.ee\/?post_type=product&#038;p=90317"},"modified":"2026-04-09T11:34:50","modified_gmt":"2026-04-09T11:34:50","slug":"endocare-age-barrier-hyaluboost-gel-cream","status":"publish","type":"product","link":"https:\/\/skinstudio.ee\/lv\/catalog\/cantabria-labs-lv\/endocare-age-barrier-hyaluboost-gel-cream\/","title":{"rendered":"Endocare Age Barrier Hyaluboost Gel Cream"},"content":{"rendered":"<p data-start=\"166\" data-end=\"495\"><strong data-start=\"166\" data-end=\"229\">Endocare Age Barrier Hyaluboost Gel Cream no Cantabria Labs<\/strong> ir mitrino\u0161s g\u0113lkr\u0113ms, kas izstr\u0101d\u0101ts intens\u012bvai mitrin\u0101\u0161anai un \u0101das aizsargbarjeras stiprin\u0101\u0161anai. Formula ir v\u0113rsta uz dehidrat\u0101cijas mazin\u0101\u0161anu, \u0101das tvirtuma uzlabo\u0161anu un agr\u012bno noveco\u0161an\u0101s paz\u012bmju, piem\u0113ram, smalko l\u012bniju un bl\u012bvuma samazin\u0101\u0161an\u0101s, korekciju.<\/p>\n<p data-start=\"497\" data-end=\"706\">Da\u017e\u0101du molekulmasu hialuronsk\u0101bes sist\u0113ma nodro\u0161ina daudzl\u012bme\u0146u mitrin\u0101\u0161anu, pal\u012bdzot saglab\u0101t mitrumu gan \u0101das virspus\u0113, gan dzi\u013c\u0101kajos sl\u0101\u0146os. Tas pal\u012bdz padar\u012bt \u0101du glud\u0101ku, bl\u012bv\u0101ku un vizu\u0101li piepild\u012bt\u0101ku.<\/p>\n<p data-start=\"708\" data-end=\"943\">3% niacinam\u012bds stiprina \u0101das barjeru, uzlabo t\u0101s notur\u012bbu pret \u0101r\u0113jiem faktoriem un pal\u012bdz izl\u012bdzin\u0101t \u0101das toni. EDAFENCE\u00ae tehnolo\u0123ija pastiprina aizsardz\u012bbu pret vides ietekmi, kas pa\u0101trina noveco\u0161anos un v\u0101jina \u0101das aizsargfunkcijas.<\/p>\n<p data-start=\"945\" data-end=\"1092\">Regul\u0101ra lieto\u0161ana pal\u012bdz palielin\u0101t \u0101das mitruma l\u012bmeni, uzlabot t\u0101s visp\u0101r\u0113jo st\u0101vokli un saglab\u0101t vesel\u012bg\u0101ku, tvirt\u0101ku un l\u012bdzsvarot\u0101ku izskatu.<\/p>\n<p data-start=\"1094\" data-end=\"1354\"><strong data-start=\"1094\" data-end=\"1154\">Kam piem\u0113rots Endocare Age Barrier Hyaluboost Gel Cream:<\/strong> piem\u0113rots visiem \u0101das tipiem, tostarp jut\u012bgai \u0101dai, \u012bpa\u0161i dehidrat\u0101cijas, tvirtuma samazin\u0101\u0161an\u0101s, smalko l\u012bniju un nov\u0101jin\u0101tas \u0101das barjeras gad\u012bjum\u0101. Piem\u0113rots ikdienas lieto\u0161anai no r\u012bta un vakar\u0101.<\/p>\n<p data-start=\"1356\" data-end=\"1374\"><strong data-start=\"1356\" data-end=\"1374\">Tilpums: 50 ml<\/strong><\/p>\n","protected":false},"excerpt":{"rendered":"<p data-start=\"1600\" data-end=\"1624\">Mitrino\u0161s g\u0113lkr\u0113ms sejai<\/p>\n<h2 data-start=\"1626\" data-end=\"1697\"><strong data-start=\"1626\" data-end=\"1697\">\u012apa\u0161\u012bbas Cantabria Labs &#8211; Endocare Age Barrier Hyaluboost Gel Cream<\/strong><\/h2>\n<p data-start=\"1699\" data-end=\"1889\">\u2714\ufe0f Nodro\u0161ina intens\u012bvu daudzl\u012bme\u0146u mitrin\u0101\u0161anu<br data-start=\"1745\" data-end=\"1748\" \/>\u2714\ufe0f Stiprina \u0101das aizsargbarjeru<br data-start=\"1779\" data-end=\"1782\" \/>\u2714\ufe0f Uzlabo \u0101das tvirtumu un bl\u012bvumu<br data-start=\"1816\" data-end=\"1819\" \/>\u2714\ufe0f Izl\u012bdzina dehidrat\u0101cijas l\u012bnijas<br data-start=\"1854\" data-end=\"1857\" \/>\u2714\ufe0f Uzlabo \u0101das kop\u0113jo st\u0101vokli<\/p>\n","protected":false},"featured_media":90294,"template":"","meta":[],"pwb-brand":[1201],"product_brand":[],"product_cat":[737,739],"product_tag":[],"giftcard-category":[],"class_list":{"0":"post-90317","1":"product","2":"type-product","3":"status-publish","4":"has-post-thumbnail","6":"pwb-brand-cantabria-labs-lv","7":"product_cat-mitrinasana","8":"product_cat-sausai-adai","10":"first","11":"instock","12":"taxable","13":"shipping-taxable","14":"purchasable","15":"product-type-simple"},"acf":[],"brands":[{"id":1201,"name":"Cantabria Labs","slug":"cantabria-labs-lv"}],"_links":{"self":[{"href":"https:\/\/skinstudio.ee\/lv\/wp-json\/wp\/v2\/product\/90317","targetHints":{"allow":["GET"]}}],"collection":[{"href":"https:\/\/skinstudio.ee\/lv\/wp-json\/wp\/v2\/product"}],"about":[{"href":"https:\/\/skinstudio.ee\/lv\/wp-json\/wp\/v2\/types\/product"}],"version-history":[{"count":1,"href":"https:\/\/skinstudio.ee\/lv\/wp-json\/wp\/v2\/product\/90317\/revisions"}],"predecessor-version":[{"id":90318,"href":"https:\/\/skinstudio.ee\/lv\/wp-json\/wp\/v2\/product\/90317\/revisions\/90318"}],"wp:featuredmedia":[{"embeddable":true,"href":"https:\/\/skinstudio.ee\/lv\/wp-json\/wp\/v2\/media\/90294"}],"wp:attachment":[{"href":"https:\/\/skinstudio.ee\/lv\/wp-json\/wp\/v2\/media?parent=90317"}],"wp:term":[{"taxonomy":"pwb-brand","embeddable":true,"href":"https:\/\/skinstudio.ee\/lv\/wp-json\/wp\/v2\/pwb-brand?post=90317"},{"taxonomy":"product_brand","embeddable":true,"href":"https:\/\/skinstudio.ee\/lv\/wp-json\/wp\/v2\/product_brand?post=90317"},{"taxonomy":"product_cat","embeddable":true,"href":"https:\/\/skinstudio.ee\/lv\/wp-json\/wp\/v2\/product_cat?post=90317"},{"taxonomy":"product_tag","embeddable":true,"href":"https:\/\/skinstudio.ee\/lv\/wp-json\/wp\/v2\/product_tag?post=90317"},{"taxonomy":"giftcard-category","embeddable":true,"href":"https:\/\/skinstudio.ee\/lv\/wp-json\/wp\/v2\/giftcard-category?post=90317"}],"curies":[{"name":"wp","href":"https:\/\/api.w.org\/{rel}","templated":true}]}}