{"id":90338,"date":"2026-04-09T11:41:18","date_gmt":"2026-04-09T11:41:18","guid":{"rendered":"https:\/\/skinstudio.ee\/?post_type=product&#038;p=90338"},"modified":"2026-04-09T12:00:52","modified_gmt":"2026-04-09T12:00:52","slug":"iraltone-reset-deep-cleansing-shampoo","status":"publish","type":"product","link":"https:\/\/skinstudio.ee\/lv\/catalog\/cantabria-labs-lv\/iraltone-reset-deep-cleansing-shampoo\/","title":{"rendered":"Iraltone Reset Deep Cleansing Shampoo"},"content":{"rendered":"<p data-start=\"163\" data-end=\"483\"><strong data-start=\"163\" data-end=\"222\">Iraltone Reset Deep Cleansing Shampoo no Cantabria Labs<\/strong> ir dzi\u013ci att\u012bro\u0161s \u0161amp\u016bns, kas efekt\u012bvi no\u0146em lieko sebumu, net\u012brumus un veido\u0161anas l\u012bdzek\u013cu atlikumus, vienlaikus saglab\u0101jot galvas \u0101das l\u012bdzsvaru. Formula nodro\u0161ina r\u016bp\u012bgu att\u012br\u012b\u0161anu, neboj\u0101jot aizsargbarjeru, un pal\u012bdz uztur\u0113t galvas \u0101das vesel\u012bgu st\u0101vokli.<\/p>\n<p data-start=\"485\" data-end=\"683\">\u0160amp\u016bns apvieno att\u012bro\u0161as sast\u0101vda\u013cas ar sebumu regul\u0113jo\u0161u iedarb\u012bbu, pal\u012bdzot saglab\u0101t l\u012bdzsvaru ar\u012b taukainas galvas \u0101das gad\u012bjum\u0101. Tas nodro\u0161ina t\u012br\u012bbas un svaiguma saj\u016btu bez izsausino\u0161a efekta.<\/p>\n<p data-start=\"685\" data-end=\"866\">Prebiotikas pal\u012bdz uztur\u0113t galvas \u0101das mikrobioma l\u012bdzsvaru, samazinot niezi un diskomfortu. Akt\u012bvo sast\u0101vda\u013cu komplekss stiprina matus un uzlabo to notur\u012bbu pret \u0101r\u0113jiem faktoriem.<\/p>\n<p data-start=\"868\" data-end=\"1019\">MetforHair\u00ae tehnolo\u0123ija atbalsta matu kvalit\u0101ti un pal\u012bdz c\u012bn\u012bties ar priek\u0161laic\u012bgas noveco\u0161an\u0101s paz\u012bm\u0113m, veicinot stipr\u0101ku un vesel\u012bg\u0101ku matu izskatu.<\/p>\n<p data-start=\"1021\" data-end=\"1237\"><strong data-start=\"1021\" data-end=\"1077\">Kam piem\u0113rots Iraltone Reset Deep Cleansing Shampoo:<\/strong> piem\u0113rots norm\u0101lai un taukainai galvas \u0101dai, k\u0101 ar\u012b tiem, kas lieto veido\u0161anas l\u012bdzek\u013cus. Piem\u0113rots galvas \u0101das att\u012br\u012b\u0161anai, niezes un diskomforta mazin\u0101\u0161anai.<\/p>\n<p data-start=\"1239\" data-end=\"1258\"><strong data-start=\"1239\" data-end=\"1258\">Tilpums: 250 ml<\/strong><\/p>\n","protected":false},"excerpt":{"rendered":"<p data-start=\"1581\" data-end=\"1603\">Dzi\u013ci att\u012bro\u0161s \u0161amp\u016bns<\/p>\n<h2 data-start=\"1605\" data-end=\"1672\"><strong data-start=\"1605\" data-end=\"1672\">\u012apa\u0161\u012bbas Cantabria Labs &#8211; Iraltone Reset Deep Cleansing Shampoo<\/strong><\/h2>\n<p data-start=\"1674\" data-end=\"1863\">\u2714\ufe0f Dzi\u013ci att\u012bra galvas \u0101du un matus<br data-start=\"1709\" data-end=\"1712\" \/>\u2714\ufe0f Regul\u0113 sebuma izdal\u012b\u0161anos<br data-start=\"1740\" data-end=\"1743\" \/>\u2714\ufe0f Samazina niezi un diskomfortu<br data-start=\"1775\" data-end=\"1778\" \/>\u2714\ufe0f Uztur galvas \u0101das mikrobioma l\u012bdzsvaru<br data-start=\"1819\" data-end=\"1822\" \/>\u2714\ufe0f Stiprina matus un uzlabo to notur\u012bbu<\/p>\n","protected":false},"featured_media":90325,"template":"","meta":[],"pwb-brand":[1201],"product_brand":[],"product_cat":[762],"product_tag":[],"giftcard-category":[],"class_list":{"0":"post-90338","1":"product","2":"type-product","3":"status-publish","4":"has-post-thumbnail","6":"pwb-brand-cantabria-labs-lv","7":"product_cat-matu-kopsana","9":"first","10":"instock","11":"taxable","12":"shipping-taxable","13":"purchasable","14":"product-type-simple"},"acf":[],"brands":[{"id":1201,"name":"Cantabria Labs","slug":"cantabria-labs-lv"}],"_links":{"self":[{"href":"https:\/\/skinstudio.ee\/lv\/wp-json\/wp\/v2\/product\/90338","targetHints":{"allow":["GET"]}}],"collection":[{"href":"https:\/\/skinstudio.ee\/lv\/wp-json\/wp\/v2\/product"}],"about":[{"href":"https:\/\/skinstudio.ee\/lv\/wp-json\/wp\/v2\/types\/product"}],"version-history":[{"count":1,"href":"https:\/\/skinstudio.ee\/lv\/wp-json\/wp\/v2\/product\/90338\/revisions"}],"predecessor-version":[{"id":90340,"href":"https:\/\/skinstudio.ee\/lv\/wp-json\/wp\/v2\/product\/90338\/revisions\/90340"}],"wp:featuredmedia":[{"embeddable":true,"href":"https:\/\/skinstudio.ee\/lv\/wp-json\/wp\/v2\/media\/90325"}],"wp:attachment":[{"href":"https:\/\/skinstudio.ee\/lv\/wp-json\/wp\/v2\/media?parent=90338"}],"wp:term":[{"taxonomy":"pwb-brand","embeddable":true,"href":"https:\/\/skinstudio.ee\/lv\/wp-json\/wp\/v2\/pwb-brand?post=90338"},{"taxonomy":"product_brand","embeddable":true,"href":"https:\/\/skinstudio.ee\/lv\/wp-json\/wp\/v2\/product_brand?post=90338"},{"taxonomy":"product_cat","embeddable":true,"href":"https:\/\/skinstudio.ee\/lv\/wp-json\/wp\/v2\/product_cat?post=90338"},{"taxonomy":"product_tag","embeddable":true,"href":"https:\/\/skinstudio.ee\/lv\/wp-json\/wp\/v2\/product_tag?post=90338"},{"taxonomy":"giftcard-category","embeddable":true,"href":"https:\/\/skinstudio.ee\/lv\/wp-json\/wp\/v2\/giftcard-category?post=90338"}],"curies":[{"name":"wp","href":"https:\/\/api.w.org\/{rel}","templated":true}]}}