{"id":90362,"date":"2026-04-09T13:03:03","date_gmt":"2026-04-09T13:03:03","guid":{"rendered":"https:\/\/skinstudio.ee\/?post_type=product&#038;p=90362"},"modified":"2026-04-09T13:05:18","modified_gmt":"2026-04-09T13:05:18","slug":"iraltone-barrier-comfort-repair-shampoo","status":"publish","type":"product","link":"https:\/\/skinstudio.ee\/lv\/catalog\/cantabria-labs-lv\/iraltone-barrier-comfort-repair-shampoo\/","title":{"rendered":"Iraltone Barrier Comfort Repair Shampoo"},"content":{"rendered":"<p data-start=\"171\" data-end=\"448\"><strong data-start=\"171\" data-end=\"232\">Iraltone Barrier Comfort Repair Shampoo no Cantabria Labs<\/strong> ir maigs atjaunojo\u0161s \u0161amp\u016bns, kas paredz\u0113ts saudz\u012bgai att\u012br\u012b\u0161anai un galvas \u0101das aizsargbarjeras stiprin\u0101\u0161anai. Formula pal\u012bdz samazin\u0101t sausumu, diskomfortu un atjaunot jut\u012bgas un nov\u0101jin\u0101tas galvas \u0101das l\u012bdzsvaru.<\/p>\n<p data-start=\"450\" data-end=\"648\">\u0160amp\u016bns att\u012bra galvas \u0101du bez agres\u012bvas iedarb\u012bbas, pal\u012bdzot saglab\u0101t t\u0101s dabisk\u0101s aizsargfunkcijas. Tas mazina sausuma un savilkuma saj\u016btu, uzlabo mitruma l\u012bmeni un padara galvas \u0101du komfortabl\u0101ku.<\/p>\n<p data-start=\"650\" data-end=\"856\">Niacinam\u012bds nomierina galvas \u0101du, samazina kairin\u0101jumu un atbalsta aizsargbarjeras atjauno\u0161anos. Akt\u012bvo sast\u0101vda\u013cu komplekss stiprina matus, uzlabo to strukt\u016bru un palielina iztur\u012bbu pret \u0101r\u0113jiem faktoriem.<\/p>\n<p data-start=\"858\" data-end=\"1010\">MetforHair\u00ae tehnolo\u0123ija pal\u012bdz uztur\u0113t matu kvalit\u0101ti un aizsarg\u0101 pret priek\u0161laic\u012bgas noveco\u0161an\u0101s paz\u012bm\u0113m, veicinot stipr\u0101ku un vesel\u012bg\u0101ku matu izskatu.<\/p>\n<p data-start=\"1012\" data-end=\"1277\"><strong data-start=\"1012\" data-end=\"1070\">Kam piem\u0113rots Iraltone Barrier Comfort Repair Shampoo:<\/strong> piem\u0113rots norm\u0101lai l\u012bdz sausai galvas \u0101dai, tostarp jut\u012bgai un nov\u0101jin\u0101tai. Piem\u0113rots sausuma, kairin\u0101juma un diskomforta gad\u012bjum\u0101, k\u0101 ar\u012b galvas \u0101das atjauno\u0161an\u0101s period\u0101, tostarp p\u0113c agres\u012bv\u0101m proced\u016br\u0101m.<\/p>\n<p data-start=\"1279\" data-end=\"1298\"><strong data-start=\"1279\" data-end=\"1298\">Tilpums: 250 ml<\/strong><\/p>\n","protected":false},"excerpt":{"rendered":"<p data-start=\"1619\" data-end=\"1650\">Atjaunojo\u0161s \u0161amp\u016bns galvas \u0101dai<\/p>\n<h2 data-start=\"1652\" data-end=\"1721\"><strong data-start=\"1652\" data-end=\"1721\">\u012apa\u0161\u012bbas Cantabria Labs &#8211; Iraltone Barrier Comfort Repair Shampoo<\/strong><\/h2>\n<p data-start=\"1723\" data-end=\"1918\">\u2714\ufe0f Maigi att\u012bra, neboj\u0101jot aizsargbarjeru<br data-start=\"1764\" data-end=\"1767\" \/>\u2714\ufe0f Samazina sausumu un diskomfortu<br data-start=\"1801\" data-end=\"1804\" \/>\u2714\ufe0f Nomierina un mazina kairin\u0101jumu<br data-start=\"1838\" data-end=\"1841\" \/>\u2714\ufe0f Stiprina matus un uzlabo to strukt\u016bru<br data-start=\"1881\" data-end=\"1884\" \/>\u2714\ufe0f Piem\u0113rots ikdienas lieto\u0161anai<\/p>\n","protected":false},"featured_media":90348,"template":"","meta":[],"pwb-brand":[1201],"product_brand":[],"product_cat":[1406,762],"product_tag":[],"giftcard-category":[],"class_list":{"0":"post-90362","1":"product","2":"type-product","3":"status-publish","4":"has-post-thumbnail","6":"pwb-brand-cantabria-labs-lv","7":"product_cat-jaunumi","8":"product_cat-matu-kopsana","10":"first","11":"instock","12":"taxable","13":"shipping-taxable","14":"purchasable","15":"product-type-simple"},"acf":[],"brands":[{"id":1201,"name":"Cantabria Labs","slug":"cantabria-labs-lv"}],"_links":{"self":[{"href":"https:\/\/skinstudio.ee\/lv\/wp-json\/wp\/v2\/product\/90362","targetHints":{"allow":["GET"]}}],"collection":[{"href":"https:\/\/skinstudio.ee\/lv\/wp-json\/wp\/v2\/product"}],"about":[{"href":"https:\/\/skinstudio.ee\/lv\/wp-json\/wp\/v2\/types\/product"}],"version-history":[{"count":1,"href":"https:\/\/skinstudio.ee\/lv\/wp-json\/wp\/v2\/product\/90362\/revisions"}],"predecessor-version":[{"id":90363,"href":"https:\/\/skinstudio.ee\/lv\/wp-json\/wp\/v2\/product\/90362\/revisions\/90363"}],"wp:featuredmedia":[{"embeddable":true,"href":"https:\/\/skinstudio.ee\/lv\/wp-json\/wp\/v2\/media\/90348"}],"wp:attachment":[{"href":"https:\/\/skinstudio.ee\/lv\/wp-json\/wp\/v2\/media?parent=90362"}],"wp:term":[{"taxonomy":"pwb-brand","embeddable":true,"href":"https:\/\/skinstudio.ee\/lv\/wp-json\/wp\/v2\/pwb-brand?post=90362"},{"taxonomy":"product_brand","embeddable":true,"href":"https:\/\/skinstudio.ee\/lv\/wp-json\/wp\/v2\/product_brand?post=90362"},{"taxonomy":"product_cat","embeddable":true,"href":"https:\/\/skinstudio.ee\/lv\/wp-json\/wp\/v2\/product_cat?post=90362"},{"taxonomy":"product_tag","embeddable":true,"href":"https:\/\/skinstudio.ee\/lv\/wp-json\/wp\/v2\/product_tag?post=90362"},{"taxonomy":"giftcard-category","embeddable":true,"href":"https:\/\/skinstudio.ee\/lv\/wp-json\/wp\/v2\/giftcard-category?post=90362"}],"curies":[{"name":"wp","href":"https:\/\/api.w.org\/{rel}","templated":true}]}}