{"id":90382,"date":"2026-04-09T13:09:53","date_gmt":"2026-04-09T13:09:53","guid":{"rendered":"https:\/\/skinstudio.ee\/?post_type=product&#038;p=90382"},"modified":"2026-04-09T13:12:47","modified_gmt":"2026-04-09T13:12:47","slug":"iraltone-restore-repair-conditioner","status":"publish","type":"product","link":"https:\/\/skinstudio.ee\/lv\/catalog\/cantabria-labs-lv\/iraltone-restore-repair-conditioner\/","title":{"rendered":"Iraltone Restore Repair Conditioner"},"content":{"rendered":"<p data-start=\"167\" data-end=\"443\"><strong data-start=\"167\" data-end=\"224\">Iraltone Restore Repair Conditioner no Cantabria Labs<\/strong> ir atjaunojo\u0161s kondicionieris, kas paredz\u0113ts intens\u012bvai kop\u0161anai sausiem, boj\u0101tiem un nov\u0101jin\u0101tiem matiem. Formula ir v\u0113rsta uz matu strukt\u016bras stiprin\u0101\u0161anu, l\u016b\u0161anas samazin\u0101\u0161anu un matu visp\u0101r\u0113j\u0101 st\u0101vok\u013ca atjauno\u0161anu.<\/p>\n<p data-start=\"445\" data-end=\"655\">Kondicionieris pal\u012bdz atjaunot boj\u0101t\u0101s matu vietas, uzlabo elast\u012bbu un padara matus glud\u0101kus un m\u012bkst\u0101kus. Tas pal\u012bdz nosl\u0113gt kutikulu, samazin\u0101t p\u016bko\u0161anos, uzlabot \u0137emm\u0113jam\u012bbu un pie\u0161\u0137irt matiem koptu izskatu.<\/p>\n<p data-start=\"657\" data-end=\"876\">Akt\u012bv\u0101s sast\u0101vda\u013cas pal\u012bdz aizsarg\u0101t matus no \u0101r\u0113jiem faktoriem, tostarp karstuma, pies\u0101r\u0146ojuma un \u0137\u012bmisko proced\u016bru ietekmes. Tas pal\u012bdz saglab\u0101t matu strukt\u016bru stabil\u0101ku un lab\u0101k aizsarg\u0101tu ikdienas slodzes apst\u0101k\u013cos.<\/p>\n<p data-start=\"878\" data-end=\"1027\">MetforHair\u00ae tehnolo\u0123ija palielina matu iztur\u012bbu un pal\u012bdz samazin\u0101t priek\u0161laic\u012bgas noveco\u0161an\u0101s paz\u012bmes, veicinot stipr\u0101ku un vesel\u012bg\u0101ku matu izskatu.<\/p>\n<p data-start=\"1029\" data-end=\"1268\"><strong data-start=\"1029\" data-end=\"1083\">Kam piem\u0113rots Iraltone Restore Repair Conditioner:<\/strong> piem\u0113rots sausiem, boj\u0101tiem, trausliem un nov\u0101jin\u0101tiem matiem, tostarp p\u0113c kr\u0101so\u0161anas, balin\u0101\u0161anas un termisk\u0101s apstr\u0101des. Piem\u0113rots regul\u0101rai kop\u0161anai un matu strukt\u016bras atjauno\u0161anai.<\/p>\n<p data-start=\"1270\" data-end=\"1289\"><strong data-start=\"1270\" data-end=\"1289\">Tilpums: 200 ml<\/strong><\/p>\n","protected":false},"excerpt":{"rendered":"<p data-start=\"1569\" data-end=\"1602\">Atjaunojo\u0161s kondicionieris matiem<\/p>\n<h2 data-start=\"1604\" data-end=\"1669\"><strong data-start=\"1604\" data-end=\"1669\">\u012apa\u0161\u012bbas Cantabria Labs &#8211; Iraltone Restore Repair Conditioner<\/strong><\/h2>\n<p data-start=\"1671\" data-end=\"1859\">\u2714\ufe0f Atjauno boj\u0101tu matu strukt\u016bru<br data-start=\"1703\" data-end=\"1706\" \/>\u2714\ufe0f Stiprina matus un samazina l\u016b\u0161anu<br data-start=\"1742\" data-end=\"1745\" \/>\u2714\ufe0f Nosl\u0113dz kutikulu un samazina p\u016bko\u0161anos<br data-start=\"1786\" data-end=\"1789\" \/>\u2714\ufe0f Uzlabo elast\u012bbu un m\u012bkstumu<br data-start=\"1819\" data-end=\"1822\" \/>\u2714\ufe0f Aizsarg\u0101 pret \u0101r\u0113jiem boj\u0101jumiem<\/p>\n","protected":false},"featured_media":90370,"template":"","meta":[],"pwb-brand":[1201],"product_brand":[],"product_cat":[1406,762],"product_tag":[],"giftcard-category":[],"class_list":{"0":"post-90382","1":"product","2":"type-product","3":"status-publish","4":"has-post-thumbnail","6":"pwb-brand-cantabria-labs-lv","7":"product_cat-jaunumi","8":"product_cat-matu-kopsana","10":"first","11":"instock","12":"taxable","13":"shipping-taxable","14":"purchasable","15":"product-type-simple"},"acf":[],"brands":[{"id":1201,"name":"Cantabria Labs","slug":"cantabria-labs-lv"}],"_links":{"self":[{"href":"https:\/\/skinstudio.ee\/lv\/wp-json\/wp\/v2\/product\/90382","targetHints":{"allow":["GET"]}}],"collection":[{"href":"https:\/\/skinstudio.ee\/lv\/wp-json\/wp\/v2\/product"}],"about":[{"href":"https:\/\/skinstudio.ee\/lv\/wp-json\/wp\/v2\/types\/product"}],"version-history":[{"count":1,"href":"https:\/\/skinstudio.ee\/lv\/wp-json\/wp\/v2\/product\/90382\/revisions"}],"predecessor-version":[{"id":90383,"href":"https:\/\/skinstudio.ee\/lv\/wp-json\/wp\/v2\/product\/90382\/revisions\/90383"}],"wp:featuredmedia":[{"embeddable":true,"href":"https:\/\/skinstudio.ee\/lv\/wp-json\/wp\/v2\/media\/90370"}],"wp:attachment":[{"href":"https:\/\/skinstudio.ee\/lv\/wp-json\/wp\/v2\/media?parent=90382"}],"wp:term":[{"taxonomy":"pwb-brand","embeddable":true,"href":"https:\/\/skinstudio.ee\/lv\/wp-json\/wp\/v2\/pwb-brand?post=90382"},{"taxonomy":"product_brand","embeddable":true,"href":"https:\/\/skinstudio.ee\/lv\/wp-json\/wp\/v2\/product_brand?post=90382"},{"taxonomy":"product_cat","embeddable":true,"href":"https:\/\/skinstudio.ee\/lv\/wp-json\/wp\/v2\/product_cat?post=90382"},{"taxonomy":"product_tag","embeddable":true,"href":"https:\/\/skinstudio.ee\/lv\/wp-json\/wp\/v2\/product_tag?post=90382"},{"taxonomy":"giftcard-category","embeddable":true,"href":"https:\/\/skinstudio.ee\/lv\/wp-json\/wp\/v2\/giftcard-category?post=90382"}],"curies":[{"name":"wp","href":"https:\/\/api.w.org\/{rel}","templated":true}]}}