{"id":90412,"date":"2026-04-09T13:21:22","date_gmt":"2026-04-09T13:21:22","guid":{"rendered":"https:\/\/skinstudio.ee\/?post_type=product&#038;p=90412"},"modified":"2026-04-09T13:27:02","modified_gmt":"2026-04-09T13:27:02","slug":"sunforgettable-total-protection-face-shield-flex","status":"publish","type":"product","link":"https:\/\/skinstudio.ee\/lv\/catalog\/colorescience-lv\/sunforgettable-total-protection-face-shield-flex\/","title":{"rendered":"Sunforgettable\u00ae Total Protection\u2122 Face Shield Flex"},"content":{"rendered":"<p data-start=\"282\" data-end=\"658\">Sunforgettable\u00ae Total Protection\u2122 Face Shield Flex SPF 50 ir adapt\u012bvs miner\u0101lais saules aizsargkr\u0113ms sejai, kas nodro\u0161ina augsta l\u012bme\u0146a aizsardz\u012bbu pret apk\u0101rt\u0113j\u0101s vides faktoriem un vienlaikus uzreiz izl\u012bdzina \u0101das toni. Pateicoties inovat\u012bvajiem kapsul\u0113tajiem pigmentiem, formula piel\u0101gojas individu\u0101lajam \u0101das tonim, radot dabisku un vienm\u0113r\u012bgu rezult\u0101tu bez maskas efekta.<\/p>\n<p data-start=\"660\" data-end=\"875\">Viegl\u0101 tekst\u016bra \u0113rti kl\u0101jas uz \u0101das, netrauc\u0113 t\u0101s elpo\u0161anai un ir piem\u0113rota ikdienas lieto\u0161anai. \u012apa\u0161i piem\u0113rots \u0101dai ar noslieci uz nepiln\u012bb\u0101m, pal\u012bdz vizu\u0101li izl\u012bdzin\u0101t \u0101das virsmu un uzlabot sejas kop\u0113jo izskatu.<\/p>\n<p data-start=\"877\" data-end=\"1212\">Produkts izstr\u0101d\u0101ts ar patent\u0113to <strong data-start=\"910\" data-end=\"927\">EnviroScreen\u2122<\/strong> tehnolo\u0123iju, kas nodro\u0161ina 100% miner\u0101lu pla\u0161a spektra aizsardz\u012bbu pret UVA\/UVB starojumu, pies\u0101r\u0146ojumu, zilo gaismu un infrasarkano starojumu. Sp\u0113c\u012bgs antioksidantu komplekss pal\u012bdz neitraliz\u0113t br\u012bvos radik\u0101\u013cus, uztur \u0101das mitruma l\u012bmeni un samazina priek\u0161laic\u012bgas noveco\u0161an\u0101s risku.<\/p>\n<p data-start=\"1214\" data-end=\"1276\">Pieejams \u010detros adapt\u012bvos to\u0146os, piem\u0113rots visiem \u0101das to\u0146iem.<\/p>\n<p data-start=\"1278\" data-end=\"1371\"><strong data-start=\"1278\" data-end=\"1297\">UV aizsardz\u012bba:<\/strong> SPF 50 \/ PA++++<br data-start=\"1313\" data-end=\"1316\" \/><strong data-start=\"1316\" data-end=\"1334\">\u016adensiztur\u012bba:<\/strong> l\u012bdz 40 min\u016bt\u0113m<br data-start=\"1350\" data-end=\"1353\" \/><strong data-start=\"1353\" data-end=\"1365\">Tilpums:<\/strong> 55 ml<\/p>\n","protected":false},"excerpt":{"rendered":"<p data-start=\"1818\" data-end=\"1868\">Sejas saules aizsargkr\u0113ms ar adapt\u012bviem pigmentiem<\/p>\n<h2 data-start=\"1870\" data-end=\"2207\"><strong data-start=\"1870\" data-end=\"1954\">\u012apa\u0161\u012bbas COLORESCIENCE &#8211; Sunforgettable\u00ae Total Protection\u2122 Face Shield Flex<\/strong><\/h2>\n<p data-start=\"1870\" data-end=\"2207\">\u2714\ufe0f Izl\u012bdzina \u0101das toni un uzlabo sejas izskatu<br data-start=\"2003\" data-end=\"2006\" \/>\u2714\ufe0f Piel\u0101gojas individu\u0101lajam \u0101das tonim<br data-start=\"2045\" data-end=\"2048\" \/>\u2714\ufe0f Nodro\u0161ina miner\u0101lu SPF 50 pla\u0161a spektra aizsardz\u012bbu<br data-start=\"2102\" data-end=\"2105\" \/>\u2714\ufe0f Pal\u012bdz aizsarg\u0101t \u0101du no fotonoveco\u0161an\u0101s<br data-start=\"2147\" data-end=\"2150\" \/>\u2714\ufe0f Piem\u0113rots ikdienas lieto\u0161anai un problem\u0101tiskai \u0101dai<\/p>\n","protected":false},"featured_media":90390,"template":"","meta":[],"pwb-brand":[1229],"product_brand":[],"product_cat":[745,737,749,751,739,731,747],"product_tag":[],"giftcard-category":[],"class_list":{"0":"post-90412","1":"product","2":"type-product","3":"status-publish","4":"has-post-thumbnail","6":"pwb-brand-colorescience-lv","7":"product_cat-jutigai-adai","8":"product_cat-mitrinasana","9":"product_cat-novecojosa-ada","10":"product_cat-pigmentacija-lv","11":"product_cat-sausai-adai","12":"product_cat-spf-aizsardziba","13":"product_cat-taukainai-adai","15":"first","16":"instock","17":"taxable","18":"shipping-taxable","19":"purchasable","20":"product-type-variable"},"acf":[],"brands":[{"id":1229,"name":"Colorescience","slug":"colorescience-lv"}],"_links":{"self":[{"href":"https:\/\/skinstudio.ee\/lv\/wp-json\/wp\/v2\/product\/90412","targetHints":{"allow":["GET"]}}],"collection":[{"href":"https:\/\/skinstudio.ee\/lv\/wp-json\/wp\/v2\/product"}],"about":[{"href":"https:\/\/skinstudio.ee\/lv\/wp-json\/wp\/v2\/types\/product"}],"version-history":[{"count":1,"href":"https:\/\/skinstudio.ee\/lv\/wp-json\/wp\/v2\/product\/90412\/revisions"}],"predecessor-version":[{"id":90416,"href":"https:\/\/skinstudio.ee\/lv\/wp-json\/wp\/v2\/product\/90412\/revisions\/90416"}],"wp:featuredmedia":[{"embeddable":true,"href":"https:\/\/skinstudio.ee\/lv\/wp-json\/wp\/v2\/media\/90390"}],"wp:attachment":[{"href":"https:\/\/skinstudio.ee\/lv\/wp-json\/wp\/v2\/media?parent=90412"}],"wp:term":[{"taxonomy":"pwb-brand","embeddable":true,"href":"https:\/\/skinstudio.ee\/lv\/wp-json\/wp\/v2\/pwb-brand?post=90412"},{"taxonomy":"product_brand","embeddable":true,"href":"https:\/\/skinstudio.ee\/lv\/wp-json\/wp\/v2\/product_brand?post=90412"},{"taxonomy":"product_cat","embeddable":true,"href":"https:\/\/skinstudio.ee\/lv\/wp-json\/wp\/v2\/product_cat?post=90412"},{"taxonomy":"product_tag","embeddable":true,"href":"https:\/\/skinstudio.ee\/lv\/wp-json\/wp\/v2\/product_tag?post=90412"},{"taxonomy":"giftcard-category","embeddable":true,"href":"https:\/\/skinstudio.ee\/lv\/wp-json\/wp\/v2\/giftcard-category?post=90412"}],"curies":[{"name":"wp","href":"https:\/\/api.w.org\/{rel}","templated":true}]}}