{"id":90440,"date":"2026-04-09T13:31:50","date_gmt":"2026-04-09T13:31:50","guid":{"rendered":"https:\/\/skinstudio.ee\/?post_type=product&#038;p=90440"},"modified":"2026-04-09T13:34:36","modified_gmt":"2026-04-09T13:34:36","slug":"iraltone-perfect-10-instant-leave-in-conditioner","status":"publish","type":"product","link":"https:\/\/skinstudio.ee\/lv\/catalog\/cantabria-labs-lv\/iraltone-perfect-10-instant-leave-in-conditioner\/","title":{"rendered":"Iraltone Perfect 10 Instant Leave-In Conditioner"},"content":{"rendered":"<p data-start=\"171\" data-end=\"462\"><strong data-start=\"171\" data-end=\"241\">Iraltone Perfect 10 Instant Leave-In Conditioner no Cantabria Labs<\/strong> ir neizskalojams kondicionieris, kas paredz\u0113ts visaptvero\u0161ai matu kop\u0161anai, apvienojot vair\u0101kas funkcijas vien\u0101 produkt\u0101. Formula uzlabo matu strukt\u016bru, palielina to iztur\u012bbu pret boj\u0101jumiem un atvieglo ikdienas kop\u0161anu.<\/p>\n<p data-start=\"464\" data-end=\"640\">Produkts pal\u012bdz atjaunot boj\u0101t\u0101s matu vietas, uzlabo elast\u012bbu un padara matus glud\u0101kus un m\u012bkst\u0101kus. Tas atvieglo \u0137emm\u0113\u0161anu, uzlabo matu vad\u0101m\u012bbu un pie\u0161\u0137ir tiem koptu izskatu.<\/p>\n<p data-start=\"642\" data-end=\"852\">Akt\u012bv\u0101s sast\u0101vda\u013cas aizsarg\u0101 matus no karstuma un vides ietekmes, pal\u012bdzot samazin\u0101t boj\u0101jumu risku gan veido\u0161anas laik\u0101, gan ikdienas iedarb\u012bb\u0101. Kondicionieris pal\u012bdz saglab\u0101t matu kr\u0101su un samazina p\u016bko\u0161anos.<\/p>\n<p data-start=\"854\" data-end=\"1013\">MetforHair\u00ae tehnolo\u0123ija atbalsta matu kvalit\u0101ti un palielina to iztur\u012bbu pret priek\u0161laic\u012bgas noveco\u0161an\u0101s paz\u012bm\u0113m, padarot matus stipr\u0101kus un lab\u0101k aizsarg\u0101tus.<\/p>\n<p data-start=\"1015\" data-end=\"1258\"><strong data-start=\"1015\" data-end=\"1082\">Kam piem\u0113rots Iraltone Perfect 10 Instant Leave-In Conditioner:<\/strong> piem\u0113rots visiem matu tipiem, \u012bpa\u0161i sausiem, boj\u0101tiem un nov\u0101jin\u0101tiem matiem, k\u0101 ar\u012b bie\u017eas termisk\u0101s veido\u0161anas gad\u012bjum\u0101. Piem\u0113rots ikdienas kop\u0161anai un papildu aizsardz\u012bbai.<\/p>\n<p data-start=\"1260\" data-end=\"1279\"><strong data-start=\"1260\" data-end=\"1279\">Tilpums: 150 ml<\/strong><\/p>\n","protected":false},"excerpt":{"rendered":"<p data-start=\"1556\" data-end=\"1591\">Neizskalojams kondicionieris matiem<\/p>\n<h2 data-start=\"1593\" data-end=\"1671\"><strong data-start=\"1593\" data-end=\"1671\">\u012apa\u0161\u012bbas Cantabria Labs &#8211; Iraltone Perfect 10 Instant Leave-In Conditioner<\/strong><\/h2>\n<p data-start=\"1673\" data-end=\"1865\">\u2714\ufe0f Stiprina matus un samazina l\u016b\u0161anu<br data-start=\"1709\" data-end=\"1712\" \/>\u2714\ufe0f Atjauno boj\u0101tu matu strukt\u016bru<br data-start=\"1744\" data-end=\"1747\" \/>\u2714\ufe0f Atvieglo \u0137emm\u0113\u0161anu un veido\u0161anu<br data-start=\"1781\" data-end=\"1784\" \/>\u2714\ufe0f Aizsarg\u0101 pret karstuma boj\u0101jumiem<br data-start=\"1820\" data-end=\"1823\" \/>\u2714\ufe0f Samazina p\u016bko\u0161anos un izl\u012bdzina matus<\/p>\n","protected":false},"featured_media":90494,"template":"","meta":[],"pwb-brand":[1201],"product_brand":[],"product_cat":[1406,762],"product_tag":[],"giftcard-category":[],"class_list":{"0":"post-90440","1":"product","2":"type-product","3":"status-publish","4":"has-post-thumbnail","6":"pwb-brand-cantabria-labs-lv","7":"product_cat-jaunumi","8":"product_cat-matu-kopsana","10":"first","11":"instock","12":"taxable","13":"shipping-taxable","14":"purchasable","15":"product-type-simple"},"acf":[],"brands":[{"id":1201,"name":"Cantabria Labs","slug":"cantabria-labs-lv"}],"_links":{"self":[{"href":"https:\/\/skinstudio.ee\/lv\/wp-json\/wp\/v2\/product\/90440","targetHints":{"allow":["GET"]}}],"collection":[{"href":"https:\/\/skinstudio.ee\/lv\/wp-json\/wp\/v2\/product"}],"about":[{"href":"https:\/\/skinstudio.ee\/lv\/wp-json\/wp\/v2\/types\/product"}],"version-history":[{"count":1,"href":"https:\/\/skinstudio.ee\/lv\/wp-json\/wp\/v2\/product\/90440\/revisions"}],"predecessor-version":[{"id":90441,"href":"https:\/\/skinstudio.ee\/lv\/wp-json\/wp\/v2\/product\/90440\/revisions\/90441"}],"wp:featuredmedia":[{"embeddable":true,"href":"https:\/\/skinstudio.ee\/lv\/wp-json\/wp\/v2\/media\/90494"}],"wp:attachment":[{"href":"https:\/\/skinstudio.ee\/lv\/wp-json\/wp\/v2\/media?parent=90440"}],"wp:term":[{"taxonomy":"pwb-brand","embeddable":true,"href":"https:\/\/skinstudio.ee\/lv\/wp-json\/wp\/v2\/pwb-brand?post=90440"},{"taxonomy":"product_brand","embeddable":true,"href":"https:\/\/skinstudio.ee\/lv\/wp-json\/wp\/v2\/product_brand?post=90440"},{"taxonomy":"product_cat","embeddable":true,"href":"https:\/\/skinstudio.ee\/lv\/wp-json\/wp\/v2\/product_cat?post=90440"},{"taxonomy":"product_tag","embeddable":true,"href":"https:\/\/skinstudio.ee\/lv\/wp-json\/wp\/v2\/product_tag?post=90440"},{"taxonomy":"giftcard-category","embeddable":true,"href":"https:\/\/skinstudio.ee\/lv\/wp-json\/wp\/v2\/giftcard-category?post=90440"}],"curies":[{"name":"wp","href":"https:\/\/api.w.org\/{rel}","templated":true}]}}