{"id":90460,"date":"2026-04-09T13:39:15","date_gmt":"2026-04-09T13:39:15","guid":{"rendered":"https:\/\/skinstudio.ee\/?post_type=product&#038;p=90460"},"modified":"2026-04-09T13:41:33","modified_gmt":"2026-04-09T13:41:33","slug":"iraltone-sublime-hair-repair-oil","status":"publish","type":"product","link":"https:\/\/skinstudio.ee\/lv\/catalog\/cantabria-labs-lv\/iraltone-sublime-hair-repair-oil\/","title":{"rendered":"Iraltone Sublime Hair Repair Oil"},"content":{"rendered":"<p data-start=\"164\" data-end=\"420\"><strong data-start=\"164\" data-end=\"218\">Iraltone Sublime Hair Repair Oil no Cantabria Labs<\/strong> ir atjaunojo\u0161a matu e\u013c\u013ca, kas paredz\u0113ta sausu un boj\u0101tu matu baro\u0161anai, aizsardz\u012bbai un strukt\u016bras uzlabo\u0161anai. Formula stiprina matus, palielina to iztur\u012bbu pret boj\u0101jumiem un pie\u0161\u0137ir kopt\u0101ku izskatu.<\/p>\n<p data-start=\"422\" data-end=\"601\">E\u013c\u013ca pal\u012bdz izl\u012bdzin\u0101t matu virsmu, nosl\u0113gt kutikulu un samazina \u0161\u0137elto galu redzam\u012bbu jau no pirm\u0101s lieto\u0161anas reizes. T\u0101 padara matus m\u012bkst\u0101kus, glud\u0101kus un vizu\u0101li vesel\u012bg\u0101kus.<\/p>\n<p data-start=\"603\" data-end=\"792\">Augu e\u013c\u013cu komplekss nodro\u0161ina baro\u0161anu un pal\u012bdz uztur\u0113t optim\u0101lu mitruma l\u012bmeni, veicinot elast\u012bbu un sp\u012bdumu. Produkts pal\u012bdz aizsarg\u0101t matus ar\u012b no karstuma un apk\u0101rt\u0113j\u0101s vides ietekmes.<\/p>\n<p data-start=\"794\" data-end=\"972\">MetforHair\u00ae tehnolo\u0123ija palielina matu iztur\u012bbu un pal\u012bdz saglab\u0101t to kvalit\u0101ti, samazinot priek\u0161laic\u012bgas noveco\u0161an\u0101s paz\u012bmes un veicinot stipr\u0101ku, lab\u0101k aizsarg\u0101tu matu izskatu.<\/p>\n<p data-start=\"974\" data-end=\"1179\"><strong data-start=\"974\" data-end=\"1025\">Kam piem\u0113rots Iraltone Sublime Hair Repair Oil:<\/strong> piem\u0113rots norm\u0101liem, sausiem un boj\u0101tiem matiem, \u012bpa\u0161i \u0161\u0137eltiem galiem, bl\u0101vumam un p\u0113c termisk\u0101s vai \u0137\u012bmisk\u0101s iedarb\u012bbas. Piem\u0113rots ikdienas lieto\u0161anai.<\/p>\n<p data-start=\"1181\" data-end=\"1199\"><strong data-start=\"1181\" data-end=\"1199\">Tilpums: 50 ml<\/strong><\/p>\n","protected":false},"excerpt":{"rendered":"<p data-start=\"1451\" data-end=\"1472\">Atjaunojo\u0161a matu e\u013c\u013ca<\/p>\n<h2 data-start=\"1474\" data-end=\"1536\"><strong data-start=\"1474\" data-end=\"1536\">\u012apa\u0161\u012bbas Cantabria Labs &#8211; Iraltone Sublime Hair Repair Oil<\/strong><\/h2>\n<p data-start=\"1538\" data-end=\"1749\">\u2714\ufe0f Izl\u012bdzina kutikulu un samazina \u0161\u0137eltos galus<br data-start=\"1585\" data-end=\"1588\" \/>\u2714\ufe0f Pie\u0161\u0137ir matiem sp\u012bdumu un m\u012bkstumu<br data-start=\"1625\" data-end=\"1628\" \/>\u2714\ufe0f Stiprina matus un uzlabo iztur\u012bbu<br data-start=\"1664\" data-end=\"1667\" \/>\u2714\ufe0f Aizsarg\u0101 pret karstuma boj\u0101jumiem<br data-start=\"1703\" data-end=\"1706\" \/>\u2714\ufe0f Uzlabo matu kop\u0113jo izskatu un tekst\u016bru<\/p>\n","protected":false},"featured_media":90448,"template":"","meta":[],"pwb-brand":[1201],"product_brand":[],"product_cat":[1406,762],"product_tag":[],"giftcard-category":[],"class_list":{"0":"post-90460","1":"product","2":"type-product","3":"status-publish","4":"has-post-thumbnail","6":"pwb-brand-cantabria-labs-lv","7":"product_cat-jaunumi","8":"product_cat-matu-kopsana","10":"first","11":"instock","12":"taxable","13":"shipping-taxable","14":"purchasable","15":"product-type-simple"},"acf":[],"brands":[{"id":1201,"name":"Cantabria Labs","slug":"cantabria-labs-lv"}],"_links":{"self":[{"href":"https:\/\/skinstudio.ee\/lv\/wp-json\/wp\/v2\/product\/90460","targetHints":{"allow":["GET"]}}],"collection":[{"href":"https:\/\/skinstudio.ee\/lv\/wp-json\/wp\/v2\/product"}],"about":[{"href":"https:\/\/skinstudio.ee\/lv\/wp-json\/wp\/v2\/types\/product"}],"version-history":[{"count":1,"href":"https:\/\/skinstudio.ee\/lv\/wp-json\/wp\/v2\/product\/90460\/revisions"}],"predecessor-version":[{"id":90461,"href":"https:\/\/skinstudio.ee\/lv\/wp-json\/wp\/v2\/product\/90460\/revisions\/90461"}],"wp:featuredmedia":[{"embeddable":true,"href":"https:\/\/skinstudio.ee\/lv\/wp-json\/wp\/v2\/media\/90448"}],"wp:attachment":[{"href":"https:\/\/skinstudio.ee\/lv\/wp-json\/wp\/v2\/media?parent=90460"}],"wp:term":[{"taxonomy":"pwb-brand","embeddable":true,"href":"https:\/\/skinstudio.ee\/lv\/wp-json\/wp\/v2\/pwb-brand?post=90460"},{"taxonomy":"product_brand","embeddable":true,"href":"https:\/\/skinstudio.ee\/lv\/wp-json\/wp\/v2\/product_brand?post=90460"},{"taxonomy":"product_cat","embeddable":true,"href":"https:\/\/skinstudio.ee\/lv\/wp-json\/wp\/v2\/product_cat?post=90460"},{"taxonomy":"product_tag","embeddable":true,"href":"https:\/\/skinstudio.ee\/lv\/wp-json\/wp\/v2\/product_tag?post=90460"},{"taxonomy":"giftcard-category","embeddable":true,"href":"https:\/\/skinstudio.ee\/lv\/wp-json\/wp\/v2\/giftcard-category?post=90460"}],"curies":[{"name":"wp","href":"https:\/\/api.w.org\/{rel}","templated":true}]}}