{"id":90481,"date":"2026-04-09T14:06:11","date_gmt":"2026-04-09T14:06:11","guid":{"rendered":"https:\/\/skinstudio.ee\/?post_type=product&#038;p=90481"},"modified":"2026-04-09T14:10:44","modified_gmt":"2026-04-09T14:10:44","slug":"neoretin-dc-microexfoliating-cleanser","status":"publish","type":"product","link":"https:\/\/skinstudio.ee\/lv\/catalog\/cantabria-labs-lv\/neoretin-dc-microexfoliating-cleanser\/","title":{"rendered":"Neoretin DC Microexfoliating Cleanser"},"content":{"rendered":"<p data-start=\"160\" data-end=\"429\"><strong data-start=\"160\" data-end=\"219\">Neoretin DC Microexfoliating Cleanser no Cantabria Labs<\/strong> ir att\u012bro\u0161s l\u012bdzeklis ar tr\u012bsk\u0101r\u0161u eksfoli\u0113jo\u0161u iedarb\u012bbu, kas pal\u012bdz izl\u012bdzin\u0101t \u0101das tekst\u016bru, att\u012br\u012bt poras un uzlabot \u0101das toni. Formula ir v\u0113rsta uz \u0101das atjauno\u0161anu, k\u0101 ar\u012b gluduma un mirdzuma uzlabo\u0161anu.<\/p>\n<p data-start=\"431\" data-end=\"693\">Tr\u012bsk\u0101r\u0161\u0101 eksfoli\u0101cijas sist\u0113ma apvieno \u0137\u012bmisko p\u012blingu ar polihidroksi sk\u0101b\u0113m, enz\u012bmu iedarb\u012bbu ar gran\u0101t\u0101bola enz\u012bmu un maigu fizisko att\u012br\u012b\u0161anu. Tas \u013cauj efekt\u012bvi no\u0146emt atmiru\u0161\u0101s \u0101das \u0161\u016bnas, dzi\u013ci att\u012br\u012bt \u0101du un uzlabot t\u0101s tekst\u016bru bez agres\u012bvas iedarb\u012bbas.<\/p>\n<p data-start=\"695\" data-end=\"932\">Traneksam\u012bnsk\u0101be un niacinam\u012bds pal\u012bdz izl\u012bdzin\u0101t \u0101das toni, samazin\u0101t pigment\u0101cijas redzam\u012bbu un atbalst\u012bt \u0101das aizsargbarjeru. Akt\u012bvo sast\u0101vda\u013cu komplekss pal\u012bdz mazin\u0101t bl\u0101vumu, uzlabot \u0101das izskatu un sagatavot to turpm\u0101kai kop\u0161anai.<\/p>\n<p data-start=\"934\" data-end=\"1075\">Regul\u0101ra lieto\u0161ana pal\u012bdz padar\u012bt \u0101du glud\u0101ku, vienm\u0113r\u012bg\u0101ku un starojo\u0161\u0101ku, k\u0101 ar\u012b uzlabo t\u0101s sp\u0113ju uz\u0146emt akt\u012bv\u0101s vielas turpm\u0101kaj\u0101 kop\u0161an\u0101.<\/p>\n<p data-start=\"1077\" data-end=\"1316\"><strong data-start=\"1077\" data-end=\"1133\">Kam piem\u0113rots Neoretin DC Microexfoliating Cleanser:<\/strong> piem\u0113rots \u0101dai ar pigment\u0101ciju, nevienm\u0113r\u012bgu toni, bl\u0101vumu un nosprostot\u0101m por\u0101m. Piem\u0113rots ikdienas lieto\u0161anai, pak\u0101peniski palielinot lieto\u0161anas bie\u017eumu atbilsto\u0161i \u0101das tolerancei.<\/p>\n<p data-start=\"1318\" data-end=\"1337\"><strong data-start=\"1318\" data-end=\"1337\">Tilpums: 200 ml<\/strong><\/p>\n","protected":false},"excerpt":{"rendered":"<p data-start=\"1687\" data-end=\"1718\">Mikroeksfoli\u0113jo\u0161s att\u012bro\u0161s g\u0113ls<\/p>\n<h2 data-start=\"1720\" data-end=\"1787\"><strong data-start=\"1720\" data-end=\"1787\">\u012apa\u0161\u012bbas Cantabria Labs &#8211; Neoretin DC Microexfoliating Cleanser<\/strong><\/h2>\n<p data-start=\"1789\" data-end=\"1979\">\u2714\ufe0f Att\u012bra poras un no\u0146em net\u012brumus<br data-start=\"1823\" data-end=\"1826\" \/>\u2714\ufe0f Atjauno \u0101du un izl\u012bdzina tekst\u016bru<br data-start=\"1862\" data-end=\"1865\" \/>\u2714\ufe0f Samazina pigment\u0101cijas redzam\u012bbu<br data-start=\"1900\" data-end=\"1903\" \/>\u2714\ufe0f Uzlabo \u0101das toni un pie\u0161\u0137ir mirdzumu<br data-start=\"1942\" data-end=\"1945\" \/>\u2714\ufe0f Sagatavo \u0101du akt\u012bvai kop\u0161anai<\/p>\n","protected":false},"featured_media":90489,"template":"","meta":[],"pwb-brand":[1201],"product_brand":[],"product_cat":[715,1406,751],"product_tag":[],"giftcard-category":[],"class_list":{"0":"post-90481","1":"product","2":"type-product","3":"status-publish","4":"has-post-thumbnail","6":"pwb-brand-cantabria-labs-lv","7":"product_cat-attirisana","8":"product_cat-jaunumi","9":"product_cat-pigmentacija-lv","11":"first","12":"instock","13":"taxable","14":"shipping-taxable","15":"purchasable","16":"product-type-simple"},"acf":[],"brands":[{"id":1201,"name":"Cantabria Labs","slug":"cantabria-labs-lv"}],"_links":{"self":[{"href":"https:\/\/skinstudio.ee\/lv\/wp-json\/wp\/v2\/product\/90481","targetHints":{"allow":["GET"]}}],"collection":[{"href":"https:\/\/skinstudio.ee\/lv\/wp-json\/wp\/v2\/product"}],"about":[{"href":"https:\/\/skinstudio.ee\/lv\/wp-json\/wp\/v2\/types\/product"}],"version-history":[{"count":2,"href":"https:\/\/skinstudio.ee\/lv\/wp-json\/wp\/v2\/product\/90481\/revisions"}],"predecessor-version":[{"id":90483,"href":"https:\/\/skinstudio.ee\/lv\/wp-json\/wp\/v2\/product\/90481\/revisions\/90483"}],"wp:featuredmedia":[{"embeddable":true,"href":"https:\/\/skinstudio.ee\/lv\/wp-json\/wp\/v2\/media\/90489"}],"wp:attachment":[{"href":"https:\/\/skinstudio.ee\/lv\/wp-json\/wp\/v2\/media?parent=90481"}],"wp:term":[{"taxonomy":"pwb-brand","embeddable":true,"href":"https:\/\/skinstudio.ee\/lv\/wp-json\/wp\/v2\/pwb-brand?post=90481"},{"taxonomy":"product_brand","embeddable":true,"href":"https:\/\/skinstudio.ee\/lv\/wp-json\/wp\/v2\/product_brand?post=90481"},{"taxonomy":"product_cat","embeddable":true,"href":"https:\/\/skinstudio.ee\/lv\/wp-json\/wp\/v2\/product_cat?post=90481"},{"taxonomy":"product_tag","embeddable":true,"href":"https:\/\/skinstudio.ee\/lv\/wp-json\/wp\/v2\/product_tag?post=90481"},{"taxonomy":"giftcard-category","embeddable":true,"href":"https:\/\/skinstudio.ee\/lv\/wp-json\/wp\/v2\/giftcard-category?post=90481"}],"curies":[{"name":"wp","href":"https:\/\/api.w.org\/{rel}","templated":true}]}}