{"id":90518,"date":"2026-04-09T14:18:10","date_gmt":"2026-04-09T14:18:10","guid":{"rendered":"https:\/\/skinstudio.ee\/?post_type=product&#038;p=90518"},"modified":"2026-04-09T14:21:41","modified_gmt":"2026-04-09T14:21:41","slug":"neoretin-dc-concentrate-serum","status":"publish","type":"product","link":"https:\/\/skinstudio.ee\/lv\/catalog\/cantabria-labs-lv\/neoretin-dc-concentrate-serum\/","title":{"rendered":"Neoretin DC Concentrate Serum"},"content":{"rendered":"<p data-start=\"146\" data-end=\"438\"><strong data-start=\"146\" data-end=\"197\">Neoretin DC Concentrate Serum no Cantabria Labs<\/strong> ir augstas koncentr\u0101cijas depigment\u0113jo\u0161s serums, kas paredz\u0113ts \u0101das to\u0146a izl\u012bdzin\u0101\u0161anai, pigment\u0101cijas samazin\u0101\u0161anai un \u0101das atjauno\u0161anas stimul\u0113\u0161anai. Formula ir v\u0113rsta uz hiperpigment\u0101cijas korekciju un kop\u0113j\u0101s \u0101das kvalit\u0101tes uzlabo\u0161anu.<\/p>\n<p data-start=\"440\" data-end=\"656\">Sk\u0101bju un retino\u012bdu tehnolo\u0123ijas kombin\u0101cija nodro\u0161ina intens\u012bvu \u0101das atjauno\u0161anu, pa\u0101trinot \u0161\u016bnu atjauno\u0161anos un pal\u012bdzot izl\u012bdzin\u0101t \u0101das tekst\u016bru. Serums pal\u012bdz padar\u012bt \u0101du glud\u0101ku, bl\u012bv\u0101ku un vizu\u0101li vienm\u0113r\u012bg\u0101ku.<\/p>\n<p data-start=\"658\" data-end=\"911\">Traneksam\u012bnsk\u0101be, niacinam\u012bds un azela\u012bnsk\u0101bes atvasin\u0101jums iedarbojas uz melan\u012bna veido\u0161anos, pal\u012bdzot samazin\u0101t pigment\u0101cijas redzam\u012bbu un nov\u0113rst jaunu plankumu veido\u0161anos. Antioksidanti pal\u012bdz aizsarg\u0101t \u0101du no \u0101r\u0113jiem faktoriem un oksidat\u012bv\u0101 stresa.<\/p>\n<p data-start=\"913\" data-end=\"1050\">Regul\u0101ra lieto\u0161ana pal\u012bdz ieg\u016bt vienm\u0113r\u012bg\u0101ku, gai\u0161\u0101ku un vienot\u0101ku \u0101das toni, uzlabojot t\u0101s izskatu un sagatavojot to turpm\u0101kai kop\u0161anai.<\/p>\n<p data-start=\"1052\" data-end=\"1288\"><strong data-start=\"1052\" data-end=\"1100\">Kam piem\u0113rots Neoretin DC Concentrate Serum:<\/strong> piem\u0113rots \u0101dai ar hiperpigment\u0101ciju, melasmu, postaknes plankumiem un nevienm\u0113r\u012bgu toni. Piem\u0113rots lieto\u0161anai vakar\u0101, pak\u0101peniski palielinot lieto\u0161anas bie\u017eumu atbilsto\u0161i \u0101das tolerancei.<\/p>\n<p data-start=\"1290\" data-end=\"1308\"><strong data-start=\"1290\" data-end=\"1308\">Tilpums: 30 ml<\/strong><\/p>\n","protected":false},"excerpt":{"rendered":"<p data-start=\"1644\" data-end=\"1671\">Depigment\u0113jo\u0161s serums sejai<\/p>\n<h2 data-start=\"1673\" data-end=\"1732\"><strong data-start=\"1673\" data-end=\"1732\">\u012apa\u0161\u012bbas Cantabria Labs &#8211; Neoretin DC Concentrate Serum<\/strong><\/h2>\n<p data-start=\"1734\" data-end=\"1924\">\u2714\ufe0f Samazina pigment\u0101cijas redzam\u012bbu<br data-start=\"1769\" data-end=\"1772\" \/>\u2714\ufe0f Izl\u012bdzina \u0101das toni un tekst\u016bru<br data-start=\"1806\" data-end=\"1809\" \/>\u2714\ufe0f Stimul\u0113 \u0101das atjauno\u0161anos<br data-start=\"1837\" data-end=\"1840\" \/>\u2714\ufe0f Padara \u0101du glud\u0101ku un starojo\u0161\u0101ku<br data-start=\"1876\" data-end=\"1879\" \/>\u2714\ufe0f Pal\u012bdz nov\u0113rst jaunu plankumu veido\u0161anos<\/p>\n","protected":false},"featured_media":90500,"template":"","meta":[],"pwb-brand":[1201],"product_brand":[],"product_cat":[741,1406,751,723],"product_tag":[],"giftcard-category":[],"class_list":{"0":"post-90518","1":"product","2":"type-product","3":"status-publish","4":"has-post-thumbnail","6":"pwb-brand-cantabria-labs-lv","7":"product_cat-izsitumi","8":"product_cat-jaunumi","9":"product_cat-pigmentacija-lv","10":"product_cat-serumi","12":"first","13":"instock","14":"taxable","15":"shipping-taxable","16":"purchasable","17":"product-type-simple"},"acf":[],"brands":[{"id":1201,"name":"Cantabria Labs","slug":"cantabria-labs-lv"}],"_links":{"self":[{"href":"https:\/\/skinstudio.ee\/lv\/wp-json\/wp\/v2\/product\/90518","targetHints":{"allow":["GET"]}}],"collection":[{"href":"https:\/\/skinstudio.ee\/lv\/wp-json\/wp\/v2\/product"}],"about":[{"href":"https:\/\/skinstudio.ee\/lv\/wp-json\/wp\/v2\/types\/product"}],"version-history":[{"count":1,"href":"https:\/\/skinstudio.ee\/lv\/wp-json\/wp\/v2\/product\/90518\/revisions"}],"predecessor-version":[{"id":90519,"href":"https:\/\/skinstudio.ee\/lv\/wp-json\/wp\/v2\/product\/90518\/revisions\/90519"}],"wp:featuredmedia":[{"embeddable":true,"href":"https:\/\/skinstudio.ee\/lv\/wp-json\/wp\/v2\/media\/90500"}],"wp:attachment":[{"href":"https:\/\/skinstudio.ee\/lv\/wp-json\/wp\/v2\/media?parent=90518"}],"wp:term":[{"taxonomy":"pwb-brand","embeddable":true,"href":"https:\/\/skinstudio.ee\/lv\/wp-json\/wp\/v2\/pwb-brand?post=90518"},{"taxonomy":"product_brand","embeddable":true,"href":"https:\/\/skinstudio.ee\/lv\/wp-json\/wp\/v2\/product_brand?post=90518"},{"taxonomy":"product_cat","embeddable":true,"href":"https:\/\/skinstudio.ee\/lv\/wp-json\/wp\/v2\/product_cat?post=90518"},{"taxonomy":"product_tag","embeddable":true,"href":"https:\/\/skinstudio.ee\/lv\/wp-json\/wp\/v2\/product_tag?post=90518"},{"taxonomy":"giftcard-category","embeddable":true,"href":"https:\/\/skinstudio.ee\/lv\/wp-json\/wp\/v2\/giftcard-category?post=90518"}],"curies":[{"name":"wp","href":"https:\/\/api.w.org\/{rel}","templated":true}]}}