{"id":90534,"date":"2026-04-09T14:26:21","date_gmt":"2026-04-09T14:26:21","guid":{"rendered":"https:\/\/skinstudio.ee\/?post_type=product&#038;p=90534"},"modified":"2026-04-09T14:28:47","modified_gmt":"2026-04-09T14:28:47","slug":"skin-resist-daily-cream","status":"publish","type":"product","link":"https:\/\/skinstudio.ee\/lv\/catalog\/cantabria-labs-lv\/skin-resist-daily-cream\/","title":{"rendered":"Skin Resist Daily Cream"},"content":{"rendered":"<p data-start=\"140\" data-end=\"362\"><strong data-start=\"140\" data-end=\"185\">Skin Resist Daily Cream no Cantabria Labs<\/strong> ir atjaunojo\u0161s ikdienas kr\u0113ms, kas paredz\u0113ts jut\u012bgas, reakt\u012bvas un dehidr\u0113tas \u0101das kop\u0161anai. Formula stiprina \u0101das barjeru, samazina jut\u012bgumu un pal\u012bdz atjaunot \u0101das l\u012bdzsvaru.<\/p>\n<p data-start=\"364\" data-end=\"605\">Kr\u0113ms iedarbojas da\u017e\u0101dos \u0101das aizsargbarjeras l\u012bme\u0146os, pal\u012bdzot mazin\u0101t aps\u0101rtumu, diskomfortu un savilkuma saj\u016btu. Tas atbalsta \u0101das atjauno\u0161anos un uzlabo t\u0101s iztur\u012bbu pret \u0101r\u0113jiem faktoriem, piem\u0113ram, aukstumu, v\u0113ju un vides pies\u0101r\u0146ojumu.<\/p>\n<p data-start=\"607\" data-end=\"880\">Niacinam\u012bds un \u010derimojas ekstrakts pal\u012bdz samazin\u0101t \u0101das reaktivit\u0101ti un stiprina t\u0101s aizsargfunkcijas. Aquammunist\u00ae tehnolo\u0123ija uzlabo mitrin\u0101\u0161anu un pal\u012bdz atjaunot l\u012bdzsvaru, savuk\u0101rt skval\u0101ns un \u0161\u012b sviests atjauno lip\u012bdu sl\u0101ni, padarot \u0101du m\u012bkst\u0101ku un lab\u0101k aizsarg\u0101tu.<\/p>\n<p data-start=\"882\" data-end=\"1010\">Regul\u0101ra lieto\u0161ana pal\u012bdz padar\u012bt \u0101du iztur\u012bg\u0101ku, komfortabl\u0101ku un lab\u0101k mitrin\u0101tu, uzlabojot t\u0101s visp\u0101r\u0113jo st\u0101vokli un izskatu.<\/p>\n<p data-start=\"1012\" data-end=\"1224\"><strong data-start=\"1012\" data-end=\"1054\">Kam piem\u0113rots Skin Resist Daily Cream:<\/strong> piem\u0113rots jut\u012bgai, reakt\u012bvai un dehidr\u0113tai \u0101dai, \u012bpa\u0161i aps\u0101rtuma, diskomforta un nov\u0101jin\u0101tas \u0101das barjeras gad\u012bjum\u0101. Piem\u0113rots ikdienas lieto\u0161anai no r\u012bta un\/vai vakar\u0101.<\/p>\n<p data-start=\"1226\" data-end=\"1244\"><strong data-start=\"1226\" data-end=\"1244\">Tilpums: 50 ml<\/strong><\/p>\n","protected":false},"excerpt":{"rendered":"<p data-start=\"1455\" data-end=\"1481\">Atjaunojo\u0161s ikdienas kr\u0113ms<\/p>\n<h2 data-start=\"1483\" data-end=\"1536\"><strong data-start=\"1483\" data-end=\"1536\">\u012apa\u0161\u012bbas Cantabria Labs &#8211; Skin Resist Daily Cream<\/strong><\/h2>\n<p data-start=\"1538\" data-end=\"1760\">\u2714\ufe0f Stiprina \u0101das barjeru un samazina jut\u012bgumu<br data-start=\"1583\" data-end=\"1586\" \/>\u2714\ufe0f Samazina aps\u0101rtumu un diskomfortu<br data-start=\"1622\" data-end=\"1625\" \/>\u2714\ufe0f Nodro\u0161ina intens\u012bvu un ilgsto\u0161u mitrin\u0101\u0161anu<br data-start=\"1671\" data-end=\"1674\" \/>\u2714\ufe0f Palielina iztur\u012bbu pret \u0101r\u0113jiem faktoriem<br data-start=\"1718\" data-end=\"1721\" \/>\u2714\ufe0f Atjauno \u0101das komfortu un l\u012bdzsvaru<\/p>\n","protected":false},"featured_media":90526,"template":"","meta":[],"pwb-brand":[1201],"product_brand":[],"product_cat":[745,737,739],"product_tag":[],"giftcard-category":[],"class_list":{"0":"post-90534","1":"product","2":"type-product","3":"status-publish","4":"has-post-thumbnail","6":"pwb-brand-cantabria-labs-lv","7":"product_cat-jutigai-adai","8":"product_cat-mitrinasana","9":"product_cat-sausai-adai","11":"first","12":"instock","13":"taxable","14":"shipping-taxable","15":"purchasable","16":"product-type-simple"},"acf":[],"brands":[{"id":1201,"name":"Cantabria Labs","slug":"cantabria-labs-lv"}],"_links":{"self":[{"href":"https:\/\/skinstudio.ee\/lv\/wp-json\/wp\/v2\/product\/90534","targetHints":{"allow":["GET"]}}],"collection":[{"href":"https:\/\/skinstudio.ee\/lv\/wp-json\/wp\/v2\/product"}],"about":[{"href":"https:\/\/skinstudio.ee\/lv\/wp-json\/wp\/v2\/types\/product"}],"version-history":[{"count":1,"href":"https:\/\/skinstudio.ee\/lv\/wp-json\/wp\/v2\/product\/90534\/revisions"}],"predecessor-version":[{"id":90535,"href":"https:\/\/skinstudio.ee\/lv\/wp-json\/wp\/v2\/product\/90534\/revisions\/90535"}],"wp:featuredmedia":[{"embeddable":true,"href":"https:\/\/skinstudio.ee\/lv\/wp-json\/wp\/v2\/media\/90526"}],"wp:attachment":[{"href":"https:\/\/skinstudio.ee\/lv\/wp-json\/wp\/v2\/media?parent=90534"}],"wp:term":[{"taxonomy":"pwb-brand","embeddable":true,"href":"https:\/\/skinstudio.ee\/lv\/wp-json\/wp\/v2\/pwb-brand?post=90534"},{"taxonomy":"product_brand","embeddable":true,"href":"https:\/\/skinstudio.ee\/lv\/wp-json\/wp\/v2\/product_brand?post=90534"},{"taxonomy":"product_cat","embeddable":true,"href":"https:\/\/skinstudio.ee\/lv\/wp-json\/wp\/v2\/product_cat?post=90534"},{"taxonomy":"product_tag","embeddable":true,"href":"https:\/\/skinstudio.ee\/lv\/wp-json\/wp\/v2\/product_tag?post=90534"},{"taxonomy":"giftcard-category","embeddable":true,"href":"https:\/\/skinstudio.ee\/lv\/wp-json\/wp\/v2\/giftcard-category?post=90534"}],"curies":[{"name":"wp","href":"https:\/\/api.w.org\/{rel}","templated":true}]}}