{"id":90549,"date":"2026-04-09T14:32:22","date_gmt":"2026-04-09T14:32:22","guid":{"rendered":"https:\/\/skinstudio.ee\/?post_type=product&#038;p=90549"},"modified":"2026-04-09T14:34:56","modified_gmt":"2026-04-09T14:34:56","slug":"skin-resist-sensage-eye","status":"publish","type":"product","link":"https:\/\/skinstudio.ee\/lv\/catalog\/cantabria-labs-lv\/skin-resist-sensage-eye\/","title":{"rendered":"Skin Resist Sensage Eye"},"content":{"rendered":"<p data-start=\"140\" data-end=\"362\"><strong data-start=\"140\" data-end=\"185\">Skin Resist Sensage Eye no Cantabria Labs<\/strong> ir atjaunojo\u0161s acu kr\u0113ms, kas izstr\u0101d\u0101ts \u012bpa\u0161i jut\u012bgas un reakt\u012bvas \u0101das kop\u0161anai. Formula pal\u012bdz samazin\u0101t jut\u012bgumu, stiprina \u0101das barjeru un uzlabo acu zonas kop\u0113jo st\u0101vokli.<\/p>\n<p data-start=\"364\" data-end=\"550\">Kr\u0113ms pal\u012bdz mazin\u0101t noguruma paz\u012bmes, tostarp t\u016bsku un smalk\u0101s l\u012bnijas, padarot \u0101du glud\u0101ku un kopt\u0101ku. Tas nodro\u0161ina mitrin\u0101\u0161anu un uzlabo komfortu pat paaugstin\u0101tas jut\u012bbas apst\u0101k\u013cos.<\/p>\n<p data-start=\"552\" data-end=\"753\">Akt\u012bv\u0101s sast\u0101vda\u013cas atbalsta \u0101das aizsargfunkcijas un pal\u012bdz samazin\u0101t reaktivit\u0101ti, nodro\u0161inot stabil\u0101ku un l\u012bdzsvarot\u0101ku \u0101das st\u0101vokli. Produkts piem\u0113rots lieto\u0161anai gan zem ac\u012bm, gan uz plaksti\u0146iem.<\/p>\n<p data-start=\"755\" data-end=\"894\">Regul\u0101ra lieto\u0161ana pal\u012bdz padar\u012bt \u0101du ap ac\u012bm m\u012bkst\u0101ku, lab\u0101k mitrin\u0101tu un iztur\u012bg\u0101ku, uzlabojot t\u0101s izskatu un samazinot noguruma paz\u012bmes.<\/p>\n<p data-start=\"896\" data-end=\"1095\"><strong data-start=\"896\" data-end=\"938\">Kam piem\u0113rots Skin Resist Sensage Eye:<\/strong> piem\u0113rots jut\u012bgai, reakt\u012bvai un kairin\u0101jumam pak\u013cautai \u0101dai ap ac\u012bm, tostarp plaksti\u0146iem. Piem\u0113rots aps\u0101rtuma, sausuma, t\u016bskas un noguruma paz\u012bmju gad\u012bjum\u0101.<\/p>\n<p data-start=\"1097\" data-end=\"1115\"><strong data-start=\"1097\" data-end=\"1115\">Tilpums: 15 ml<\/strong><\/p>\n","protected":false},"excerpt":{"rendered":"<p data-start=\"1373\" data-end=\"1382\">Acu kr\u0113ms<\/p>\n<h2 data-start=\"1384\" data-end=\"1437\"><strong data-start=\"1384\" data-end=\"1437\">\u012apa\u0161\u012bbas Cantabria Labs &#8211; Skin Resist Sensage Eye<\/strong><\/h2>\n<p data-start=\"1439\" data-end=\"1625\">\u2714\ufe0f Samazina jut\u012bgumu un stiprina barjeru<br data-start=\"1479\" data-end=\"1482\" \/>\u2714\ufe0f Mazina t\u016bsku un noguruma paz\u012bmes<br data-start=\"1517\" data-end=\"1520\" \/>\u2714\ufe0f Izl\u012bdzina smalk\u0101s l\u012bnijas<br data-start=\"1548\" data-end=\"1551\" \/>\u2714\ufe0f Intens\u012bvi mitrina acu zonu<br data-start=\"1580\" data-end=\"1583\" \/>\u2714\ufe0f Piem\u0113rots plaksti\u0146iem un jut\u012bgai \u0101dai<\/p>\n","protected":false},"featured_media":90542,"template":"","meta":[],"pwb-brand":[1201],"product_brand":[],"product_cat":[733,745],"product_tag":[],"giftcard-category":[],"class_list":{"0":"post-90549","1":"product","2":"type-product","3":"status-publish","4":"has-post-thumbnail","6":"pwb-brand-cantabria-labs-lv","7":"product_cat-ada-ap-acim","8":"product_cat-jutigai-adai","10":"first","11":"instock","12":"taxable","13":"shipping-taxable","14":"purchasable","15":"product-type-simple"},"acf":[],"brands":[{"id":1201,"name":"Cantabria Labs","slug":"cantabria-labs-lv"}],"_links":{"self":[{"href":"https:\/\/skinstudio.ee\/lv\/wp-json\/wp\/v2\/product\/90549","targetHints":{"allow":["GET"]}}],"collection":[{"href":"https:\/\/skinstudio.ee\/lv\/wp-json\/wp\/v2\/product"}],"about":[{"href":"https:\/\/skinstudio.ee\/lv\/wp-json\/wp\/v2\/types\/product"}],"version-history":[{"count":1,"href":"https:\/\/skinstudio.ee\/lv\/wp-json\/wp\/v2\/product\/90549\/revisions"}],"predecessor-version":[{"id":90550,"href":"https:\/\/skinstudio.ee\/lv\/wp-json\/wp\/v2\/product\/90549\/revisions\/90550"}],"wp:featuredmedia":[{"embeddable":true,"href":"https:\/\/skinstudio.ee\/lv\/wp-json\/wp\/v2\/media\/90542"}],"wp:attachment":[{"href":"https:\/\/skinstudio.ee\/lv\/wp-json\/wp\/v2\/media?parent=90549"}],"wp:term":[{"taxonomy":"pwb-brand","embeddable":true,"href":"https:\/\/skinstudio.ee\/lv\/wp-json\/wp\/v2\/pwb-brand?post=90549"},{"taxonomy":"product_brand","embeddable":true,"href":"https:\/\/skinstudio.ee\/lv\/wp-json\/wp\/v2\/product_brand?post=90549"},{"taxonomy":"product_cat","embeddable":true,"href":"https:\/\/skinstudio.ee\/lv\/wp-json\/wp\/v2\/product_cat?post=90549"},{"taxonomy":"product_tag","embeddable":true,"href":"https:\/\/skinstudio.ee\/lv\/wp-json\/wp\/v2\/product_tag?post=90549"},{"taxonomy":"giftcard-category","embeddable":true,"href":"https:\/\/skinstudio.ee\/lv\/wp-json\/wp\/v2\/giftcard-category?post=90549"}],"curies":[{"name":"wp","href":"https:\/\/api.w.org\/{rel}","templated":true}]}}