{"id":90648,"date":"2026-04-10T08:48:27","date_gmt":"2026-04-10T08:48:27","guid":{"rendered":"https:\/\/skinstudio.ee\/?post_type=product&#038;p=90648"},"modified":"2026-04-10T09:22:15","modified_gmt":"2026-04-10T09:22:15","slug":"heliocare-bronze-oral-capsules","status":"publish","type":"product","link":"https:\/\/skinstudio.ee\/lv\/catalog\/cantabria-labs-lv\/heliocare-bronze-oral-capsules\/","title":{"rendered":"Heliocare Bronze Oral Capsules"},"content":{"rendered":"<p data-start=\"125\" data-end=\"285\"><strong data-start=\"125\" data-end=\"285\">Heliocare Bronze Oral Capsules no Cantabria Labs &#8211; uztura bag\u0101tin\u0101t\u0101js ar akt\u012bvo sast\u0101vda\u013cu kombin\u0101ciju, kas paredz\u0113ts lieto\u0161anai saules iedarb\u012bbas period\u0101.<\/strong><\/p>\n<p data-start=\"287\" data-end=\"429\">Formula satur Fernblock\u00ae &#8211; patent\u0113tu augu ekstraktu, k\u0101 ar\u012b forskol\u012bnu un beta-karot\u012bnus. Produkts ir kapsulu veid\u0101 \u0113rtai ikdienas lieto\u0161anai.<\/p>\n<p data-start=\"431\" data-end=\"523\">Produktu var lietot kop\u0101 ar lok\u0101liem saules aizsardz\u012bbas l\u012bdzek\u013ciem saules iedarb\u012bbas laik\u0101.<\/p>\n<p data-start=\"525\" data-end=\"678\"><strong data-start=\"525\" data-end=\"543\">Ra\u017eots Eirop\u0101.<\/strong><br data-start=\"543\" data-end=\"546\" \/>Der\u012bguma termi\u0146\u0161: skat\u012bt uz iepakojuma<br data-start=\"584\" data-end=\"587\" \/>Uzglab\u0101\u0161anas apst\u0101k\u013ci: uzglab\u0101t cie\u0161i nosl\u0113gtu v\u0113s\u0101 un saus\u0101 viet\u0101<br data-start=\"653\" data-end=\"656\" \/>Tilpums: 60 kapsulas<\/p>\n","protected":false},"excerpt":{"rendered":"<p data-start=\"1451\" data-end=\"1482\">Uztura bag\u0101tin\u0101t\u0101js iedegumam<\/p>\n<h2 data-start=\"1484\" data-end=\"1544\"><strong data-start=\"1484\" data-end=\"1544\">\u012apa\u0161\u012bbas Cantabria Labs &#8211; Heliocare Bronze Oral Capsules<\/strong><\/h2>\n<p data-start=\"1546\" data-end=\"1727\">\u2714\ufe0f Satur akt\u012bvo sast\u0101vda\u013cu kompleksu<br data-start=\"1582\" data-end=\"1585\" \/>\u2714\ufe0f Kapsulu forma \u0113rtai lieto\u0161anai<br data-start=\"1618\" data-end=\"1621\" \/>\u2714\ufe0f Piem\u0113rots lieto\u0161anai saules iedarb\u012bbas laik\u0101<br data-start=\"1668\" data-end=\"1671\" \/>\u2714\ufe0f Formula ar augu izcelsmes komponentiem<br data-start=\"1712\" data-end=\"1715\" \/>\u2714\ufe0f Non-GMO<\/p>\n","protected":false},"featured_media":90631,"template":"","meta":[],"pwb-brand":[1201],"product_brand":[],"product_cat":[1406,768],"product_tag":[],"giftcard-category":[],"class_list":{"0":"post-90648","1":"product","2":"type-product","3":"status-publish","4":"has-post-thumbnail","6":"pwb-brand-cantabria-labs-lv","7":"product_cat-jaunumi","8":"product_cat-vitamini","10":"first","11":"instock","12":"taxable","13":"shipping-taxable","14":"purchasable","15":"product-type-simple"},"acf":[],"brands":[{"id":1201,"name":"Cantabria Labs","slug":"cantabria-labs-lv"}],"_links":{"self":[{"href":"https:\/\/skinstudio.ee\/lv\/wp-json\/wp\/v2\/product\/90648","targetHints":{"allow":["GET"]}}],"collection":[{"href":"https:\/\/skinstudio.ee\/lv\/wp-json\/wp\/v2\/product"}],"about":[{"href":"https:\/\/skinstudio.ee\/lv\/wp-json\/wp\/v2\/types\/product"}],"version-history":[{"count":1,"href":"https:\/\/skinstudio.ee\/lv\/wp-json\/wp\/v2\/product\/90648\/revisions"}],"predecessor-version":[{"id":90649,"href":"https:\/\/skinstudio.ee\/lv\/wp-json\/wp\/v2\/product\/90648\/revisions\/90649"}],"wp:featuredmedia":[{"embeddable":true,"href":"https:\/\/skinstudio.ee\/lv\/wp-json\/wp\/v2\/media\/90631"}],"wp:attachment":[{"href":"https:\/\/skinstudio.ee\/lv\/wp-json\/wp\/v2\/media?parent=90648"}],"wp:term":[{"taxonomy":"pwb-brand","embeddable":true,"href":"https:\/\/skinstudio.ee\/lv\/wp-json\/wp\/v2\/pwb-brand?post=90648"},{"taxonomy":"product_brand","embeddable":true,"href":"https:\/\/skinstudio.ee\/lv\/wp-json\/wp\/v2\/product_brand?post=90648"},{"taxonomy":"product_cat","embeddable":true,"href":"https:\/\/skinstudio.ee\/lv\/wp-json\/wp\/v2\/product_cat?post=90648"},{"taxonomy":"product_tag","embeddable":true,"href":"https:\/\/skinstudio.ee\/lv\/wp-json\/wp\/v2\/product_tag?post=90648"},{"taxonomy":"giftcard-category","embeddable":true,"href":"https:\/\/skinstudio.ee\/lv\/wp-json\/wp\/v2\/giftcard-category?post=90648"}],"curies":[{"name":"wp","href":"https:\/\/api.w.org\/{rel}","templated":true}]}}