{"id":90663,"date":"2026-04-10T09:49:57","date_gmt":"2026-04-10T09:49:57","guid":{"rendered":"https:\/\/skinstudio.ee\/?post_type=product&#038;p=90663"},"modified":"2026-04-10T09:53:12","modified_gmt":"2026-04-10T09:53:12","slug":"heliocare-360-sportsun-oral-sticks","status":"publish","type":"product","link":"https:\/\/skinstudio.ee\/lv\/catalog\/cantabria-labs-lv\/heliocare-360-sportsun-oral-sticks\/","title":{"rendered":"Heliocare 360 Sportsun Oral Sticks"},"content":{"rendered":"<p data-start=\"84\" data-end=\"270\"><strong data-start=\"84\" data-end=\"270\">Heliocare 360 Sportsun Oral Sticks no Cantabria Labs &#8211; uztura bag\u0101tin\u0101t\u0101js ar akt\u012bvo sast\u0101vda\u013cu kombin\u0101ciju, kas paredz\u0113ts lieto\u0161anai saules iedarb\u012bbas un fizisk\u0101s aktivit\u0101tes laik\u0101.<\/strong><\/p>\n<p data-start=\"272\" data-end=\"533\">Formula satur ASPA-Fernblock\u00ae &#8211; augu ekstraktu kombin\u0101ciju, k\u0101 ar\u012b vitam\u012bnus un miner\u0101lvielas, tostarp C vitam\u012bnu, D vitam\u012bnu, magniju un cinku. Produkts ir pieejams \u0113rti lietojamu orodisper\u0123\u0113jamu stiku form\u0101, kas iz\u0161\u0137\u012bst mut\u0113 bez nepiecie\u0161am\u012bbas uzdzert \u016bdeni.<\/p>\n<p data-start=\"535\" data-end=\"627\">Produktu var lietot saules iedarb\u012bbas laik\u0101 kop\u0101 ar lok\u0101liem saules aizsardz\u012bbas l\u012bdzek\u013ciem.<\/p>\n<p data-start=\"629\" data-end=\"779\"><strong data-start=\"629\" data-end=\"647\">Ra\u017eots Eirop\u0101.<\/strong><br data-start=\"647\" data-end=\"650\" \/>Der\u012bguma termi\u0146\u0161: skat\u012bt uz iepakojuma<br data-start=\"688\" data-end=\"691\" \/>Uzglab\u0101\u0161anas apst\u0101k\u013ci: uzglab\u0101t cie\u0161i nosl\u0113gtu v\u0113s\u0101 un saus\u0101 viet\u0101<br data-start=\"757\" data-end=\"760\" \/>Tilpums: 30 stiki<\/p>\n","protected":false},"excerpt":{"rendered":"<p data-start=\"1569\" data-end=\"1597\">Uztura bag\u0101tin\u0101t\u0101js stikos<\/p>\n<h2 data-start=\"1599\" data-end=\"1663\"><strong data-start=\"1599\" data-end=\"1663\">\u012apa\u0161\u012bbas Cantabria Labs &#8211; Heliocare 360 Sportsun Oral Sticks<\/strong><\/h2>\n<p data-start=\"1665\" data-end=\"1838\">\u2714\ufe0f Satur akt\u012bvo sast\u0101vda\u013cu kompleksu<br data-start=\"1701\" data-end=\"1704\" \/>\u2714\ufe0f \u0112rts orodisper\u0123\u0113jams form\u0101ts<br data-start=\"1735\" data-end=\"1738\" \/>\u2714\ufe0f Piem\u0113rots lieto\u0161anai saules iedarb\u012bbas laik\u0101<br data-start=\"1785\" data-end=\"1788\" \/>\u2714\ufe0f Satur vitam\u012bnus un miner\u0101lvielas<br data-start=\"1823\" data-end=\"1826\" \/>\u2714\ufe0f Non-GMO<\/p>\n","protected":false},"featured_media":90656,"template":"","meta":[],"pwb-brand":[1201],"product_brand":[],"product_cat":[1406,768],"product_tag":[],"giftcard-category":[],"class_list":{"0":"post-90663","1":"product","2":"type-product","3":"status-publish","4":"has-post-thumbnail","6":"pwb-brand-cantabria-labs-lv","7":"product_cat-jaunumi","8":"product_cat-vitamini","10":"first","11":"instock","12":"taxable","13":"shipping-taxable","14":"purchasable","15":"product-type-simple"},"acf":[],"brands":[{"id":1201,"name":"Cantabria Labs","slug":"cantabria-labs-lv"}],"_links":{"self":[{"href":"https:\/\/skinstudio.ee\/lv\/wp-json\/wp\/v2\/product\/90663","targetHints":{"allow":["GET"]}}],"collection":[{"href":"https:\/\/skinstudio.ee\/lv\/wp-json\/wp\/v2\/product"}],"about":[{"href":"https:\/\/skinstudio.ee\/lv\/wp-json\/wp\/v2\/types\/product"}],"version-history":[{"count":1,"href":"https:\/\/skinstudio.ee\/lv\/wp-json\/wp\/v2\/product\/90663\/revisions"}],"predecessor-version":[{"id":90664,"href":"https:\/\/skinstudio.ee\/lv\/wp-json\/wp\/v2\/product\/90663\/revisions\/90664"}],"wp:featuredmedia":[{"embeddable":true,"href":"https:\/\/skinstudio.ee\/lv\/wp-json\/wp\/v2\/media\/90656"}],"wp:attachment":[{"href":"https:\/\/skinstudio.ee\/lv\/wp-json\/wp\/v2\/media?parent=90663"}],"wp:term":[{"taxonomy":"pwb-brand","embeddable":true,"href":"https:\/\/skinstudio.ee\/lv\/wp-json\/wp\/v2\/pwb-brand?post=90663"},{"taxonomy":"product_brand","embeddable":true,"href":"https:\/\/skinstudio.ee\/lv\/wp-json\/wp\/v2\/product_brand?post=90663"},{"taxonomy":"product_cat","embeddable":true,"href":"https:\/\/skinstudio.ee\/lv\/wp-json\/wp\/v2\/product_cat?post=90663"},{"taxonomy":"product_tag","embeddable":true,"href":"https:\/\/skinstudio.ee\/lv\/wp-json\/wp\/v2\/product_tag?post=90663"},{"taxonomy":"giftcard-category","embeddable":true,"href":"https:\/\/skinstudio.ee\/lv\/wp-json\/wp\/v2\/giftcard-category?post=90663"}],"curies":[{"name":"wp","href":"https:\/\/api.w.org\/{rel}","templated":true}]}}