{"id":90685,"date":"2026-04-10T10:15:47","date_gmt":"2026-04-10T10:15:47","guid":{"rendered":"https:\/\/skinstudio.ee\/?post_type=product&#038;p=90685"},"modified":"2026-04-10T10:20:15","modified_gmt":"2026-04-10T10:20:15","slug":"aktuva-ak-control-capsules","status":"publish","type":"product","link":"https:\/\/skinstudio.ee\/lv\/catalog\/cantabria-labs-lv\/aktuva-ak-control-capsules\/","title":{"rendered":"Aktuva AK Control Capsules"},"content":{"rendered":"<p data-start=\"77\" data-end=\"283\"><strong data-start=\"77\" data-end=\"283\">Aktuva AK Control Capsules no Cantabria Labs &#8211; uztura bag\u0101tin\u0101t\u0101js ar akt\u012bvo sast\u0101vda\u013cu kombin\u0101ciju, kas paredz\u0113ts lieto\u0161anai past\u0101v\u012bgas saules iedarb\u012bbas un apk\u0101rt\u0113j\u0101s vides faktoru ietekmes apst\u0101k\u013cos.<\/strong><\/p>\n<p data-start=\"285\" data-end=\"408\">Formula satur Aspa-Fernblock\u00ae tehnolo\u0123iju kombin\u0101cij\u0101 ar nikot\u012bnam\u012bdu. Produkts ir kapsulu form\u0101 \u0113rtai ikdienas lieto\u0161anai.<\/p>\n<p data-start=\"410\" data-end=\"525\">Sast\u0101vda\u013cu kombin\u0101cija paredz\u0113ta lieto\u0161anai paaugstin\u0101tas saules iedarb\u012bbas un apk\u0101rt\u0113j\u0101s vides ietekmes apst\u0101k\u013cos.<\/p>\n<p data-start=\"527\" data-end=\"698\"><strong data-start=\"527\" data-end=\"545\">Ra\u017eots Eirop\u0101.<\/strong><br data-start=\"545\" data-end=\"548\" \/>Der\u012bguma termi\u0146\u0161: skat\u012bt uz iepakojuma<br data-start=\"586\" data-end=\"589\" \/>Uzglab\u0101\u0161anas apst\u0101k\u013ci: uzglab\u0101t temperat\u016br\u0101 zem 30\u00b0C, pasarg\u0101t no gaismas un mitruma<br data-start=\"673\" data-end=\"676\" \/>Tilpums: 60 kapsulas<\/p>\n","protected":false},"excerpt":{"rendered":"<p data-start=\"1422\" data-end=\"1448\">Uztura bag\u0101tin\u0101t\u0101js \u0101dai<\/p>\n<h2 data-start=\"1450\" data-end=\"1506\"><strong data-start=\"1450\" data-end=\"1506\">\u012apa\u0161\u012bbas Cantabria Labs &#8211; Aktuva AK Control Capsules<\/strong><\/h2>\n<p data-start=\"1508\" data-end=\"1702\">\u2714\ufe0f Satur akt\u012bvo sast\u0101vda\u013cu kompleksu<br data-start=\"1544\" data-end=\"1547\" \/>\u2714\ufe0f Kapsulu forma \u0113rtai ikdienas lieto\u0161anai<br data-start=\"1589\" data-end=\"1592\" \/>\u2714\ufe0f Piem\u0113rots past\u0101v\u012bgas saules iedarb\u012bbas apst\u0101k\u013cos<br data-start=\"1643\" data-end=\"1646\" \/>\u2714\ufe0f Formula ar augu izcelsmes komponentiem<br data-start=\"1687\" data-end=\"1690\" \/>\u2714\ufe0f Non-GMO<\/p>\n","protected":false},"featured_media":90692,"template":"","meta":[],"pwb-brand":[1201],"product_brand":[],"product_cat":[1406,768],"product_tag":[],"giftcard-category":[],"class_list":{"0":"post-90685","1":"product","2":"type-product","3":"status-publish","4":"has-post-thumbnail","6":"pwb-brand-cantabria-labs-lv","7":"product_cat-jaunumi","8":"product_cat-vitamini","10":"first","11":"instock","12":"taxable","13":"shipping-taxable","14":"purchasable","15":"product-type-simple"},"acf":[],"brands":[{"id":1201,"name":"Cantabria Labs","slug":"cantabria-labs-lv"}],"_links":{"self":[{"href":"https:\/\/skinstudio.ee\/lv\/wp-json\/wp\/v2\/product\/90685","targetHints":{"allow":["GET"]}}],"collection":[{"href":"https:\/\/skinstudio.ee\/lv\/wp-json\/wp\/v2\/product"}],"about":[{"href":"https:\/\/skinstudio.ee\/lv\/wp-json\/wp\/v2\/types\/product"}],"version-history":[{"count":1,"href":"https:\/\/skinstudio.ee\/lv\/wp-json\/wp\/v2\/product\/90685\/revisions"}],"predecessor-version":[{"id":90686,"href":"https:\/\/skinstudio.ee\/lv\/wp-json\/wp\/v2\/product\/90685\/revisions\/90686"}],"wp:featuredmedia":[{"embeddable":true,"href":"https:\/\/skinstudio.ee\/lv\/wp-json\/wp\/v2\/media\/90692"}],"wp:attachment":[{"href":"https:\/\/skinstudio.ee\/lv\/wp-json\/wp\/v2\/media?parent=90685"}],"wp:term":[{"taxonomy":"pwb-brand","embeddable":true,"href":"https:\/\/skinstudio.ee\/lv\/wp-json\/wp\/v2\/pwb-brand?post=90685"},{"taxonomy":"product_brand","embeddable":true,"href":"https:\/\/skinstudio.ee\/lv\/wp-json\/wp\/v2\/product_brand?post=90685"},{"taxonomy":"product_cat","embeddable":true,"href":"https:\/\/skinstudio.ee\/lv\/wp-json\/wp\/v2\/product_cat?post=90685"},{"taxonomy":"product_tag","embeddable":true,"href":"https:\/\/skinstudio.ee\/lv\/wp-json\/wp\/v2\/product_tag?post=90685"},{"taxonomy":"giftcard-category","embeddable":true,"href":"https:\/\/skinstudio.ee\/lv\/wp-json\/wp\/v2\/giftcard-category?post=90685"}],"curies":[{"name":"wp","href":"https:\/\/api.w.org\/{rel}","templated":true}]}}