{"id":90717,"date":"2026-04-10T11:42:25","date_gmt":"2026-04-10T11:42:25","guid":{"rendered":"https:\/\/skinstudio.ee\/?post_type=product&#038;p=90717"},"modified":"2026-04-10T11:51:16","modified_gmt":"2026-04-10T11:51:16","slug":"iraltone-hair-resilience-booster","status":"publish","type":"product","link":"https:\/\/skinstudio.ee\/lv\/catalog\/cantabria-labs-lv\/iraltone-hair-resilience-booster\/","title":{"rendered":"Iraltone Hair Resilience Booster"},"content":{"rendered":"<p data-start=\"77\" data-end=\"192\"><strong data-start=\"77\" data-end=\"192\">Iraltone Hair Resilience Booster no Cantabria Labs &#8211; \u0161\u0137idrs uztura bag\u0101tin\u0101t\u0101js ar akt\u012bvo sast\u0101vda\u013cu kompleksu.<\/strong><\/p>\n<p data-start=\"194\" data-end=\"390\">Formula apvieno augu ekstraktus, aminosk\u0101bes un vitam\u012bnus, kas tiek izmantoti uztura bag\u0101tin\u0101t\u0101ja sast\u0101v\u0101. Sast\u0101vda\u013cas ir izv\u0113l\u0113tas, \u0146emot v\u0113r\u0101 to lomu organisma norm\u0101los fiziolo\u0123iskajos procesos.<\/p>\n<p data-start=\"392\" data-end=\"578\">Sast\u0101v\u0101 ir komponenti, kas piedal\u0101s olbaltumvielu sint\u0113z\u0113 un visp\u0101r\u0113jos vielmai\u0146as procesos. Formula izstr\u0101d\u0101ta, \u0146emot v\u0113r\u0101 ikdienas \u0101r\u0113jo faktoru ietekmi, piem\u0113ram, vidi un dz\u012bvesveidu.<\/p>\n<p data-start=\"580\" data-end=\"667\">Dzeramais form\u0101ts ampul\u0101s nodro\u0161ina \u0113rtu lieto\u0161anu un ir piem\u0113rots ikdienas lieto\u0161anai.<\/p>\n<p data-start=\"669\" data-end=\"820\"><strong data-start=\"669\" data-end=\"687\">Ra\u017eots Eirop\u0101.<\/strong><br data-start=\"687\" data-end=\"690\" \/>Der\u012bguma termi\u0146\u0161: skat\u012bt uz iepakojuma<br data-start=\"728\" data-end=\"731\" \/>Uzglab\u0101\u0161anas apst\u0101k\u013ci: uzglab\u0101t saus\u0101 viet\u0101 temperat\u016br\u0101 l\u012bdz 25\u00b0C<br data-start=\"796\" data-end=\"799\" \/>Tilpums: 30 ampulas<\/p>\n","protected":false},"excerpt":{"rendered":"<p data-start=\"1635\" data-end=\"1663\">\u0160\u0137idrs uztura bag\u0101tin\u0101t\u0101js<\/p>\n<h2 data-start=\"1665\" data-end=\"1727\"><strong data-start=\"1665\" data-end=\"1727\">\u012apa\u0161\u012bbas Cantabria Labs &#8211; Iraltone Hair Resilience Booster<\/strong><\/h2>\n<p data-start=\"1729\" data-end=\"1899\">\u2714\ufe0f Satur akt\u012bvo sast\u0101vda\u013cu kompleksu<br data-start=\"1765\" data-end=\"1768\" \/>\u2714\ufe0f Formula ar aminosk\u0101b\u0113m un augu ekstraktiem<br data-start=\"1813\" data-end=\"1816\" \/>\u2714\ufe0f Piem\u0113rots ikdienas lieto\u0161anai<br data-start=\"1848\" data-end=\"1851\" \/>\u2714\ufe0f \u0112rts dzeramais form\u0101ts ampul\u0101s<br data-start=\"1884\" data-end=\"1887\" \/>\u2714\ufe0f Non-GMO<\/p>\n","protected":false},"featured_media":90699,"template":"","meta":[],"pwb-brand":[1201],"product_brand":[],"product_cat":[1406,768],"product_tag":[],"giftcard-category":[],"class_list":{"0":"post-90717","1":"product","2":"type-product","3":"status-publish","4":"has-post-thumbnail","6":"pwb-brand-cantabria-labs-lv","7":"product_cat-jaunumi","8":"product_cat-vitamini","10":"first","11":"instock","12":"taxable","13":"shipping-taxable","14":"purchasable","15":"product-type-simple"},"acf":[],"brands":[{"id":1201,"name":"Cantabria Labs","slug":"cantabria-labs-lv"}],"_links":{"self":[{"href":"https:\/\/skinstudio.ee\/lv\/wp-json\/wp\/v2\/product\/90717","targetHints":{"allow":["GET"]}}],"collection":[{"href":"https:\/\/skinstudio.ee\/lv\/wp-json\/wp\/v2\/product"}],"about":[{"href":"https:\/\/skinstudio.ee\/lv\/wp-json\/wp\/v2\/types\/product"}],"version-history":[{"count":1,"href":"https:\/\/skinstudio.ee\/lv\/wp-json\/wp\/v2\/product\/90717\/revisions"}],"predecessor-version":[{"id":90718,"href":"https:\/\/skinstudio.ee\/lv\/wp-json\/wp\/v2\/product\/90717\/revisions\/90718"}],"wp:featuredmedia":[{"embeddable":true,"href":"https:\/\/skinstudio.ee\/lv\/wp-json\/wp\/v2\/media\/90699"}],"wp:attachment":[{"href":"https:\/\/skinstudio.ee\/lv\/wp-json\/wp\/v2\/media?parent=90717"}],"wp:term":[{"taxonomy":"pwb-brand","embeddable":true,"href":"https:\/\/skinstudio.ee\/lv\/wp-json\/wp\/v2\/pwb-brand?post=90717"},{"taxonomy":"product_brand","embeddable":true,"href":"https:\/\/skinstudio.ee\/lv\/wp-json\/wp\/v2\/product_brand?post=90717"},{"taxonomy":"product_cat","embeddable":true,"href":"https:\/\/skinstudio.ee\/lv\/wp-json\/wp\/v2\/product_cat?post=90717"},{"taxonomy":"product_tag","embeddable":true,"href":"https:\/\/skinstudio.ee\/lv\/wp-json\/wp\/v2\/product_tag?post=90717"},{"taxonomy":"giftcard-category","embeddable":true,"href":"https:\/\/skinstudio.ee\/lv\/wp-json\/wp\/v2\/giftcard-category?post=90717"}],"curies":[{"name":"wp","href":"https:\/\/api.w.org\/{rel}","templated":true}]}}