{"id":90744,"date":"2026-04-10T12:00:45","date_gmt":"2026-04-10T12:00:45","guid":{"rendered":"https:\/\/skinstudio.ee\/?post_type=product&#038;p=90744"},"modified":"2026-04-10T12:05:09","modified_gmt":"2026-04-10T12:05:09","slug":"iraltone-hair-efflu-booster","status":"publish","type":"product","link":"https:\/\/skinstudio.ee\/lv\/catalog\/cantabria-labs-lv\/iraltone-hair-efflu-booster\/","title":{"rendered":"Iraltone Hair Efflu Booster"},"content":{"rendered":"<p data-start=\"103\" data-end=\"213\"><strong data-start=\"103\" data-end=\"213\">Iraltone Hair Efflu Booster no Cantabria Labs &#8211; \u0161\u0137idrs uztura bag\u0101tin\u0101t\u0101js ar akt\u012bvo sast\u0101vda\u013cu kompleksu.<\/strong><\/p>\n<p data-start=\"215\" data-end=\"437\">Formula apvieno augu ekstraktus, aminosk\u0101bes, vitam\u012bnus un probiotiskos komponentus, kas tiek izmantoti uztura bag\u0101tin\u0101t\u0101ja sast\u0101v\u0101. Sast\u0101vda\u013cas ir izv\u0113l\u0113tas, \u0146emot v\u0113r\u0101 to lomu organisma norm\u0101los fiziolo\u0123iskajos procesos.<\/p>\n<p data-start=\"439\" data-end=\"605\">Sast\u0101v\u0101 ir komponenti, kas piedal\u0101s olbaltumvielu sint\u0113z\u0113 un vielmai\u0146as procesos. Formula izstr\u0101d\u0101ta, \u0146emot v\u0113r\u0101 ikdienas \u0101r\u0113jo faktoru ietekmi un sezon\u0101l\u0101s izmai\u0146as.<\/p>\n<p data-start=\"607\" data-end=\"726\">Dzeramais form\u0101ts ampul\u0101s nodro\u0161ina \u0113rtu lieto\u0161anu un ir piem\u0113rots ikdienas lieto\u0161anai. Produktam ir pina colada gar\u0161a.<\/p>\n<p data-start=\"728\" data-end=\"879\"><strong data-start=\"728\" data-end=\"746\">Ra\u017eots Eirop\u0101.<\/strong><br data-start=\"746\" data-end=\"749\" \/>Der\u012bguma termi\u0146\u0161: skat\u012bt uz iepakojuma<br data-start=\"787\" data-end=\"790\" \/>Uzglab\u0101\u0161anas apst\u0101k\u013ci: uzglab\u0101t saus\u0101 viet\u0101 temperat\u016br\u0101 l\u012bdz 25\u00b0C<br data-start=\"855\" data-end=\"858\" \/>Tilpums: 30 ampulas<\/p>\n","protected":false},"excerpt":{"rendered":"<p data-start=\"1693\" data-end=\"1721\">\u0160\u0137idrs uztura bag\u0101tin\u0101t\u0101js<\/p>\n<h2 data-start=\"1723\" data-end=\"1780\"><strong data-start=\"1723\" data-end=\"1780\">\u012apa\u0161\u012bbas Cantabria Labs &#8211; Iraltone Hair Efflu Booster<\/strong><\/h2>\n<p data-start=\"1782\" data-end=\"1935\">\u2714\ufe0f Taimsed ekstraktid ja aminohapped<br data-start=\"1818\" data-end=\"1821\" \/>\u2714\ufe0f Probiootiliste komponentidega<br data-start=\"1853\" data-end=\"1856\" \/>\u2714\ufe0f Vedel formaat ampullides<br data-start=\"1883\" data-end=\"1886\" \/>\u2714\ufe0f Sobib igap\u00e4evaseks kasutamiseks<br data-start=\"1920\" data-end=\"1923\" \/>\u2714\ufe0f Non-GMO<\/p>\n","protected":false},"featured_media":90725,"template":"","meta":[],"pwb-brand":[1201],"product_brand":[],"product_cat":[1406,768],"product_tag":[],"giftcard-category":[],"class_list":{"0":"post-90744","1":"product","2":"type-product","3":"status-publish","4":"has-post-thumbnail","6":"pwb-brand-cantabria-labs-lv","7":"product_cat-jaunumi","8":"product_cat-vitamini","10":"first","11":"instock","12":"taxable","13":"shipping-taxable","14":"purchasable","15":"product-type-simple"},"acf":[],"brands":[{"id":1201,"name":"Cantabria Labs","slug":"cantabria-labs-lv"}],"_links":{"self":[{"href":"https:\/\/skinstudio.ee\/lv\/wp-json\/wp\/v2\/product\/90744","targetHints":{"allow":["GET"]}}],"collection":[{"href":"https:\/\/skinstudio.ee\/lv\/wp-json\/wp\/v2\/product"}],"about":[{"href":"https:\/\/skinstudio.ee\/lv\/wp-json\/wp\/v2\/types\/product"}],"version-history":[{"count":1,"href":"https:\/\/skinstudio.ee\/lv\/wp-json\/wp\/v2\/product\/90744\/revisions"}],"predecessor-version":[{"id":90745,"href":"https:\/\/skinstudio.ee\/lv\/wp-json\/wp\/v2\/product\/90744\/revisions\/90745"}],"wp:featuredmedia":[{"embeddable":true,"href":"https:\/\/skinstudio.ee\/lv\/wp-json\/wp\/v2\/media\/90725"}],"wp:attachment":[{"href":"https:\/\/skinstudio.ee\/lv\/wp-json\/wp\/v2\/media?parent=90744"}],"wp:term":[{"taxonomy":"pwb-brand","embeddable":true,"href":"https:\/\/skinstudio.ee\/lv\/wp-json\/wp\/v2\/pwb-brand?post=90744"},{"taxonomy":"product_brand","embeddable":true,"href":"https:\/\/skinstudio.ee\/lv\/wp-json\/wp\/v2\/product_brand?post=90744"},{"taxonomy":"product_cat","embeddable":true,"href":"https:\/\/skinstudio.ee\/lv\/wp-json\/wp\/v2\/product_cat?post=90744"},{"taxonomy":"product_tag","embeddable":true,"href":"https:\/\/skinstudio.ee\/lv\/wp-json\/wp\/v2\/product_tag?post=90744"},{"taxonomy":"giftcard-category","embeddable":true,"href":"https:\/\/skinstudio.ee\/lv\/wp-json\/wp\/v2\/giftcard-category?post=90744"}],"curies":[{"name":"wp","href":"https:\/\/api.w.org\/{rel}","templated":true}]}}