{"id":90770,"date":"2026-04-10T12:10:45","date_gmt":"2026-04-10T12:10:45","guid":{"rendered":"https:\/\/skinstudio.ee\/?post_type=product&#038;p=90770"},"modified":"2026-04-10T12:13:30","modified_gmt":"2026-04-10T12:13:30","slug":"iraltone-aga-plus-capsules","status":"publish","type":"product","link":"https:\/\/skinstudio.ee\/lv\/catalog\/cantabria-labs-lv\/iraltone-aga-plus-capsules\/","title":{"rendered":"Iraltone AGA Plus Capsules"},"content":{"rendered":"<p data-start=\"3844\" data-end=\"3946\"><strong data-start=\"3844\" data-end=\"3946\">Iraltone AGA Plus Capsules no Cantabria Labs &#8211; uztura bag\u0101tin\u0101t\u0101js ar akt\u012bvo sast\u0101vda\u013cu kompleksu.<\/strong><\/p>\n<p data-start=\"3948\" data-end=\"4159\">Formula apvieno augu ekstraktus, aminosk\u0101bes, vitam\u012bnus un miner\u0101lvielas, kas tiek izmantoti uztura bag\u0101tin\u0101t\u0101ja sast\u0101v\u0101. Sast\u0101vda\u013cas ir izv\u0113l\u0113tas, \u0146emot v\u0113r\u0101 to lomu organisma norm\u0101los fiziolo\u0123iskajos procesos.<\/p>\n<p data-start=\"4161\" data-end=\"4320\">Sast\u0101v\u0101 ir komponenti, kas piedal\u0101s olbaltumvielu sint\u0113z\u0113 un vielmai\u0146as procesos. Formula izstr\u0101d\u0101ta, \u0146emot v\u0113r\u0101 ikdienas \u0101r\u0113jo faktoru ietekmi un dz\u012bvesveidu.<\/p>\n<p data-start=\"4322\" data-end=\"4387\">Produkts ir kapsulu form\u0101, kas nodro\u0161ina \u0113rtu ikdienas lieto\u0161anu.<\/p>\n<p data-start=\"4389\" data-end=\"4539\"><strong data-start=\"4389\" data-end=\"4407\">Ra\u017eots Eirop\u0101.<\/strong><br data-start=\"4407\" data-end=\"4410\" \/>Der\u012bguma termi\u0146\u0161: skat\u012bt uz iepakojuma<br data-start=\"4448\" data-end=\"4451\" \/>Uzglab\u0101\u0161anas apst\u0101k\u013ci: uzglab\u0101t saus\u0101 viet\u0101 istabas temperat\u016br\u0101<br data-start=\"4514\" data-end=\"4517\" \/>Tilpums: 60 kapsulas<\/p>\n","protected":false},"excerpt":{"rendered":"<p data-start=\"5250\" data-end=\"5279\">Kapsulu uztura bag\u0101tin\u0101t\u0101js<\/p>\n<h2 data-start=\"5281\" data-end=\"5337\"><strong data-start=\"5281\" data-end=\"5337\">\u012apa\u0161\u012bbas Cantabria Labs &#8211; Iraltone AGA Plus Capsules<\/strong><\/h2>\n<p data-start=\"5339\" data-end=\"5499\">\u2714\ufe0f Augu ekstrakti un aminosk\u0101bes<br data-start=\"5371\" data-end=\"5374\" \/>\u2714\ufe0f Satur vitam\u012bnus un miner\u0101lvielas<br data-start=\"5409\" data-end=\"5412\" \/>\u2714\ufe0f Kapsulu forma ikdienas lieto\u0161anai<br data-start=\"5448\" data-end=\"5451\" \/>\u2714\ufe0f Piem\u0113rots regul\u0101rai lieto\u0161anai<br data-start=\"5484\" data-end=\"5487\" \/>\u2714\ufe0f Non-GMO<\/p>\n","protected":false},"featured_media":90752,"template":"","meta":[],"pwb-brand":[1201],"product_brand":[],"product_cat":[1406,768],"product_tag":[],"giftcard-category":[],"class_list":{"0":"post-90770","1":"product","2":"type-product","3":"status-publish","4":"has-post-thumbnail","6":"pwb-brand-cantabria-labs-lv","7":"product_cat-jaunumi","8":"product_cat-vitamini","10":"first","11":"instock","12":"taxable","13":"shipping-taxable","14":"purchasable","15":"product-type-simple"},"acf":[],"brands":[{"id":1201,"name":"Cantabria Labs","slug":"cantabria-labs-lv"}],"_links":{"self":[{"href":"https:\/\/skinstudio.ee\/lv\/wp-json\/wp\/v2\/product\/90770","targetHints":{"allow":["GET"]}}],"collection":[{"href":"https:\/\/skinstudio.ee\/lv\/wp-json\/wp\/v2\/product"}],"about":[{"href":"https:\/\/skinstudio.ee\/lv\/wp-json\/wp\/v2\/types\/product"}],"version-history":[{"count":1,"href":"https:\/\/skinstudio.ee\/lv\/wp-json\/wp\/v2\/product\/90770\/revisions"}],"predecessor-version":[{"id":90771,"href":"https:\/\/skinstudio.ee\/lv\/wp-json\/wp\/v2\/product\/90770\/revisions\/90771"}],"wp:featuredmedia":[{"embeddable":true,"href":"https:\/\/skinstudio.ee\/lv\/wp-json\/wp\/v2\/media\/90752"}],"wp:attachment":[{"href":"https:\/\/skinstudio.ee\/lv\/wp-json\/wp\/v2\/media?parent=90770"}],"wp:term":[{"taxonomy":"pwb-brand","embeddable":true,"href":"https:\/\/skinstudio.ee\/lv\/wp-json\/wp\/v2\/pwb-brand?post=90770"},{"taxonomy":"product_brand","embeddable":true,"href":"https:\/\/skinstudio.ee\/lv\/wp-json\/wp\/v2\/product_brand?post=90770"},{"taxonomy":"product_cat","embeddable":true,"href":"https:\/\/skinstudio.ee\/lv\/wp-json\/wp\/v2\/product_cat?post=90770"},{"taxonomy":"product_tag","embeddable":true,"href":"https:\/\/skinstudio.ee\/lv\/wp-json\/wp\/v2\/product_tag?post=90770"},{"taxonomy":"giftcard-category","embeddable":true,"href":"https:\/\/skinstudio.ee\/lv\/wp-json\/wp\/v2\/giftcard-category?post=90770"}],"curies":[{"name":"wp","href":"https:\/\/api.w.org\/{rel}","templated":true}]}}