{"id":90812,"date":"2026-04-10T13:08:01","date_gmt":"2026-04-10T13:08:01","guid":{"rendered":"https:\/\/skinstudio.ee\/?post_type=product&#038;p=90812"},"modified":"2026-04-10T13:12:44","modified_gmt":"2026-04-10T13:12:44","slug":"post-treatment-essentials","status":"publish","type":"product","link":"https:\/\/skinstudio.ee\/lv\/catalog\/image-skincare\/post-treatment-essentials\/","title":{"rendered":"Post-Treatment Essentials"},"content":{"rendered":"<p data-start=\"90\" data-end=\"575\"><strong data-start=\"90\" data-end=\"154\">Image Skincare &#8211; Post-Treatment Essentials no Image Skincare<\/strong> &#8211; tr\u012bs produktu komplekts sausai, jut\u012bgai un aps\u0101rtumam pak\u013cautai \u0101dai, \u012bpa\u0161i atjauno\u0161an\u0101s period\u0101 p\u0113c est\u0113tisk\u0101m proced\u016br\u0101m. Komplekts pal\u012bdz maigi att\u012br\u012bt \u0101du, samazin\u0101t diskomfortu, atbalst\u012bt boj\u0101tu \u0101das aizsargbarjeru un nodro\u0161in\u0101t mitrin\u0101\u0161anu kop\u0101 ar ikdienas UV aizsardz\u012bbu. Formulas ir izv\u0113l\u0113tas t\u0101, lai \u0101da sa\u0146emtu visu nepiecie\u0161amo mier\u012bg\u0101kam, vienm\u0113r\u012bg\u0101kam un kopt\u0101kam izskatam ar\u012b paaugstin\u0101tas jut\u012bbas laik\u0101.<\/p>\n<p data-start=\"577\" data-end=\"882\">Komplekts apvieno maigu att\u012br\u012b\u0161anu, intens\u012bvu atjauno\u0161anu un miner\u0101lu saules aizsardz\u012bbu, t\u0101p\u0113c tas ir piem\u0113rots gan p\u0113c proced\u016br\u0101m, gan ikdienas kop\u0161anai reakt\u012bvai \u0101dai. Ce\u013cojuma form\u0101ta produktus ir \u0113rti pa\u0146emt l\u012bdzi, un to kombin\u0101cija pal\u012bdz \u0101tr\u0101k atjaunot komfortu, maigumu un vesel\u012bg\u0101ku \u0101das izskatu.<\/p>\n<p data-start=\"884\" data-end=\"937\"><strong data-start=\"884\" data-end=\"937\">Kas iek\u013cauts Post-Treatment Essentials komplekt\u0101:<\/strong><\/p>\n<ul data-start=\"939\" data-end=\"1090\">\n<li data-section-id=\"1ob6g2r\" data-start=\"939\" data-end=\"977\"><strong data-start=\"941\" data-end=\"975\">IMAGE MD Gentle Cleansing Balm<\/strong><\/li>\n<li data-section-id=\"xfqvvr\" data-start=\"978\" data-end=\"1023\"><strong data-start=\"980\" data-end=\"1021\">IMAGE MD Barrier Repair Recovery Balm<\/strong><\/li>\n<li data-section-id=\"1j7p8lq\" data-start=\"1024\" data-end=\"1090\"><strong data-start=\"1026\" data-end=\"1088\">DAILY PREVENTION Pure Mineral Hydrating Moisturizer SPF 30<\/strong><\/li>\n<\/ul>\n<p data-start=\"1092\" data-end=\"1284\"><strong data-start=\"1092\" data-end=\"1136\">Kam piem\u0113rots Post-Treatment Essentials:<\/strong> sausai, jut\u012bgai, kairin\u0101tai un aps\u0101rtumam pak\u013cautai \u0101dai, \u012bpa\u0161i p\u0113c est\u0113tisk\u0101m proced\u016br\u0101m, k\u0101 ar\u012b boj\u0101tas \u0101das barjeras un dehidrat\u0101cijas gad\u012bjum\u0101.<\/p>\n<p data-start=\"1286\" data-end=\"1449\"><strong data-start=\"1286\" data-end=\"1298\">Tilpums:<\/strong> IMAGE MD Gentle Cleansing Balm &#8211; 28 g; IMAGE MD Barrier Repair Recovery Balm &#8211; 16 g; DAILY PREVENTION Pure Mineral Hydrating Moisturizer SPF 30 &#8211; 28 g<\/p>\n","protected":false},"excerpt":{"rendered":"<p data-start=\"4552\" data-end=\"4594\">Komplekts \u0101das atjauno\u0161anai p\u0113c proced\u016br\u0101m<\/p>\n<h2 data-start=\"4596\" data-end=\"4651\"><strong data-start=\"4596\" data-end=\"4651\">\u012apa\u0161\u012bbas Image Skincare &#8211; Post-Treatment Essentials<\/strong><\/h2>\n<p data-start=\"4653\" data-end=\"4832\">\u2714\ufe0f Maigi att\u012bra, neboj\u0101jot barjeru<br data-start=\"4687\" data-end=\"4690\" \/>\u2714\ufe0f Nomierina un samazina aps\u0101rtumu<br data-start=\"4724\" data-end=\"4727\" \/>\u2714\ufe0f Intens\u012bvi mitrina un atjauno<br data-start=\"4758\" data-end=\"4761\" \/>\u2714\ufe0f Atbalsta \u0101du p\u0113c proced\u016br\u0101m<br data-start=\"4791\" data-end=\"4794\" \/>\u2714\ufe0f Nodro\u0161ina ikdienas UV aizsardz\u012bbu<\/p>\n","protected":false},"featured_media":90804,"template":"","meta":[],"pwb-brand":[1134],"product_brand":[],"product_cat":[764,1406,755],"product_tag":[],"giftcard-category":[],"class_list":{"0":"post-90812","1":"product","2":"type-product","3":"status-publish","4":"has-post-thumbnail","6":"pwb-brand-image-skincare","7":"product_cat-davanu-ideja","8":"product_cat-jaunumi","9":"product_cat-komplekts","11":"first","12":"instock","13":"taxable","14":"shipping-taxable","15":"purchasable","16":"product-type-simple"},"acf":[],"brands":[{"id":1134,"name":"Image Skincare","slug":"image-skincare"}],"_links":{"self":[{"href":"https:\/\/skinstudio.ee\/lv\/wp-json\/wp\/v2\/product\/90812","targetHints":{"allow":["GET"]}}],"collection":[{"href":"https:\/\/skinstudio.ee\/lv\/wp-json\/wp\/v2\/product"}],"about":[{"href":"https:\/\/skinstudio.ee\/lv\/wp-json\/wp\/v2\/types\/product"}],"version-history":[{"count":1,"href":"https:\/\/skinstudio.ee\/lv\/wp-json\/wp\/v2\/product\/90812\/revisions"}],"predecessor-version":[{"id":90813,"href":"https:\/\/skinstudio.ee\/lv\/wp-json\/wp\/v2\/product\/90812\/revisions\/90813"}],"wp:featuredmedia":[{"embeddable":true,"href":"https:\/\/skinstudio.ee\/lv\/wp-json\/wp\/v2\/media\/90804"}],"wp:attachment":[{"href":"https:\/\/skinstudio.ee\/lv\/wp-json\/wp\/v2\/media?parent=90812"}],"wp:term":[{"taxonomy":"pwb-brand","embeddable":true,"href":"https:\/\/skinstudio.ee\/lv\/wp-json\/wp\/v2\/pwb-brand?post=90812"},{"taxonomy":"product_brand","embeddable":true,"href":"https:\/\/skinstudio.ee\/lv\/wp-json\/wp\/v2\/product_brand?post=90812"},{"taxonomy":"product_cat","embeddable":true,"href":"https:\/\/skinstudio.ee\/lv\/wp-json\/wp\/v2\/product_cat?post=90812"},{"taxonomy":"product_tag","embeddable":true,"href":"https:\/\/skinstudio.ee\/lv\/wp-json\/wp\/v2\/product_tag?post=90812"},{"taxonomy":"giftcard-category","embeddable":true,"href":"https:\/\/skinstudio.ee\/lv\/wp-json\/wp\/v2\/giftcard-category?post=90812"}],"curies":[{"name":"wp","href":"https:\/\/api.w.org\/{rel}","templated":true}]}}