{"id":91140,"date":"2026-04-16T09:55:58","date_gmt":"2026-04-16T09:55:58","guid":{"rendered":"https:\/\/skinstudio.ee\/?post_type=product&#038;p=91140"},"modified":"2026-04-16T09:59:44","modified_gmt":"2026-04-16T09:59:44","slug":"c-vit-5-set","status":"publish","type":"product","link":"https:\/\/skinstudio.ee\/lv\/catalog\/sesderma-lv\/c-vit-5-set\/","title":{"rendered":"C-VIT 5 Set"},"content":{"rendered":"<p data-start=\"95\" data-end=\"401\"><strong data-start=\"95\" data-end=\"122\">C-VIT 5 Set no Sesderma<\/strong> ir uzlabots antioksidantu kop\u0161anas komplekts, kas pal\u012bdz atjaunot \u0101das mirdzumu, izl\u012bdzin\u0101t toni un uzlabot tekst\u016bru. Divu C vitam\u012bna produktu kombin\u0101cija vienlaikus iedarbojas uz vair\u0101k\u0101m probl\u0113m\u0101m: bl\u0101vs \u0101das tonis, elast\u012bbas zudums, dehidrat\u0101cija un nevienm\u0113r\u012bga \u0101das virsma.<\/p>\n<p data-start=\"403\" data-end=\"716\">C-VIT 5 Liposomal Serum satur piecas C vitam\u012bna formas, nodro\u0161inot daudzpus\u012bgu iedarb\u012bbu: pal\u012bdz izl\u012bdzin\u0101t \u0101das toni, pastiprina dabisko mirdzumu un uzlabo kop\u0113jo \u0101das st\u0101vokli. Formula ir bag\u0101tin\u0101ta ar mitrino\u0161iem un stiprino\u0161iem komponentiem, kas pal\u012bdz uzlabot \u0101das bl\u012bvumu un padara to glud\u0101ku un elast\u012bg\u0101ku.<\/p>\n<p data-start=\"718\" data-end=\"1013\">C-VIT Radiance Glowing Fluid pastiprina rezult\u0101tu, pie\u0161\u0137irot \u0101dai svaigu un koptu izskatu un maigu dabisku mirdzumu. Tas pal\u012bdz uztur\u0113t mitruma l\u012bmeni, vizu\u0101li izl\u012bdzina \u0101du un atbalsta aizsardz\u012bbu pret ikdienas vides ietekmi. Kop\u0101 lietojot, produkti nodro\u0161ina redzam\u0101ku un notur\u012bg\u0101ku rezult\u0101tu.<\/p>\n<p data-start=\"1015\" data-end=\"1037\"><strong data-start=\"1015\" data-end=\"1037\">Galven\u0101 iedarb\u012bba:<\/strong><\/p>\n<ul data-start=\"1038\" data-end=\"1305\">\n<li data-section-id=\"qc4n0q\" data-start=\"1038\" data-end=\"1118\"><strong data-start=\"1040\" data-end=\"1063\">5 C vitam\u012bna formas<\/strong> &#8211; pal\u012bdz izl\u012bdzin\u0101t \u0101das toni un pastiprina mirdzumu<\/li>\n<li data-section-id=\"1nyw8di\" data-start=\"1119\" data-end=\"1202\"><strong data-start=\"1121\" data-end=\"1155\">Hialuronsk\u0101be un proteoglik\u0101ni<\/strong> &#8211; nodro\u0161ina dzi\u013cu mitrin\u0101\u0161anu un glud\u0101ku \u0101du<\/li>\n<li data-section-id=\"113jv2t\" data-start=\"1203\" data-end=\"1305\"><strong data-start=\"1205\" data-end=\"1243\">Antioksidantu komplekss un pept\u012bdi<\/strong> &#8211; pal\u012bdz uzlabot \u0101das elast\u012bbu un atbalsta aizsargfunkcijas<\/li>\n<\/ul>\n<p data-start=\"1307\" data-end=\"1481\"><strong data-start=\"1307\" data-end=\"1337\">K\u043e\u043c\u0443 \u043f\u043e\u0434\u0445\u043e\u0434\u0438\u0442 C-VIT 5 Set:<\/strong> visiem \u0101das tipiem, tostarp kombin\u0113tai un taukainai \u0101dai, \u012bpa\u0161i pie bl\u0101va to\u0146a, noguruma paz\u012bm\u0113m, nevienm\u0113r\u012bgas tekst\u016bras un elast\u012bbas zuduma<\/p>\n<p data-start=\"1483\" data-end=\"1564\"><strong data-start=\"1483\" data-end=\"1495\">Tilpums:<\/strong> C-VIT 5 Liposomal Serum 30 ml + C-VIT Radiance Glowing Fluid 10 ml<\/p>\n","protected":false},"excerpt":{"rendered":"<p data-start=\"3922\" data-end=\"3951\">Mirdzuma kop\u0161anas komplekts<\/p>\n<h2 data-start=\"3953\" data-end=\"4183\"><strong data-start=\"3953\" data-end=\"3988\">\u012apa\u0161\u012bbas Sesderma &#8211; C-VIT 5 Set<\/strong><\/h2>\n<p data-start=\"3953\" data-end=\"4183\">\u2714\ufe0f Pastiprina \u0101das dabisko mirdzumu<br data-start=\"4024\" data-end=\"4027\" \/>\u2714\ufe0f Pal\u012bdz izl\u012bdzin\u0101t \u0101das toni<br data-start=\"4057\" data-end=\"4060\" \/>\u2714\ufe0f Uzlabo \u0101das gludumu un tekst\u016bru<br data-start=\"4094\" data-end=\"4097\" \/>\u2714\ufe0f Nodro\u0161ina dzi\u013cu mitrin\u0101\u0161anu<br data-start=\"4127\" data-end=\"4130\" \/>\u2714\ufe0f Atbalsta \u0101das aizsardz\u012bbu pret \u0101r\u0113jiem faktoriem<\/p>\n","protected":false},"featured_media":91132,"template":"","meta":[],"pwb-brand":[1262],"product_brand":[],"product_cat":[764,755],"product_tag":[],"giftcard-category":[],"class_list":{"0":"post-91140","1":"product","2":"type-product","3":"status-publish","4":"has-post-thumbnail","6":"pwb-brand-sesderma-lv","7":"product_cat-davanu-ideja","8":"product_cat-komplekts","10":"first","11":"instock","12":"sale","13":"taxable","14":"shipping-taxable","15":"purchasable","16":"product-type-simple"},"acf":[],"brands":[{"id":1262,"name":"Sesderma","slug":"sesderma-lv"}],"_links":{"self":[{"href":"https:\/\/skinstudio.ee\/lv\/wp-json\/wp\/v2\/product\/91140","targetHints":{"allow":["GET"]}}],"collection":[{"href":"https:\/\/skinstudio.ee\/lv\/wp-json\/wp\/v2\/product"}],"about":[{"href":"https:\/\/skinstudio.ee\/lv\/wp-json\/wp\/v2\/types\/product"}],"version-history":[{"count":1,"href":"https:\/\/skinstudio.ee\/lv\/wp-json\/wp\/v2\/product\/91140\/revisions"}],"predecessor-version":[{"id":91141,"href":"https:\/\/skinstudio.ee\/lv\/wp-json\/wp\/v2\/product\/91140\/revisions\/91141"}],"wp:featuredmedia":[{"embeddable":true,"href":"https:\/\/skinstudio.ee\/lv\/wp-json\/wp\/v2\/media\/91132"}],"wp:attachment":[{"href":"https:\/\/skinstudio.ee\/lv\/wp-json\/wp\/v2\/media?parent=91140"}],"wp:term":[{"taxonomy":"pwb-brand","embeddable":true,"href":"https:\/\/skinstudio.ee\/lv\/wp-json\/wp\/v2\/pwb-brand?post=91140"},{"taxonomy":"product_brand","embeddable":true,"href":"https:\/\/skinstudio.ee\/lv\/wp-json\/wp\/v2\/product_brand?post=91140"},{"taxonomy":"product_cat","embeddable":true,"href":"https:\/\/skinstudio.ee\/lv\/wp-json\/wp\/v2\/product_cat?post=91140"},{"taxonomy":"product_tag","embeddable":true,"href":"https:\/\/skinstudio.ee\/lv\/wp-json\/wp\/v2\/product_tag?post=91140"},{"taxonomy":"giftcard-category","embeddable":true,"href":"https:\/\/skinstudio.ee\/lv\/wp-json\/wp\/v2\/giftcard-category?post=91140"}],"curies":[{"name":"wp","href":"https:\/\/api.w.org\/{rel}","templated":true}]}}