{"id":92862,"date":"2026-04-24T09:27:29","date_gmt":"2026-04-24T09:27:29","guid":{"rendered":"https:\/\/skinstudio.ee\/?post_type=product&#038;p=92862"},"modified":"2026-04-24T09:32:51","modified_gmt":"2026-04-24T09:32:51","slug":"wow-mask","status":"publish","type":"product","link":"https:\/\/skinstudio.ee\/lv\/catalog\/hyalual\/wow-mask\/","title":{"rendered":"WOW Mask"},"content":{"rendered":"<p data-start=\"161\" data-end=\"514\"><strong>WOW Mask no Hyalual<\/strong> ir atjaunojo\u0161a sejas maska ar liftinga efektu, kas paredz\u0113ta \u0101trai \u0101das izskata uzlabo\u0161anai, elast\u012bbas palielin\u0101\u0161anai un tekst\u016bras izl\u012bdzin\u0101\u0161anai. Formula iedarbojas uz dehidrat\u0101cijas paz\u012bm\u0113m, samazin\u0101tu tonusu un nevienm\u0113r\u012bgu \u0101das tekst\u016bru, pal\u012bdzot \u0101dai izskat\u012bties glud\u0101kai, svaig\u0101kai un kopt\u0101kai jau p\u0113c pirm\u0101s lieto\u0161anas reizes.<\/p>\n<p data-start=\"516\" data-end=\"773\">Maskas g\u0113lveida tekst\u016bra aktiviz\u0113jas saskar\u0113 ar \u0101das temperat\u016bru, nodro\u0161inot efekt\u012bvu akt\u012bvo vielu izdal\u012b\u0161anos un cie\u0161u piegul\u0161anu \u0101dai. P\u0113c lieto\u0161anas \u0101da izskat\u0101s vair\u0101k mitrin\u0101ta, maig\u0101ka un vizu\u0101li tvirt\u0101ka, ar vienm\u0113r\u012bg\u0101ku toni un maz\u0101k redzam\u0101m por\u0101m.<\/p>\n<p data-start=\"775\" data-end=\"807\"><strong data-start=\"775\" data-end=\"807\">Akt\u012bvo komponentu iedarb\u012bba:<\/strong><\/p>\n<p data-start=\"809\" data-end=\"918\"><strong data-start=\"809\" data-end=\"826\">Hialuronsk\u0101be<\/strong> &#8211; nodro\u0161ina intens\u012bvu mitrin\u0101\u0161anu, pal\u012bdz uztur\u0113t \u0101das mitruma l\u012bmeni un uzlabo elast\u012bbu.<\/p>\n<p data-start=\"920\" data-end=\"1012\"><strong data-start=\"920\" data-end=\"944\">Argireline (pept\u012bds)<\/strong> &#8211; pal\u012bdz samazin\u0101t m\u012bmikas grumbu redzam\u012bbu, padarot \u0101du glud\u0101ku.<\/p>\n<p data-start=\"1014\" data-end=\"1160\"><strong data-start=\"1014\" data-end=\"1052\">Portulakas ekstrakts un bisabolols<\/strong> &#8211; nodro\u0161ina nomierino\u0161u un antioksidantu iedarb\u012bbu, pal\u012bdz mazin\u0101t kairin\u0101jumu un atjaunot \u0101das komfortu.<\/p>\n<p data-start=\"1162\" data-end=\"1325\"><strong data-start=\"1162\" data-end=\"1199\">Kam piem\u0113rots Hyalual &#8211; WOW Mask:<\/strong> visiem \u0101das tipiem, \u012bpa\u0161i dehidrat\u0113tai \u0101dai, ar samazin\u0101tu elast\u012bbu, nevienm\u0113r\u012bgu tekst\u016bru, papla\u0161in\u0101t\u0101m por\u0101m un bl\u0101vu toni.<\/p>\n<p data-start=\"1327\" data-end=\"1346\"><strong data-start=\"1327\" data-end=\"1346\">Tilpums: 1 gab.<\/strong><\/p>\n","protected":false},"excerpt":{"rendered":"<p data-start=\"1529\" data-end=\"1553\">Atjaunojo\u0161a lok\u0161\u0146u maska<\/p>\n<h2 data-start=\"1555\" data-end=\"1586\"><strong data-start=\"1555\" data-end=\"1586\">\u012apa\u0161\u012bbas Hyalual &#8211; WOW Mask<\/strong><\/h2>\n<p data-start=\"1588\" data-end=\"1783\">\u2714\ufe0f Nodro\u0161ina redzamu liftinga efektu<br data-start=\"1624\" data-end=\"1627\" \/>\u2714\ufe0f Pal\u012bdz izl\u012bdzin\u0101t grumbu izskatu<br data-start=\"1662\" data-end=\"1665\" \/>\u2714\ufe0f Samazina poru un nel\u012bdzenumu redzam\u012bbu<br data-start=\"1706\" data-end=\"1709\" \/>\u2714\ufe0f Intens\u012bvi mitrina un m\u012bkstina \u0101du<br data-start=\"1745\" data-end=\"1748\" \/>\u2714\ufe0f Uzlabo \u0101das elast\u012bbu un tonusu<\/p>\n","protected":false},"featured_media":92849,"template":"","meta":[],"pwb-brand":[1436],"product_brand":[],"product_cat":[1406,725,737,749],"product_tag":[],"giftcard-category":[],"class_list":{"0":"post-92862","1":"product","2":"type-product","3":"status-publish","4":"has-post-thumbnail","6":"pwb-brand-hyalual","7":"product_cat-jaunumi","8":"product_cat-maskas","9":"product_cat-mitrinasana","10":"product_cat-novecojosa-ada","12":"first","13":"instock","14":"taxable","15":"shipping-taxable","16":"purchasable","17":"product-type-simple"},"acf":[],"brands":[{"id":1436,"name":"Hyalual","slug":"hyalual"}],"_links":{"self":[{"href":"https:\/\/skinstudio.ee\/lv\/wp-json\/wp\/v2\/product\/92862","targetHints":{"allow":["GET"]}}],"collection":[{"href":"https:\/\/skinstudio.ee\/lv\/wp-json\/wp\/v2\/product"}],"about":[{"href":"https:\/\/skinstudio.ee\/lv\/wp-json\/wp\/v2\/types\/product"}],"version-history":[{"count":2,"href":"https:\/\/skinstudio.ee\/lv\/wp-json\/wp\/v2\/product\/92862\/revisions"}],"predecessor-version":[{"id":92865,"href":"https:\/\/skinstudio.ee\/lv\/wp-json\/wp\/v2\/product\/92862\/revisions\/92865"}],"wp:featuredmedia":[{"embeddable":true,"href":"https:\/\/skinstudio.ee\/lv\/wp-json\/wp\/v2\/media\/92849"}],"wp:attachment":[{"href":"https:\/\/skinstudio.ee\/lv\/wp-json\/wp\/v2\/media?parent=92862"}],"wp:term":[{"taxonomy":"pwb-brand","embeddable":true,"href":"https:\/\/skinstudio.ee\/lv\/wp-json\/wp\/v2\/pwb-brand?post=92862"},{"taxonomy":"product_brand","embeddable":true,"href":"https:\/\/skinstudio.ee\/lv\/wp-json\/wp\/v2\/product_brand?post=92862"},{"taxonomy":"product_cat","embeddable":true,"href":"https:\/\/skinstudio.ee\/lv\/wp-json\/wp\/v2\/product_cat?post=92862"},{"taxonomy":"product_tag","embeddable":true,"href":"https:\/\/skinstudio.ee\/lv\/wp-json\/wp\/v2\/product_tag?post=92862"},{"taxonomy":"giftcard-category","embeddable":true,"href":"https:\/\/skinstudio.ee\/lv\/wp-json\/wp\/v2\/giftcard-category?post=92862"}],"curies":[{"name":"wp","href":"https:\/\/api.w.org\/{rel}","templated":true}]}}