{"id":92885,"date":"2026-04-24T09:53:22","date_gmt":"2026-04-24T09:53:22","guid":{"rendered":"https:\/\/skinstudio.ee\/?post_type=product&#038;p=92885"},"modified":"2026-04-24T09:57:29","modified_gmt":"2026-04-24T09:57:29","slug":"daily-delux-spray","status":"publish","type":"product","link":"https:\/\/skinstudio.ee\/lv\/catalog\/hyalual\/daily-delux-spray\/","title":{"rendered":"Daily Delux Spray"},"content":{"rendered":"<p data-start=\"139\" data-end=\"493\"><strong>Daily Delux Spray no Hyalual<\/strong> ir pretnoveco\u0161an\u0101s sejas sprejs, kas paredz\u0113ts \u0101das izskata uzlabo\u0161anai, mitrin\u0101\u0161anas l\u012bme\u0146a paaugstin\u0101\u0161anai un turpm\u0101k\u0101s \u0101das kop\u0161anas efektivit\u0101tes pastiprin\u0101\u0161anai. Formula iedarbojas uz dehidrat\u0101cijas paz\u012bm\u0113m, bl\u0101vu \u0101das toni, nevienm\u0113r\u012bgu tekst\u016bru un noguru\u0161as \u0101das izskatu, pal\u012bdzot atjaunot svaig\u0101ku un kopt\u0101ku izskatu.<\/p>\n<p data-start=\"495\" data-end=\"837\">Viegl\u0101 spreja tekst\u016bra vienm\u0113r\u012bgi izklied\u0113jas uz \u0101das, nodro\u0161inot t\u016bl\u012bt\u0113ju komforta un mitrin\u0101\u0161anas saj\u016btu. Uzkl\u0101jot uz att\u012br\u012btas \u0101das, tas nodro\u0161ina toniz\u0113jo\u0161u efektu, pal\u012bdz uzlabot kop\u0113jo \u0101das izskatu un sagatavo to turpm\u0101kai kop\u0161anai. Spreja lieto\u0161ana p\u0113c kr\u0113ma, seruma vai flu\u012bda pal\u012bdz pastiprin\u0101t to iedarb\u012bbu un uzlabot to uzs\u016bk\u0161anos.<\/p>\n<p data-start=\"839\" data-end=\"871\"><strong data-start=\"839\" data-end=\"871\">Akt\u012bvo komponentu iedarb\u012bba:<\/strong><\/p>\n<p data-start=\"873\" data-end=\"985\"><strong data-start=\"873\" data-end=\"890\">Hialuronsk\u0101be<\/strong> &#8211; nodro\u0161ina intens\u012bvu mitrin\u0101\u0161anu, pal\u012bdz uztur\u0113t \u0101das mitruma l\u012bdzsvaru un uzlabo elast\u012bbu.<\/p>\n<p data-start=\"987\" data-end=\"1096\"><strong data-start=\"987\" data-end=\"1022\">Dzintarsk\u0101be (Sodium Succinate)<\/strong> &#8211; nodro\u0161ina antioksidantu iedarb\u012bbu un pal\u012bdz uzlabot mikrocirkul\u0101ciju.<\/p>\n<p data-start=\"1098\" data-end=\"1168\"><strong data-start=\"1098\" data-end=\"1107\">\u016adens<\/strong> &#8211; pal\u012bdz atjaunot mitruma l\u012bmeni un uztur\u0113t \u0101das komfortu.<\/p>\n<p data-start=\"1170\" data-end=\"1326\"><strong data-start=\"1170\" data-end=\"1216\">Kam piem\u0113rots Hyalual &#8211; Daily Delux Spray:<\/strong> visiem \u0101das tipiem, \u012bpa\u0161i dehidrat\u0113tai \u0101dai, ar bl\u0101vu toni, noguruma paz\u012bm\u0113m, sausumu un samazin\u0101tu elast\u012bbu.<\/p>\n<p data-start=\"1328\" data-end=\"1355\"><strong data-start=\"1328\" data-end=\"1355\">Tilpums: 50 ml \/ 150 ml<\/strong><\/p>\n","protected":false},"excerpt":{"rendered":"<p data-start=\"1535\" data-end=\"1567\">Pretnoveco\u0161an\u0101s mitrino\u0161s sprejs<\/p>\n<h2 data-start=\"1569\" data-end=\"1609\"><strong data-start=\"1569\" data-end=\"1609\">\u012apa\u0161\u012bbas Hyalual &#8211; Daily Delux Spray<\/strong><\/h2>\n<p data-start=\"1611\" data-end=\"1819\">\u2714\ufe0f Intens\u012bvi mitrina un atsvaidzina \u0101du<br data-start=\"1650\" data-end=\"1653\" \/>\u2714\ufe0f Pal\u012bdz uzlabot \u0101das toni un tekst\u016bru<br data-start=\"1692\" data-end=\"1695\" \/>\u2714\ufe0f Atbalsta \u0101das elast\u012bbu un tonusu<br data-start=\"1730\" data-end=\"1733\" \/>\u2714\ufe0f Pastiprina kop\u0161anas l\u012bdzek\u013cu iedarb\u012bbu<br data-start=\"1774\" data-end=\"1777\" \/>\u2714\ufe0f Pal\u012bdz mazin\u0101t noguru\u0161as \u0101das paz\u012bmes<\/p>\n","protected":false},"featured_media":92874,"template":"","meta":[],"pwb-brand":[1436],"product_brand":[],"product_cat":[1406,737,721],"product_tag":[],"giftcard-category":[],"class_list":{"0":"post-92885","1":"product","2":"type-product","3":"status-publish","4":"has-post-thumbnail","6":"pwb-brand-hyalual","7":"product_cat-jaunumi","8":"product_cat-mitrinasana","9":"product_cat-toniki-lv","10":"pa_suurus-150ml-lv","11":"pa_suurus-50ml-lv","13":"first","14":"instock","15":"taxable","16":"shipping-taxable","17":"purchasable","18":"product-type-variable"},"acf":[],"brands":[{"id":1436,"name":"Hyalual","slug":"hyalual"}],"_links":{"self":[{"href":"https:\/\/skinstudio.ee\/lv\/wp-json\/wp\/v2\/product\/92885","targetHints":{"allow":["GET"]}}],"collection":[{"href":"https:\/\/skinstudio.ee\/lv\/wp-json\/wp\/v2\/product"}],"about":[{"href":"https:\/\/skinstudio.ee\/lv\/wp-json\/wp\/v2\/types\/product"}],"version-history":[{"count":1,"href":"https:\/\/skinstudio.ee\/lv\/wp-json\/wp\/v2\/product\/92885\/revisions"}],"predecessor-version":[{"id":92888,"href":"https:\/\/skinstudio.ee\/lv\/wp-json\/wp\/v2\/product\/92885\/revisions\/92888"}],"wp:featuredmedia":[{"embeddable":true,"href":"https:\/\/skinstudio.ee\/lv\/wp-json\/wp\/v2\/media\/92874"}],"wp:attachment":[{"href":"https:\/\/skinstudio.ee\/lv\/wp-json\/wp\/v2\/media?parent=92885"}],"wp:term":[{"taxonomy":"pwb-brand","embeddable":true,"href":"https:\/\/skinstudio.ee\/lv\/wp-json\/wp\/v2\/pwb-brand?post=92885"},{"taxonomy":"product_brand","embeddable":true,"href":"https:\/\/skinstudio.ee\/lv\/wp-json\/wp\/v2\/product_brand?post=92885"},{"taxonomy":"product_cat","embeddable":true,"href":"https:\/\/skinstudio.ee\/lv\/wp-json\/wp\/v2\/product_cat?post=92885"},{"taxonomy":"product_tag","embeddable":true,"href":"https:\/\/skinstudio.ee\/lv\/wp-json\/wp\/v2\/product_tag?post=92885"},{"taxonomy":"giftcard-category","embeddable":true,"href":"https:\/\/skinstudio.ee\/lv\/wp-json\/wp\/v2\/giftcard-category?post=92885"}],"curies":[{"name":"wp","href":"https:\/\/api.w.org\/{rel}","templated":true}]}}