{"id":59,"date":"2022-11-12T13:42:25","date_gmt":"2022-11-12T13:42:25","guid":{"rendered":"https:\/\/dev.skinstudio.ee\/checkout\/"},"modified":"2026-03-06T11:40:22","modified_gmt":"2026-03-06T11:40:22","slug":"kassa","status":"publish","type":"page","link":"https:\/\/skinstudio.ee\/ru\/kassa\/","title":{"rendered":"\u041e\u0444\u043e\u0440\u043c\u043b\u0435\u043d\u0438\u0435 \u0437\u0430\u043a\u0430\u0437\u0430"},"content":{"rendered":"\t\t<div data-elementor-type=\"wp-page\" data-elementor-id=\"59\" class=\"elementor elementor-59\" data-elementor-post-type=\"page\">\n\t\t\t\t\t\t<section class=\"elementor-section elementor-top-section elementor-element elementor-element-22c952d elementor-section-boxed elementor-section-height-default elementor-section-height-default\" data-id=\"22c952d\" data-element_type=\"section\" data-e-type=\"section\">\n\t\t\t\t\t\t<div class=\"elementor-container elementor-column-gap-default\">\n\t\t\t\t\t<div class=\"elementor-column elementor-col-100 elementor-top-column elementor-element elementor-element-32b535b\" data-id=\"32b535b\" data-element_type=\"column\" data-e-type=\"column\">\n\t\t\t<div class=\"elementor-widget-wrap elementor-element-populated\">\n\t\t\t\t\t\t<div class=\"elementor-element elementor-element-d79328e elementor-widget elementor-widget-shortcode\" data-id=\"d79328e\" data-element_type=\"widget\" data-e-type=\"widget\" data-widget_type=\"shortcode.default\">\n\t\t\t\t\t\t\t<div class=\"elementor-shortcode\">    <style>\n        #fsb-1 {\n            --fsb-bar:   #1631B0;\n            --fsb-track: #d0d9f0;\n            --fsb-text:  #1a1a1a;\n        }\n    <\/style>\n\n    <div id=\"fsb-1\"\n         class=\"fsb-wrapper\"\n         role=\"status\"\n         aria-live=\"polite\"\n         data-msg-progress=\"\u0414\u043e \u0431\u0435\u0441\u043f\u043b\u0430\u0442\u043d\u043e\u0439 \u0434\u043e\u0441\u0442\u0430\u0432\u043a\u0438 \u043e\u0441\u0442\u0430\u043b\u043e\u0441\u044c &lt;strong&gt;{amount}&lt;\/strong&gt;\" data-msg-reached=\"\ud83c\udf89 \u041f\u043e\u0437\u0434\u0440\u0430\u0432\u043b\u044f\u0435\u043c! \u0412\u044b \u043f\u043e\u043b\u0443\u0447\u0438\u043b\u0438 &lt;strong&gt;\u0431\u0435\u0441\u043f\u043b\u0430\u0442\u043d\u0443\u044e \u0434\u043e\u0441\u0442\u0430\u0432\u043a\u0443&lt;\/strong&gt;!\" data-msg-no-shipping=\"\ud83d\udce6 \u0414\u043b\u044f \u0432\u0430\u0448\u0435\u0439 \u0441\u0442\u0440\u0430\u043d\u044b \u0431\u0435\u0441\u043f\u043b\u0430\u0442\u043d\u0430\u044f \u0434\u043e\u0441\u0442\u0430\u0432\u043a\u0430 \u043d\u0435\u0434\u043e\u0441\u0442\u0443\u043f\u043d\u0430\" data-show-icon=\"yes\"    >\n        <span class=\"fsb__icon\" aria-hidden=\"true\">\ud83d\ude9a<\/span>\n        <div class=\"fsb__message\">\n            \u0414\u043e \u0431\u0435\u0441\u043f\u043b\u0430\u0442\u043d\u043e\u0439 \u0434\u043e\u0441\u0442\u0430\u0432\u043a\u0438 \u043e\u0441\u0442\u0430\u043b\u043e\u0441\u044c <strong><span class=\"woocommerce-Price-amount amount\">59,00&nbsp;<span class=\"woocommerce-Price-currencySymbol\">&euro;<\/span><\/span><\/strong>        <\/div>\n\n        <div class=\"fsb__track\" aria-hidden=\"true\">\n            <div class=\"fsb__fill fsb__fill--animated\"\n                 style=\"width: 0%;\"\n            ><\/div>\n                            <span class=\"fsb__percent\">0%<\/span>\n                    <\/div>\n    <\/div>\n    <\/div>\n\t\t\t\t\t\t<\/div>\n\t\t\t\t\t<\/div>\n\t\t<\/div>\n\t\t\t\t\t<\/div>\n\t\t<\/section>\n\t\t\t\t<section class=\"elementor-section elementor-top-section elementor-element elementor-element-28efc27 elementor-section-boxed elementor-section-height-default elementor-section-height-default\" data-id=\"28efc27\" data-element_type=\"section\" data-e-type=\"section\">\n\t\t\t\t\t\t<div class=\"elementor-container elementor-column-gap-default\">\n\t\t\t\t\t<div class=\"elementor-column elementor-col-100 elementor-top-column elementor-element elementor-element-43c0109\" data-id=\"43c0109\" data-element_type=\"column\" data-e-type=\"column\">\n\t\t\t<div class=\"elementor-widget-wrap elementor-element-populated\">\n\t\t\t\t\t\t<div class=\"elementor-element elementor-element-c9939b1 wpr-checkout-horizontal elementor-widget elementor-widget-wpr-page-checkout\" data-id=\"c9939b1\" data-element_type=\"widget\" data-e-type=\"widget\" data-widget_type=\"wpr-page-checkout.default\">\n\t\t\t\t\t<div class=\"woocommerce\"><div class=\"woocommerce-notices-wrapper\"><\/div><\/div>\t\t\t\t<\/div>\n\t\t\t\t\t<\/div>\n\t\t<\/div>\n\t\t\t\t\t<\/div>\n\t\t<\/section>\n\t\t\t\t<\/div>\n\t\t","protected":false},"excerpt":{"rendered":"<p>On sul kupong? Kliki siia, et sisestada oma kood Kupong: Rakenda kupongi Sain kingitusekrediidi kallimalt? Kasuta seda siin! Sisesta kingitusekrediidi kood j\u00e4rgnevasse lahtrisse Rakenda kingitusekrediit Arvelduse andmed Eesnimi&nbsp;* Perekonnanimi&nbsp;* Ettev\u00f5tte nimi&nbsp;(valikuline) Riik \/ piirkond&nbsp;*Vali riik \/ piirkond&hellip;AustraaliaAustriaAserbaid\u017eaan\u00c5land IslandsAndorraArmeeniaBangladeshBelgiaBulgaaria\u00dchendkuningriik (UK)UngariVietnamSaksamaaKreekaGruusiaTaaniIisraelIndiaIirimaaIslandHispaaniaItaaliaKasahstanKambod\u017eaKanadaKatarK\u00fcprosHiinaL\u00e4tiLeeduLiechtensteinLuksemburgMalaisiaMaldiividMaltaMonacoHollandUus-MeremaaNorraAraabia \u00dchendemiraadidPakistanPoolaPortugalVenemaaRumeeniaSan MarinoSingapurSlovakkiaSloveeniaTad\u017eikistanTaiwanTai\u0422\u0443\u0440\u0446\u0438\u044fFilipiinidSoomePrantsusmaaHorvaatiaT\u0161ehhi Vabariik\u0160veitsRootsiSri LankaEestiL\u00f5una-KoreaJaapanUuenda riiki \/ piirkonda T\u00e4nav ja majanumber&nbsp;(valikuline) Apartment, suite, unit, etc.&nbsp;(valikuline) Sihtnumber&nbsp;(valikuline) Linn\/Alev\/K\u00fcla&nbsp;(valikuline) Maakond&nbsp;(valikuline) Telefon&nbsp;* E-posti aadress&nbsp;* Saada teisele aadressile? Eesnimi&nbsp;* Perekonnanimi&nbsp;* Ettev\u00f5tte nimi&nbsp;(valikuline) Riik \/ piirkond&nbsp;*Vali riik \/ piirkond&hellip;AustraaliaAustriaAserbaid\u017eaan\u00c5land IslandsAndorraArmeeniaBangladeshBelgiaBulgaaria\u00dchendkuningriik (UK)UngariVietnamSaksamaaKreekaGruusiaTaaniIisraelIndiaIirimaaIslandHispaaniaItaaliaKasahstanKambod\u017eaKanadaKatarK\u00fcprosHiinaL\u00e4tiLeeduLiechtensteinLuksemburgMalaisiaMaldiividMaltaMonacoHollandUus-MeremaaNorraAraabia \u00dchendemiraadidPakistanPoolaPortugalVenemaaRumeeniaSan MarinoSingapurSlovakkiaSloveeniaTad\u017eikistanTaiwanTai\u0422\u0443\u0440\u0446\u0438\u044fFilipiinidSoomePrantsusmaaHorvaatiaT\u0161ehhi Vabariik\u0160veitsRootsiSri LankaEestiL\u00f5una-KoreaJaapanUuenda riiki \/ piirkonda T\u00e4nav ja majanumber&nbsp;(valikuline) Apartment, suite, unit, etc.&nbsp;(valikuline) Sihtnumber&nbsp;(valikuline) Linn\/Alev\/K\u00fcla&nbsp;(valikuline) Maakond&nbsp;(valikuline) M\u00e4rkused tellimuse kohta&nbsp;(valikuline) Sinu tellimus Toode Vahesumma Just Kissed\u00ae Lip &amp; Cheek Stain &#8212; 05 FOREVER PINK&nbsp;&nbsp; &times;&nbsp;1 31,68&nbsp;&euro; Vahesumma 31,68&nbsp;&euro; Saadetis Smartposti Pakiautomaat: 2,41&nbsp;&euro; Smartposti Kullerteenus: 5,90&nbsp;&euro; Raua 28, SKINSTUDIO Venipak: 2,08&nbsp;&euro; Venipak Kuller: 4,45&nbsp;&euro; Omniva pakiautomaat: 3,45&nbsp;&euro; Kokku 34,09&nbsp;&euro; (sisaldab 6,13&nbsp;&euro; VAT) Online payment Tasu 3-s v\u00f5rdses osas, ilma \u00fchegi lisatasuta! ESTO 3-osaline makseviis v\u00f5imaldab tasuda 3 kuu jooksul, 3 v\u00f5rdse maksena, ilma \u00fchegi lisakuluta. Igakuine kuumakse kujuneb ostukorvi maksumuse jagamisel 3 v\u00f5rdseks osaks. Esimene kuumakse alati j\u00e4rgmise kuu 15. kuup\u00e4eval. Puudub intress. Puuduvad lisakulud. Alati on v\u00f5imalus tasuda ennet\u00e4htaegselt ilma \u00fchegi kuluta. Makseviisi pakub ja haldab ESTO AS. Osta kohe, maksa hiljem! Kinnita tellimus kohe ja ESTO annab sulle 30 p\u00e4eva lisaaega maksmiseks. Saa tellimus k\u00e4tte ning maksa vastavalt enda soovile j\u00e4rgneva 30 p\u00e4eva jooksul ilma \u00fchegi lisanduva kuluta! Puudub intress. Puuduvad lisakulud. Makseviisi pakub ja haldab ESTO AS. Kuna sinu brauser ei toeta Javascripti v\u00f5i see on v\u00e4lja l\u00fclitatud, siis palun veendu, et vajutad Uuenda ostukorvi nuppu enne, kui esitad oma tellimuse. Kui sa seda ei tee, siis v\u00f5ib juhtuda, et sinult v\u00f5etakse rohkem raha, kui \u00fclal v\u00e4lja toodud. Uuenda summasid Sinu isikuandmeid t\u00f6\u00f6deldakse tellimuse t\u00e4itmiseks, sinu veebilehe kasutamise kogemuse toetamiseks ja muul viisil, mis on kirjeldatud meie privaatsuspoliitika. Esita tellimus<\/p>\n","protected":false},"author":1,"featured_media":0,"parent":0,"menu_order":0,"comment_status":"closed","ping_status":"closed","template":"elementor_header_footer","meta":{"footnotes":""},"class_list":["post-59","page","type-page","status-publish","hentry"],"acf":[],"_links":{"self":[{"href":"https:\/\/skinstudio.ee\/ru\/wp-json\/wp\/v2\/pages\/59","targetHints":{"allow":["GET"]}}],"collection":[{"href":"https:\/\/skinstudio.ee\/ru\/wp-json\/wp\/v2\/pages"}],"about":[{"href":"https:\/\/skinstudio.ee\/ru\/wp-json\/wp\/v2\/types\/page"}],"author":[{"embeddable":true,"href":"https:\/\/skinstudio.ee\/ru\/wp-json\/wp\/v2\/users\/1"}],"replies":[{"embeddable":true,"href":"https:\/\/skinstudio.ee\/ru\/wp-json\/wp\/v2\/comments?post=59"}],"version-history":[{"count":6,"href":"https:\/\/skinstudio.ee\/ru\/wp-json\/wp\/v2\/pages\/59\/revisions"}],"predecessor-version":[{"id":84741,"href":"https:\/\/skinstudio.ee\/ru\/wp-json\/wp\/v2\/pages\/59\/revisions\/84741"}],"wp:attachment":[{"href":"https:\/\/skinstudio.ee\/ru\/wp-json\/wp\/v2\/media?parent=59"}],"curies":[{"name":"wp","href":"https:\/\/api.w.org\/{rel}","templated":true}]}}