{"id":18339,"date":"2024-03-23T10:56:49","date_gmt":"2024-03-23T10:56:49","guid":{"rendered":"https:\/\/skinstudio.ee\/?post_type=product&#038;p=18339"},"modified":"2025-09-12T09:24:33","modified_gmt":"2025-09-12T09:24:33","slug":"clarifying-foam-travel-size-40ml","status":"publish","type":"product","link":"https:\/\/skinstudio.ee\/ru\/kataloog\/medik8\/clarifying-foam-travel-size-40ml\/","title":{"rendered":"Clarifying Foam\u2122 Travel-size 40ml"},"content":{"rendered":"<p><span style=\"font-weight: 400;\"><strong>Clarifying Foam\u2122<\/strong>\u00a0&#8212;\u00a0s\u00fcgavpuhastav, antibakteriaalne vahutav toode puhastab poorid ja koorib nahka \u00f5rnalt, p\u00f5hjustamata kuivust ega \u00e4rritust.<br \/>\nMandli ja salits\u00fc\u00fclhapete kooriv segu kombineeritakse loodusliku teepuu\u00f5liga, et noorendada ja detoksifitseerida n\u00e4onahka.<br \/>\nNiatsiinamiid rahustab probleemset nahka.<br \/>\nTagab naha looduslike kaitselipiidide tasakaalus p\u00fcsimise ja kahjustusi p\u00f5hjustavate bakterite p\u00e4rssimise.<\/span><\/p>\n<p>&nbsp;<\/p>\n","protected":false},"excerpt":{"rendered":"<p>\u00d5livaba punetusevastane puhastusvahend AHA\/BHA-ga<\/p>\n<h2><strong>MEDIK8 &#8212; Clarifying Foam\u2122 omadused<\/strong><\/h2>\n<p>\u2714\ufe0fKoorib \u00f5rnalt, j\u00e4ttes naha siledaks ja eluj\u00f5ulisemaks<\/p>\n<p><span style=\"text-decoration: underline; color: #0000ff;\"><span style=\"font-weight: 400;\"><span style=\"text-decoration: underline;\"><a style=\"color: #0000ff; text-decoration: underline;\" href=\"https:\/\/skinstudio.ee\/toode\/medik8\/clarifying-foam\/\">Saadaval Clarifying Foam Full-Size 150ml<\/a><\/span><\/span><\/span><\/p>\n","protected":false},"featured_media":18338,"template":"","meta":[],"pwb-brand":[572],"product_brand":[],"product_cat":[107,184,109,187,226],"product_tag":[],"giftcard-category":[],"class_list":{"0":"post-18339","1":"product","2":"type-product","3":"status-publish","4":"has-post-thumbnail","6":"pwb-brand-medik8","7":"product_cat-laienenud-poorid","8":"product_cat-loobed","9":"product_cat-puhastamine","10":"product_cat-rasune-nahk","11":"product_cat-travel-size-et","13":"first","14":"instock","15":"taxable","16":"shipping-taxable","17":"purchasable","18":"product-type-simple"},"acf":[],"brands":[{"id":572,"name":"Medik8","slug":"medik8"}],"_links":{"self":[{"href":"https:\/\/skinstudio.ee\/ru\/wp-json\/wp\/v2\/product\/18339","targetHints":{"allow":["GET"]}}],"collection":[{"href":"https:\/\/skinstudio.ee\/ru\/wp-json\/wp\/v2\/product"}],"about":[{"href":"https:\/\/skinstudio.ee\/ru\/wp-json\/wp\/v2\/types\/product"}],"version-history":[{"count":0,"href":"https:\/\/skinstudio.ee\/ru\/wp-json\/wp\/v2\/product\/18339\/revisions"}],"wp:featuredmedia":[{"embeddable":true,"href":"https:\/\/skinstudio.ee\/ru\/wp-json\/wp\/v2\/media\/18338"}],"wp:attachment":[{"href":"https:\/\/skinstudio.ee\/ru\/wp-json\/wp\/v2\/media?parent=18339"}],"wp:term":[{"taxonomy":"pwb-brand","embeddable":true,"href":"https:\/\/skinstudio.ee\/ru\/wp-json\/wp\/v2\/pwb-brand?post=18339"},{"taxonomy":"product_brand","embeddable":true,"href":"https:\/\/skinstudio.ee\/ru\/wp-json\/wp\/v2\/product_brand?post=18339"},{"taxonomy":"product_cat","embeddable":true,"href":"https:\/\/skinstudio.ee\/ru\/wp-json\/wp\/v2\/product_cat?post=18339"},{"taxonomy":"product_tag","embeddable":true,"href":"https:\/\/skinstudio.ee\/ru\/wp-json\/wp\/v2\/product_tag?post=18339"},{"taxonomy":"giftcard-category","embeddable":true,"href":"https:\/\/skinstudio.ee\/ru\/wp-json\/wp\/v2\/giftcard-category?post=18339"}],"curies":[{"name":"wp","href":"https:\/\/api.w.org\/{rel}","templated":true}]}}